{"id":98,"date":"2009-01-13T17:53:36","date_gmt":"2009-01-13T16:53:36","guid":{"rendered":"http:\/\/beta.asoc-fulbright.es\/?page_id=98"},"modified":"2020-10-19T16:43:47","modified_gmt":"2020-10-19T15:43:47","slug":"encuentro-en-albarracin-1999","status":"publish","type":"page","link":"https:\/\/asoc-fulbright.es\/?page_id=98","title":{"rendered":"Encuentro en Albarrac\u00edn 1999"},"content":{"rendered":"<div class=\"plain\">\n<h2>IX Encuentro Nacional de la Asociaci\u00f3n J. William Fulbright<\/h2>\n<p>Encuentro Nacional de la Asociaci\u00f3n celebrado en Albarrac\u00edn (Teruel) los d\u00edas 18, 19, 20 y 21 de Marzo de 1999<\/p>\n<h2>Programa provisional del encuentro<\/h2>\n<ul>\n<li><strong>Dia 18 de Marzo, Jueves<\/strong>\n<ul>\n<li>20:00 horasRecepci\u00f3n en el Palacio de Reuniones y Congresos, informaci\u00f3n y distribuci\u00f3n de alojamientos.<\/li>\n<li>21:30 horasHotel \u00abAlbarrac\u00edn\u00bb (C\/ Azagra, 22), cena y presentaci\u00f3n del Encuentro. Paseo nocturno por el casco hist\u00f3rico de la ciudad.<\/li>\n<\/ul>\n<\/li>\n<li><strong>Dia 19 de Marzo, Viernes<\/strong>\n<ul>\n<li>08:30 a 09:30 horasDesayuno<\/li>\n<li>09:30 a 13:30 horasVisita cultural a la ciudad (museos, catedral, palacio episcopal, murallas) acompa\u00f1ados por D. Antonio Jim\u00e9nez, Director-Gerente de la Fundaci\u00f3n Santa Mar\u00eda de Albarrac\u00edn.<\/li>\n<li>14:00 horasAlmuerzo en una de las Posadas seleccionadas.<\/li>\n<li>19:00 horasPalacio de Reuniones y Congresos de Albarrac\u00edn. Tertulia sobre Albarrac\u00edn con D. Antonio P\u00e9rez, arquitecto, D. Ant\u00f3n Castro, escritor, y D. Pedro Recio, profesor universitario.<\/li>\n<li>21:30 horasCena en \u00abCasa de Santiago\u00bb y en \u00abCasa de Santa Mar\u00eda\u00bb.<\/li>\n<\/ul>\n<\/li>\n<li><strong>Dia 20 de Marzo, Sabado<\/strong>\n<ul>\n<li>08:30 a 09.30 horasDesayuno.<\/li>\n<li>09:45 a 13:30 horasSalida en autob\u00fas hacia Teruel y visita a la ciudad (Teruel mud\u00e9jar, catedral, el Modernismo&#8230;) acompa\u00f1ados por el arquitecto municipal.<\/li>\n<li>14:00 horasAlmuerzo en el Restaurante \u00abMeson \u00d3valo\u00bb, en Teruel.<\/li>\n<li>16:00 horasSalida hacia Bezas y visita al Espacio Protegido delR\u00f3deno, recientemente declarado Patrimonio de la Humanidad, acompa\u00f1ados por D. Octavio Collado, Alcalde de Albarrac\u00edn.<\/li>\n<li>20:00 horasConcierto del Grupo de Metales de la Orquesta Sinf\u00f3nica de RTVE, ofrecido por la Fundaci\u00f3n Santa Mar\u00eda de Albarrac\u00edn, en el Palacio de Reuniones y Congresos.<\/li>\n<li>22:00 horasCena en el restaurante \u00abRinc\u00f3n del Chorro\u00bb.<\/li>\n<\/ul>\n<\/li>\n<li><strong>Dia 21 de Marzo, Domingo<\/strong>\n<ul>\n<li>08:30 a 10:00 horasDesayuno y recogida de equipajes.<\/li>\n<li>10:15 horasSalida en autob\u00fas hacia la Sierra de Albarrac\u00edn. Siguiendo el curso del r\u00edo Guadalaviar, se realizar\u00e1 la ruta de Tramacastilla, Villar del Cobo, Griegos y Orihuela del Tremedal. Acompa\u00f1ados de expertos, aprovecharemos la excursi\u00f3n para conocer mejor la bot\u00e1nica y riqueza paisaj\u00edstica de esta zona del Sistema Ib\u00e9rico.<\/li>\n<li>14:00 horasAlmuerzo en el restaurante \u00abLos Pinares\u00bb de Orihuela del Tremedal.<\/li>\n<\/ul>\n<\/li>\n<\/ul>\n<h2>M\u00e1s informaci\u00f3n<\/h2>\n<h3>Alojamientos<\/h3>\n<p>Hotel \u00abCasa Santiago\u00bb, Hotel \u00abAlbarrac\u00edn\u00bb, Residencia de Pintores, Residencia \u00abCasa Santa Mar\u00eda\u00bb.<\/p>\n<h3>Precios<\/h3>\n<p>El paquete completo por persona correspondiente a los tres d\u00edas, en habitaci\u00f3n doble, es de 25.500 pta. El correspondiente a dos d\u00edas, para los que se incorporen el d\u00eda 19 por la noche, es de 17.000 pta. Al haberse negociado unos precios globales, muy ventajosos, aquellas estancias o servicios que no se ajusten a las dos modalidades anteriores ser\u00e1n objeto de una tarifa particular de la que Mar\u00eda Jos\u00e9; Fern\u00e1ndez, en la Secretar\u00eda de la Asociaci\u00f3n, os puede dar informaci\u00f3n espec\u00edfica.<\/p>\n<p>Los precios anteriores incluyen todos los gastos (alojamiento, comidas, entradas a museos), excepto los de desplazamientos. Con el fin de facilitar estos desplazamientos, estamos realizando gestiones para disponer de un autob\u00fas. Los interesados en utilizar este servicio, se ruega establezcan contacto con la Secretar\u00eda de la Asociaci\u00f3n.<\/p>\n<h3>Lugar y Fecha l\u00edmite para las reservas<\/h3>\n<p>En la Secretar\u00eda de la Asociaci\u00f3n (Mar\u00eda Jos\u00e9 Fern\u00e1ndez), hasta el 3 de marzo.<\/p>\n<p>Tel.: 91 308 2436, fax: 91 308 5704, E-mail: <span class=\"link-mailto\"><a href=\"mailto:mjfen@ati.es\">mjfen@ati.es<\/a><\/span>. La adjudicaci\u00f3n de plazas de alojamiento se realizar\u00e1 por orden de fechas de petici\u00f3n de la reserva.<\/p>\n<h3>Pagos<\/h3>\n<p>Mediante transferencia bancaria a nombre de \u00abAsociaci\u00f3n J. William Fulbright\u00bb (CCC:0085.0612.76.0000304406, de Banco Santander), indicando la referencia \u00abEncuentro Albarrac\u00edn\u00bb, o mediante cheque nominativo enviado a la Secretar\u00eda de la Asociaci\u00f3n.<\/p>\n<h3>Coordinaci\u00f3n del encuentro<\/h3>\n<p><span class=\"link-mailto\"><a href=\"mailto:Isabel.Menendez.Ros@alumni.ksg.harvard.edu\">Isabel Men\u00e9ndez Ros<\/a><\/span>, <span class=\"link-mailto\"><a href=\"mailto:JL_Llavona@mat.ucm.es\">Jos\u00e9 Luis Gonz\u00e1lez Llavona<\/a><\/span>.<\/p>\n<p>\u00a1Esperamos tu asistencia!<\/p>\n<p><span class=\"link-external\">Albarrac\u00edn<\/span><\/p>\n<\/div>\n","protected":false},"excerpt":{"rendered":"<p>IX Encuentro Nacional de la Asociaci\u00f3n J. William Fulbright Encuentro Nacional de la Asociaci\u00f3n celebrado en Albarrac\u00edn (Teruel) los d\u00edas 18, 19, 20 y 21 de Marzo de 1999 Programa provisional del encuentro Dia 18 de Marzo, Jueves 20:00 horasRecepci\u00f3n en el Palacio de Reuniones y Congresos, informaci\u00f3n y distribuci\u00f3n de alojamientos. 21:30 horasHotel \u00abAlbarrac\u00edn\u00bb [&hellip;]<\/p>\n","protected":false},"author":1,"featured_media":0,"parent":38,"menu_order":0,"comment_status":"open","ping_status":"open","template":"","meta":{"ngg_post_thumbnail":0,"footnotes":""},"class_list":["post-98","page","type-page","status-publish","hentry"],"_links":{"self":[{"href":"https:\/\/asoc-fulbright.es\/index.php?rest_route=\/wp\/v2\/pages\/98","targetHints":{"allow":["GET"]}}],"collection":[{"href":"https:\/\/asoc-fulbright.es\/index.php?rest_route=\/wp\/v2\/pages"}],"about":[{"href":"https:\/\/asoc-fulbright.es\/index.php?rest_route=\/wp\/v2\/types\/page"}],"author":[{"embeddable":true,"href":"https:\/\/asoc-fulbright.es\/index.php?rest_route=\/wp\/v2\/users\/1"}],"replies":[{"embeddable":true,"href":"https:\/\/asoc-fulbright.es\/index.php?rest_route=%2Fwp%2Fv2%2Fcomments&post=98"}],"version-history":[{"count":3,"href":"https:\/\/asoc-fulbright.es\/index.php?rest_route=\/wp\/v2\/pages\/98\/revisions"}],"predecessor-version":[{"id":4793,"href":"https:\/\/asoc-fulbright.es\/index.php?rest_route=\/wp\/v2\/pages\/98\/revisions\/4793"}],"up":[{"embeddable":true,"href":"https:\/\/asoc-fulbright.es\/index.php?rest_route=\/wp\/v2\/pages\/38"}],"wp:attachment":[{"href":"https:\/\/asoc-fulbright.es\/index.php?rest_route=%2Fwp%2Fv2%2Fmedia&parent=98"}],"curies":[{"name":"wp","href":"https:\/\/api.w.org\/{rel}","templated":true}]}}