{"id":957,"date":"2009-06-26T16:17:53","date_gmt":"2009-06-26T15:17:53","guid":{"rendered":"http:\/\/asoc-fulbright.es\/?page_id=957"},"modified":"2009-06-26T16:57:37","modified_gmt":"2009-06-26T15:57:37","slug":"tertulia-fulbright-los-americanos-son-de-pueblo","status":"publish","type":"page","link":"https:\/\/asoc-fulbright.es\/?page_id=957","title":{"rendered":"Tertulia Fulbright: Los Americanos son de pueblo"},"content":{"rendered":"<p style=\"text-align: left;\">Llegado el verano, es tiempo de prepararnos para disfrutar del merecido descanso vacacional.Y una buena manera de hacerlo es con una sonrisa, de la mano de alguien que ha hecho de contar historias con humor una verdadera y muy digna profesion.<\/p>\n<p style=\"text-align: left;\">Si ademas se trata de una persona que fue becario Fulbright y que mantiene una relacion muy especial con los EE.UU., no podemos pedir mas. Asi pues, al hilo de la reciente publicacion de su libro \u00abA Cien Millas de Manhattan\u00bb sobre sus experiencias en aquel pais, tendremos el placer de contar con <strong>Guillermo Fesser<\/strong>, que nos ilustrara sobre lo que el llama los \u00abEstados Unidos insospechados\u00bb bajo el sugerente titulo de \u00abLos Americanos son de pueblo\u00bb.<\/p>\n<h3>Bio<\/h3>\n<p><strong>Guillermo Fesser<\/strong> es periodista y lleva 25 a\u00f1os relatando historias. La mayoria de ellas a traves de la radio en un formato innovador bautizado como Gomaespuma. Estudio periodismo en la Universidad Complutense de Madrid, cine en la University of Southern California de Los Angeles y tres lenguas en la Escuela Oficial de Idiomas de la capital de Espa\u00f1a.<\/p>\n<div class=\"mceTemp mceIEcenter\" style=\"text-align: center;\">\n<dl id=\"attachment_978\" class=\"wp-caption aligncenter\" style=\"width: 310px;\">\n<dt class=\"wp-caption-dt\"><a href=\"http:\/\/asoc-fulbright.es\/wp-content\/uploads\/2009\/06\/guillermofesser.jpg\"><img loading=\"lazy\" decoding=\"async\" class=\"size-medium wp-image-978\" title=\"guillermofesser\" src=\"http:\/\/asoc-fulbright.es\/wp-content\/uploads\/2009\/06\/guillermofesser-300x200.jpg\" alt=\"Guillermo Fesser\" width=\"300\" height=\"200\" srcset=\"https:\/\/asoc-fulbright.es\/wp-content\/uploads\/2009\/06\/guillermofesser-300x200.jpg 300w, https:\/\/asoc-fulbright.es\/wp-content\/uploads\/2009\/06\/guillermofesser.jpg 400w\" sizes=\"auto, (max-width: 300px) 100vw, 300px\" \/><\/a><\/dt>\n<dd class=\"wp-caption-dd\">Guillermo Fesser<\/dd>\n<\/dl>\n<\/div>\n<p>Su incursion como guionista en el mundo del cine, con \u00abEl Milagro de P.Tinto\u00bb y, posteriormente, \u00abLa Gran Aventura de Mortadelo y Filemon\u00bb, le ha impulsado a una nueva carrera de director, emprendida con la tierna historia de \u00abCandida\u00bb. Sus articulos y reportajes han ido apareciendo de forma habitual en la prensa espa\u00f1ola y, en especial, en las paginas del diario El Pais.<\/p>\n<p>En compa\u00f1ia de Juan Luis Cano ha publicado numerosos libros y dirige la Fundaci\u00f3n Gomaespuma, dedicada a proporcionar acceso a la escolarizaci\u00f3n a ni\u00f1os de Nicaragua y Sri Lanka. La Fundacion pasea tambien el festival Flamenco P\u00e1 T\u00f3s por medio mundo con objeto de dar a conocer el arte m\u00e1s universal de Espa\u00f1a. En la actualidad acaba de publicar \u00abA Cien Millas de Manhattan\u00bb, una cronica periodistica de unos Estados Unidos insospechados. Ha dirigido y presentado un programa especial desde Pekin para La 1 de TVE, con motivo de la celebraci\u00f3n de los Juegos Olimpicos, y otro para La 2 sobre el Festival de Cine de San Sebastian 2008. En la actualidad colabora en el programa de La 1 \u00ab59 segundos\u201d con un espacio llamado \u201cLa Pintada\u201d.<\/p>\n<h3>Acerca de la Conferencia<\/h3>\n<p>Lugar: Escuela Tecnica Superior de Ingenieros Industriales<br \/>\nC\/Jose Gutierrez Abascal 2, junto a P\u00ba de la Castellana ( ver www.etsii.upm.es\/informacion\/ubicacion.htm )<br \/>\nAula C (plta baja)<br \/>\nD\u00eda: Martes 7 de julio 2009, Hora: 20:00<\/p>\n","protected":false},"excerpt":{"rendered":"<p>Llegado el verano, es tiempo de prepararnos para disfrutar del merecido descanso vacacional.Y una buena manera de hacerlo es con una sonrisa, de la mano de alguien que ha hecho de contar historias con humor una verdadera y muy digna profesion. Si ademas se trata de una persona que fue becario Fulbright y que mantiene [&hellip;]<\/p>\n","protected":false},"author":1,"featured_media":0,"parent":703,"menu_order":0,"comment_status":"open","ping_status":"open","template":"","meta":{"ngg_post_thumbnail":0,"footnotes":""},"class_list":["post-957","page","type-page","status-publish","hentry"],"_links":{"self":[{"href":"https:\/\/asoc-fulbright.es\/index.php?rest_route=\/wp\/v2\/pages\/957","targetHints":{"allow":["GET"]}}],"collection":[{"href":"https:\/\/asoc-fulbright.es\/index.php?rest_route=\/wp\/v2\/pages"}],"about":[{"href":"https:\/\/asoc-fulbright.es\/index.php?rest_route=\/wp\/v2\/types\/page"}],"author":[{"embeddable":true,"href":"https:\/\/asoc-fulbright.es\/index.php?rest_route=\/wp\/v2\/users\/1"}],"replies":[{"embeddable":true,"href":"https:\/\/asoc-fulbright.es\/index.php?rest_route=%2Fwp%2Fv2%2Fcomments&post=957"}],"version-history":[{"count":26,"href":"https:\/\/asoc-fulbright.es\/index.php?rest_route=\/wp\/v2\/pages\/957\/revisions"}],"predecessor-version":[{"id":965,"href":"https:\/\/asoc-fulbright.es\/index.php?rest_route=\/wp\/v2\/pages\/957\/revisions\/965"}],"up":[{"embeddable":true,"href":"https:\/\/asoc-fulbright.es\/index.php?rest_route=\/wp\/v2\/pages\/703"}],"wp:attachment":[{"href":"https:\/\/asoc-fulbright.es\/index.php?rest_route=%2Fwp%2Fv2%2Fmedia&parent=957"}],"curies":[{"name":"wp","href":"https:\/\/api.w.org\/{rel}","templated":true}]}}