{"id":94,"date":"2009-01-13T17:52:26","date_gmt":"2009-01-13T16:52:26","guid":{"rendered":"http:\/\/beta.asoc-fulbright.es\/?page_id=94"},"modified":"2009-03-06T18:42:01","modified_gmt":"2009-03-06T17:42:01","slug":"encuentro-en-andalucia-2001-carrera-de-indias","status":"publish","type":"page","link":"https:\/\/asoc-fulbright.es\/?page_id=94","title":{"rendered":"Encuentro en Andaluc\u00eda 2001 &#8211; Carrera de Indias"},"content":{"rendered":"<p><strong>Galer\u00eda de Fotos del Encuentro en Andaluc\u00eda &#8211; 2001.<\/strong><\/p>\nngg_shortcode_0_placeholder\n","protected":false},"excerpt":{"rendered":"<p>Galer\u00eda de Fotos del Encuentro en Andaluc\u00eda &#8211; 2001.<\/p>\n","protected":false},"author":1,"featured_media":0,"parent":38,"menu_order":0,"comment_status":"open","ping_status":"open","template":"","meta":{"ngg_post_thumbnail":0,"footnotes":""},"class_list":["post-94","page","type-page","status-publish","hentry"],"_links":{"self":[{"href":"https:\/\/asoc-fulbright.es\/index.php?rest_route=\/wp\/v2\/pages\/94","targetHints":{"allow":["GET"]}}],"collection":[{"href":"https:\/\/asoc-fulbright.es\/index.php?rest_route=\/wp\/v2\/pages"}],"about":[{"href":"https:\/\/asoc-fulbright.es\/index.php?rest_route=\/wp\/v2\/types\/page"}],"author":[{"embeddable":true,"href":"https:\/\/asoc-fulbright.es\/index.php?rest_route=\/wp\/v2\/users\/1"}],"replies":[{"embeddable":true,"href":"https:\/\/asoc-fulbright.es\/index.php?rest_route=%2Fwp%2Fv2%2Fcomments&post=94"}],"version-history":[{"count":4,"href":"https:\/\/asoc-fulbright.es\/index.php?rest_route=\/wp\/v2\/pages\/94\/revisions"}],"predecessor-version":[{"id":422,"href":"https:\/\/asoc-fulbright.es\/index.php?rest_route=\/wp\/v2\/pages\/94\/revisions\/422"}],"up":[{"embeddable":true,"href":"https:\/\/asoc-fulbright.es\/index.php?rest_route=\/wp\/v2\/pages\/38"}],"wp:attachment":[{"href":"https:\/\/asoc-fulbright.es\/index.php?rest_route=%2Fwp%2Fv2%2Fmedia&parent=94"}],"curies":[{"name":"wp","href":"https:\/\/api.w.org\/{rel}","templated":true}]}}