{"id":878,"date":"2009-06-25T12:14:58","date_gmt":"2009-06-25T11:14:58","guid":{"rendered":"http:\/\/beta.asoc-fulbright.es\/?page_id=878"},"modified":"2013-04-02T19:12:54","modified_gmt":"2013-04-02T18:12:54","slug":"ayuda-a-becarios-recursos","status":"publish","type":"page","link":"https:\/\/asoc-fulbright.es\/?page_id=878","title":{"rendered":"Ayuda a becarios: Recursos a tu disposici\u00f3n"},"content":{"rendered":"<p>Nuestra herramienta principal de networking es el Libro de Curricula de Asociados, que<strong> al asociarte te permite entrar en contacto con otros Fulbrighters<\/strong>. El libro puede consultarse en linkedIn en la siguiente direcci\u00f3n: <a href=\"http:\/\/www.linkedin.com\/in\/asocfulbright\">http:\/\/www.linkedin.com\/in\/asocfulbright<\/a>.<\/p>\n<p><strong>Adicionalmente, tienes acceso a la red de <a href=\"http:\/\/asoc-fulbright.es\/ryder\/\">Ryder Club Espa\u00f1a<\/a><\/strong><\/p>\n<h2>Amigos de la Asociaci\u00f3n Fulbright (who can help you in your job hunting process):<\/h2>\n<h3>Norman Broadbent<\/h3>\n<p>Norman Broadbent is a consultancy firm, expert in Executive Search, Recruitment and Management Development. Since 1994, Norman Broadbent has helped the top companies in their fields to incorporate 2,000 managers and to develop more than 9,000 people in-house. Norman Broadbent is present on three continents, with 600 highly qualified professionals. Krista Walochik is CEO of Norman Broadbent. Undergraduate Degree in Spanish Literature from The George Washington University (Washington, D.C.), a Master of Arts Degree from Middlebury College (Vermont), and a Master in Business Administration with specialisation in Organizational Development, from the University of Maryland. Her professional career began in KPMG, where she managed the Human Resources Consultancy practice. She was Director of External Relations for a leading Business School from 1990-1994. Since 1994 until June 2.004 Managing Director of Norman Broadbent Spain, where she specializes in Executive Search and Coaching at director level.<\/p>\n<p>Jos\u00e9 Ignacio Jim\u00e9nez. Managing Director Spain. Degree in Business Economics from the Universidad Complutense de Madrid. Mr. Jim\u00e9nez began his professional career in Arthur Andersen as an Auditor and Consultant specialising in the Energy sector. He later moved to EDS assuming various positions related to international finance. Following that, he became Director of the areas of banking, finance, tax &amp; legal, consultancy and human resources in a prestigious executive search and selection company. Jos\u00e9 Ignacio joined Norman Broadbent in 2003 as an Associate Director Search division. In 2004 he was promoted to Managing Director of the Madrid office. During the last three years, Jos\u00e9 Ignacio has focused on search processes for top level managers of professional services. Now he is the General Manager of Norman Broadbent Spain. Jos\u00e9 Ignacio is member of C\u00edrculo de Empresarios.<\/p>\n<p>Jos\u00e9 Ignacio Jim\u00e9nez Norman Broadbent Tel.: +34 915 75 12 00 Fax: +34 915 75 24 48<\/p>\n<p>www.normanbroadbent.es<\/p>\n<p>Os proponemos varios links e informacion que os pueden ser utiles para la busqueda de trabajo a la vuelta de vuestra estancia en los EEUU (no nos hacemos responsables de la calidad del contenido de las webs ni del trabajo realizado por los profesionales mencionados en las webs).<\/p>\n<p><strong>Documentacion recomentada: \u00abNetworking-Dos Grados\u00bb<\/strong><\/p>\n<p>Este libro escrito por Sonia Fern\u00e1ndez explica c\u00f3mo es necesario trabajar para crear, mantener y mejorar nuestra red de contactos que nos permita ayudar a otros y ser ayudado cuando lo necesitemos. Apoy\u00e1ndose en los recursos online disponibles: comunidades virtuales, email, chats, blogs, etc. Utilizando su experiencia cuando finaliz\u00f3 su master en Stanford, momento en el cual ten\u00eda que volver a recosntruir sus contactos olvidados unos a\u00f1os por culpa de su estancia en el extranjero, sinti\u00f3 la importancia del cuidado de los mismos y c\u00f3mo la creaci\u00f3n de las redes sociales pueden ayudarnos cuando m\u00e1s lo necesitemos. Siempre haciendo incapi\u00e9 en no s\u00f3lo obtener beneficio de la red sino en ser miembros activos de ella ofreci\u00e9ndonos al resto del grupo. Recomendado.<\/p>\n<p>Sonia nos di\u00f3 una conferencia sobre este tema y ten\u00e9is la presentaci\u00f3n que utiliz\u00f3 <a href=\"http:\/\/asoc-fulbright.es\/wp-content\/uploads\/2009\/06\/dos_grados.pdf\">el siguiente enlace<\/a>.<\/p>\n<h3>Getting a Job in International Development FAQ<\/h3>\n<p><a href=\"http:\/\/www.internationalstrategy.org\/cgi\/yabb2\/YaBB.pl?num=1161702616\">http:\/\/www.internationalstrategy.org\/cgi\/yabb2\/YaBB.pl?num=1161702616<\/a><\/p>\n<h2>HEADHUNTERS Y NETWORKING<\/h2>\n<h3>Link de HeadHunters y similares<\/h3>\n<ul>\n<li><a href=\"http:\/\/directorios.netfirms.com\/seleccion\/\">http:\/\/directorios.netfirms.com\/seleccion\/<\/a><\/li>\n<li><a href=\"http:\/\/www.comunae.com\/html\/carticulos\/50234_1.html\">http:\/\/www.comunae.com\/html\/carticulos\/50234_1.html<\/a><\/li>\n<li><a href=\"http:\/\/www.notrabajo.com\/headhunters.htm\">http:\/\/www.notrabajo.com\/headhunters.htm<\/a><\/li>\n<li><a href=\"http:\/\/www.jobline.net\/spajob1.htm\">http:\/\/www.jobline.net\/spajob1.htm<\/a><\/li>\n<li><a href=\"http:\/\/www.aesc.com\/\">http:\/\/www.aesc.com<\/a><\/li>\n<li><a href=\"http:\/\/old.asoc-fulbright.es\/comisiones\/cabe\/listado_headhunters_expansion_17022008.pdf\">Listado de HeadHunters<\/a><\/li>\n<\/ul>\n<h3>Some advice from IESE Business School:<\/h3>\n<ul>\n<li><a href=\"http:\/\/72.14.207.104\/search?q=cache:uNKTIDw4qB4J:www.iese.edu\/en\/files\/6_12023.pdf+headhunters+madrid&amp;hl=es&amp;gl=es&amp;ct=clnk&amp;cd=35\">http:\/\/72.14.207.104\/search?q=cache:uNKTIDw4qB4J:www.iese.edu\/en\/files\/6_12023.pdf+headhunters+madrid&amp;hl=es&amp;gl=es&amp;ct=clnk&amp;cd=35<\/a><\/li>\n<\/ul>\n<h3>Top ten networking tips for MBAs<\/h3>\n<p><a href=\"http:\/\/mba.eiu.com\/index.asp?layout=view_article&amp;eiu_article_id=325714432\">http:\/\/mba.eiu.com\/index.asp?layout=view_article&amp;eiu_article_id=325714432<\/a><\/p>\n<h2>ESTUDIOS Y BECAS<\/h2>\n<p>If you are interested in continuing your studies, I would suggest you have a look into:<\/p>\n<ul>\n<li><span><span><a href=\"http:\/\/www.becas.com\/\">www.becas.com<\/a><\/span><\/span><\/li>\n<li><span><span><a href=\"http:\/\/www.becas.universia.net\/\">www.becas.universia.net<\/a><\/span><\/span><\/li>\n<li><span><span><a href=\"http:\/\/www.becarios.org\/\">www.becarios.org<\/a><\/span><\/span><\/li>\n<\/ul>\n<p>For sure, there are also becas such as ICO, CajaMadrid, Barrie de la Maza, CAM, Ramon Areces, Banco de Espa\u00f1a, and Rotary Club. You will find info about them in the www.<\/p>\n","protected":false},"excerpt":{"rendered":"<p>Nuestra herramienta principal de networking es el Libro de Curricula de Asociados, que al asociarte te permite entrar en contacto con otros Fulbrighters. El libro puede consultarse en linkedIn en la siguiente direcci\u00f3n: http:\/\/www.linkedin.com\/in\/asocfulbright. Adicionalmente, tienes acceso a la red de Ryder Club Espa\u00f1a Amigos de la Asociaci\u00f3n Fulbright (who can help you in your [&hellip;]<\/p>\n","protected":false},"author":7,"featured_media":0,"parent":104,"menu_order":3,"comment_status":"open","ping_status":"open","template":"","meta":{"ngg_post_thumbnail":0,"footnotes":""},"class_list":["post-878","page","type-page","status-publish","hentry"],"_links":{"self":[{"href":"https:\/\/asoc-fulbright.es\/index.php?rest_route=\/wp\/v2\/pages\/878","targetHints":{"allow":["GET"]}}],"collection":[{"href":"https:\/\/asoc-fulbright.es\/index.php?rest_route=\/wp\/v2\/pages"}],"about":[{"href":"https:\/\/asoc-fulbright.es\/index.php?rest_route=\/wp\/v2\/types\/page"}],"author":[{"embeddable":true,"href":"https:\/\/asoc-fulbright.es\/index.php?rest_route=\/wp\/v2\/users\/7"}],"replies":[{"embeddable":true,"href":"https:\/\/asoc-fulbright.es\/index.php?rest_route=%2Fwp%2Fv2%2Fcomments&post=878"}],"version-history":[{"count":13,"href":"https:\/\/asoc-fulbright.es\/index.php?rest_route=\/wp\/v2\/pages\/878\/revisions"}],"predecessor-version":[{"id":895,"href":"https:\/\/asoc-fulbright.es\/index.php?rest_route=\/wp\/v2\/pages\/878\/revisions\/895"}],"up":[{"embeddable":true,"href":"https:\/\/asoc-fulbright.es\/index.php?rest_route=\/wp\/v2\/pages\/104"}],"wp:attachment":[{"href":"https:\/\/asoc-fulbright.es\/index.php?rest_route=%2Fwp%2Fv2%2Fmedia&parent=878"}],"curies":[{"name":"wp","href":"https:\/\/api.w.org\/{rel}","templated":true}]}}