{"id":74,"date":"2009-01-13T17:44:01","date_gmt":"2009-01-13T16:44:01","guid":{"rendered":"http:\/\/beta.asoc-fulbright.es\/?page_id=74"},"modified":"2020-10-19T16:58:01","modified_gmt":"2020-10-19T15:58:01","slug":"encuentro-en-girona-2004","status":"publish","type":"page","link":"https:\/\/asoc-fulbright.es\/?page_id=74","title":{"rendered":"Encuentro en Girona 2004"},"content":{"rendered":"<div class=\"plain\">\n<p>Tendr\u00e1 lugar en la singular provincia de Girona y su espl\u00e9ndida Costa Brava, donde podremos disfrutar de muchos lugares de inter\u00e9s hist\u00f3rico, art\u00edstico y paisaj\u00edstico.<\/p>\n<p>Visitaremos el Museo Dal\u00ed en Figueres, as\u00ed como el castillo de San Ferr\u00e1n, una de las fortalezas abaluartadas m\u00e1s grandes de Europa (si quer\u00e9is saber qu\u00e9 es un baluarte, venid con nosotros), siendo explicado por un experto, el arquitecto Enric Vi\u00f1as.<\/p>\n<p>Recorreremos el centro hist\u00f3rico de Girona, con su juder\u00eda, ba\u00f1os \u00e1rabes, catedral y murallas. All\u00ed, Mariano G\u00f3mez Aranda nos hablar\u00e1 de la \u00abc\u00e1bala\u00bb jud\u00eda y Agust\u00edn Guimer\u00e1 nos presentar\u00e1 la Girona del medievo y la Guerra de Independencia. Nos asomaremos a villas medievales tan emblem\u00e1ticas como Pals y Peratallada.<\/p>\n<p>El Jard\u00ed Bot\u00e1nic de Calella de Palafrugell es tambi\u00e9n objeto de nuestros afanes. Es un espl\u00e9ndido rinc\u00f3n mediterr\u00e1neo, con historias de arist\u00f3cratas rusos y brit\u00e1nicos, donde resuenan los ecos de las habaneras. Finalmente, exploraremos nuestro pasado grecorromano en las ruinas de Emp\u00faries en una visita inolvidable.<\/p>\n<p>Asimismo degustaremos la \u00abbona cuina\u00bb en distintos restaurantes de la provincia y esperamos saludar a algunos destacados pol\u00edticos de Catalu\u00f1a.<\/p>\n<h2>Alojamiento<\/h2>\n<p>Estancia: Hotel Rosamar, Passeig del Mar, 43, 17252 Sant Antoni de Calonge, Costa Brava, Girona. tel.: 972\/ 650 548.<\/p>\n<p>D\u00edas: s\u00e1bado 9 de octubre &#8211; Martes 12 de Octubre (tres noches)<\/p>\n<p>Reservas: est\u00e1n reservadas 12 habitaciones dobles y 12 individuales.<\/p>\n<h2>Plan de visitas<\/h2>\n<p><em>SABADO, 9 OCTUBRE<\/em> (Girona capital\/ Banyolas\/ Besal\u00fa)<\/p>\n<ul>\n<li>10,00 horas: Encuentro en la estaci\u00f3n de Girona a las 10,00 horas. Visita guiada a la juder\u00eda, la catedral, ba\u00f1os \u00e1rabes y murallas.<\/li>\n<li>13,30 horas: salida en autob\u00fas hacia el restaurante \u00abCan Roca\u00bb, Esponell\u00e1 (cerca del lago Banyolas).<\/li>\n<li>17,00 horas: salida hacia Besal\u00fa y Banyolas. Ida al hotel en Sant Antoni de Calonge.<\/li>\n<li>21,30 horas: cena en el hotel<\/li>\n<\/ul>\n<p><em>DOMINGO, 10 OCTUBRE<\/em> (Figueres)<\/p>\n<ul>\n<li>09,00 horas: salida del hotel<\/li>\n<li>10,00 horas: visita guiada al castillo de San Ferr\u00e1n.<\/li>\n<li>12,00 horas: visita al Museo Dal\u00ed.<\/li>\n<li>14,30 horas: comida en el restaurante \u00abEl Pa Volador\u00bb (Sal\u00f3n Dal\u00ed), Figueres.<\/li>\n<li>21,00 horas: cena en el \u00abHotel \u00c1ncora\u00bb, La Fosca, Palam\u00f3s.<\/li>\n<\/ul>\n<p><em>LUNES, 11 OCTUBRE<\/em> (Alternativa a Barcelona, si al final no nos recibe el Presidente Pascual Maragall)<\/p>\n<ul>\n<li>10,00 horas: salida del hotel y visita al Jard\u00edn Bot\u00e1nico de Calella, invitados por la Caixa de Girona. Paseo por Calella de Palafrugell.<\/li>\n<li>14,00 horas: comida en el restaurante \u00abCan Bonet\u00bb de Pals.<\/li>\n<li>16,00 horas: visita a Pals. Visita a Peratallada.<\/li>\n<li>21,00 horas: cena en hotel<\/li>\n<\/ul>\n<p><em>MARTES, 12 DE OCTUBRE<\/em><\/p>\n<ul>\n<li>10,00 horas: salida del hotel<\/li>\n<li>11,00 horas: visita a las ruinas de Emp\u00faries.<\/li>\n<li>14,30 horas: comida<\/li>\n<li>17,00 horas: ida a Girona<\/li>\n<li>20,00 horas: fin de la reuni\u00f3n.<\/li>\n<\/ul>\n<h2>Traslado a Girona (Cada uno por su cuenta)<\/h2>\n<p>ATENCI\u00d3N. SI OS DECID\u00cdS A VENIR, DEB\u00c9IS RESERVAR CUANTO ANTES VUESTROS BILLETES DE TREN O AVI\u00d3N (A BARCELONA O GIRONA), PUES EL PUENTE DEL PILAR ES UNA FECHA DE MUCHO MOVIMIENTO TUR\u00cdSTICO.<\/p>\n<h2>Tren<\/h2>\n<p>Estrella Costa Brava, a Girona<\/p>\n<p>Salida de Chamart\u00edn: viernes, 8 octubre 22,00 horas<\/p>\n<p>Llegada a Girona: s\u00e1bado, 9 octubre 8,30 horas<\/p>\n<p>Litera: 45,02 euros (por persona y trayecto). Son compartimentos de seis personas y se va un poco como ganado, pero se sobrevive.<\/p>\n<p>Preferente Cabina Doble: 60 euros (trayecto). Esto ya es otra cosa. Con ducha vale 78 euros. Descuento: 20% si es ida\/vuelta.<\/p>\n<p>HAY SOLO 14 PLAZAS EN CABINA DOBLE Y UNAS 100 PLAZAS EN LITERA. \u00a1HAY QUE COMPRAR LOS BILLETES YA!<\/p>\n<p>LA VUELTA EL MARTES, 12 DE OCTUBRE, CON EL ESTRELLA COSTA BRAVA ES DESDE LA ESTACI\u00d3N DE GIRONA, A LAS 20,20 HORAS, CON LLEGADA A CHAMART\u00cdN EL MI\u00c9RCOLES, 13 DE OCTUBRE, A LAS 7,00 HORAS.<\/p>\n<p>Hay otras posibilidades para viajar a Girona desde Madrid, como es el talgo nocturno a Barcelona (con coches cama), empatando en la estaci\u00f3n de Sants con trenes regionales hasta Girona.<\/p>\n<p>Tambi\u00e9n se puede coger el s\u00e1bado, 9 de octubre, un vuelo de avi\u00f3n temprano a Barcelona y empatar con un tren regional en la estaci\u00f3n de Sants, uni\u00e9ndose al grupo en el transcurso del d\u00eda.<\/p>\n<pre>        PRESUPUESTO\n\n        (POR PERSONA)\n\n                                      Hab.Doble Hab. Indiv.\n        Hotel (tres noches):\n        aloj\/desayuno\/dos cenas 92 156\n\n        Comidas y otras cenas 80 80\n\n        Visitas guiadas 30 30\n\n        SUBTOTAL 202 266\n\n        NOTA: Est\u00e1 pendiente el coste del autob\u00fas, que calculamos en 45 euros\n        por persona.\n\n        TOTAl         247 euros 311 euros\n\n        NOTA(PRECIOS POR PERSONA):\n        Hotel (por d\u00eda)\n        : habitaci\u00f3n doble\/ desayuno    : 25,20\n        : habitaci\u00f3n doble\/media pensi\u00f3n   : 33,30\n        : habitaci\u00f3n indiv.\/desayuno    : 46\n        : habitaci\u00f3n indiv.\/media pensi\u00f3n : 55\n        Comidas y cenas fuera del hotel (por comida)    : 20\n        Visitas guiadas (por visita) : 10\n\n        RESERVA DE PLAZAS PARA LA REUNI\u00d3N\n\n        Como es costumbre, deb\u00e9is enviar un correo electr\u00f3nico a la\n        Secretaria de la Asociaci\u00f3n, Mar\u00eda Jos\u00e9 Fern\u00e1ndez:\n\n        &lt;fulbright@vodafone.es&gt;\n        M\u00f3vil: 653\/ 452 711\n\n        Deb\u00e9is indicar los datos de vuestra transferencia bancaria a la c\/c\n        de la Asociaci\u00f3n 3025-0003-94-1433212036 (ver datos completos abajo)\n        por un importe de 247 EUROS (por persona en habitaci\u00f3n doble) o de\n        311 euros (por persona y habitaci\u00f3n individual).\n\n        \u00a1ANIMAOS! \u00a1MERECE LA PENA ESTA EXPLORACI\u00d3N POR TIERRAS GERUNDESES!\n\n        EL COMIT\u00c9 ORGANIZADOR<\/pre>\n<\/div>\n","protected":false},"excerpt":{"rendered":"<p>Tendr\u00e1 lugar en la singular provincia de Girona y su espl\u00e9ndida Costa Brava, donde podremos disfrutar de muchos lugares de inter\u00e9s hist\u00f3rico, art\u00edstico y paisaj\u00edstico. Visitaremos el Museo Dal\u00ed en Figueres, as\u00ed como el castillo de San Ferr\u00e1n, una de las fortalezas abaluartadas m\u00e1s grandes de Europa (si quer\u00e9is saber qu\u00e9 es un baluarte, venid [&hellip;]<\/p>\n","protected":false},"author":1,"featured_media":0,"parent":38,"menu_order":0,"comment_status":"open","ping_status":"open","template":"","meta":{"ngg_post_thumbnail":0,"footnotes":""},"class_list":["post-74","page","type-page","status-publish","hentry"],"_links":{"self":[{"href":"https:\/\/asoc-fulbright.es\/index.php?rest_route=\/wp\/v2\/pages\/74","targetHints":{"allow":["GET"]}}],"collection":[{"href":"https:\/\/asoc-fulbright.es\/index.php?rest_route=\/wp\/v2\/pages"}],"about":[{"href":"https:\/\/asoc-fulbright.es\/index.php?rest_route=\/wp\/v2\/types\/page"}],"author":[{"embeddable":true,"href":"https:\/\/asoc-fulbright.es\/index.php?rest_route=\/wp\/v2\/users\/1"}],"replies":[{"embeddable":true,"href":"https:\/\/asoc-fulbright.es\/index.php?rest_route=%2Fwp%2Fv2%2Fcomments&post=74"}],"version-history":[{"count":3,"href":"https:\/\/asoc-fulbright.es\/index.php?rest_route=\/wp\/v2\/pages\/74\/revisions"}],"predecessor-version":[{"id":423,"href":"https:\/\/asoc-fulbright.es\/index.php?rest_route=\/wp\/v2\/pages\/74\/revisions\/423"}],"up":[{"embeddable":true,"href":"https:\/\/asoc-fulbright.es\/index.php?rest_route=\/wp\/v2\/pages\/38"}],"wp:attachment":[{"href":"https:\/\/asoc-fulbright.es\/index.php?rest_route=%2Fwp%2Fv2%2Fmedia&parent=74"}],"curies":[{"name":"wp","href":"https:\/\/api.w.org\/{rel}","templated":true}]}}