{"id":706,"date":"2009-06-12T11:41:38","date_gmt":"2009-06-12T10:41:38","guid":{"rendered":"http:\/\/beta.asoc-fulbright.es\/?page_id=706"},"modified":"2020-10-13T16:14:38","modified_gmt":"2020-10-13T15:14:38","slug":"tertulias-fulbright-ano-2008","status":"publish","type":"page","link":"https:\/\/asoc-fulbright.es\/?page_id=706","title":{"rendered":"Tertulias Fulbright A\u00f1o 2008"},"content":{"rendered":"<p>A continuaci\u00f3n se presenta la lista de Tertulias Fulbright realizadas en el a\u00f1o 2008:<\/p>\n<ul>\n<li><strong><a href=\"\/?page_id=163\">Como hablar siempre con eficacia.<\/a><\/strong><br \/>\n<strong>Ponentes<\/strong>: D. \u00c1ngel Lafuente Zorrilla, Presidente del Instituto de Tecnicas Verbales.<br \/>\n<strong>Fecha<\/strong>: Enero 2008<\/li>\n<\/ul>\n<ul>\n<li><a href=\"https:\/\/asoc-fulbright.es\/?page_id=1411\"><strong>Elecciones generales en Espa\u00f1a: la visi\u00f3n de los expertos<\/strong><\/a>.<br \/>\n<strong>Ponentes<\/strong>: Ignacio S\u00e1nchez\u00a0 Cuenca y Jos\u00e9 Luis Sanch\u00eds.<br \/>\n<strong>Fecha<\/strong>: Febrero 2008<\/li>\n<\/ul>\n<ul>\n<li><a href=\"https:\/\/asoc-fulbright.es\/?page_id=1416\"><strong>Primarias del Partido Dem\u00f3crata en Estados Unidos<\/strong><\/a>.<br \/>\n<strong>Ponentes<\/strong>: Juan Verde y Sean C. Carroll.<br \/>\n<strong>Fecha<\/strong>: Marzo 2008<\/li>\n<\/ul>\n<ul>\n<li><a href=\"https:\/\/asoc-fulbright.es\/?page_id=1420\"><strong>Crisis Crediticia Internacional y su impacto econ\u00f3mico<\/strong><\/a>.<br \/>\n<strong>Ponente<\/strong>: Emilio Ontiveros Baeza.<br \/>\n<strong>Fecha<\/strong>: 2 de Abril de 2008.<\/li>\n<\/ul>\n<ul>\n<li><a href=\"https:\/\/asoc-fulbright.es\/?page_id=1422\"><strong>Multiling\u00fcismo en la antig\u00fcedad y la edad me<\/strong><\/a><a href=\"https:\/\/asoc-fulbright.es\/?page_id=1422\"><strong>dia<\/strong><\/a>.<br \/>\n<strong>Ponentes<\/strong>: Sofia Torallas y Helena de Felipe.<br \/>\n<strong>Fecha<\/strong>: 13 de Mayo de 2008.<\/li>\n<\/ul>\n<ul>\n<li><a href=\"https:\/\/asoc-fulbright.es\/?page_id=1428\"><strong>La Casa Solar: un caso pr\u00e1ctico de futuro sostenible<\/strong><\/a><br \/>\n<strong>Ponente: <\/strong><br \/>\n<strong>Fecha<\/strong>: Enero 2008<\/li>\n<\/ul>\n<ul>\n<li><strong><a href=\"https:\/\/asoc-fulbright.es\/?page_id=1433\"><strong>Igualdad de G\u00e9nero y pol\u00edticas p\u00fablicas<\/strong>: retos del siglo XXI<\/a>.<br \/>\nPonente<\/strong>: Mar\u00eda Pazos Mor\u00e1n.<br \/>\n<strong>Fecha<\/strong>: 1 de Julio de 2008<strong>.<\/strong><\/li>\n<\/ul>\n<ul>\n<li><strong><a href=\"https:\/\/asoc-fulbright.es\/?page_id=1436\"><strong>Origen, evoluci\u00f3n y actualidad del Museo del Prado<\/strong><\/a>.<br \/>\nPonente<\/strong>: Juan J. Luna.<br \/>\n<strong>Fecha<\/strong>: 16 de Septiembre de 2008<strong>.<\/strong><\/li>\n<\/ul>\n<ul>\n<li><strong><a href=\"https:\/\/asoc-fulbright.es\/?page_id=1438\"><strong>Entre China y Espa\u00f1a<\/strong>: Experiencias de una profesional itinerante<\/a>.<br \/>\nPonente<\/strong>: Margaret Chen.<br \/>\n<strong>Fecha<\/strong>: Martes 7 de Octubre de 2008.<\/li>\n<\/ul>\n<ul>\n<li><strong><a href=\"https:\/\/asoc-fulbright.es\/?page_id=1442\"><strong>Noche electoral en Estados Unidos<\/strong><\/a>.<br \/>\nPonente<\/strong>: Sean C. Carroll.<br \/>\n<strong>Fecha<\/strong>: 4 de Noviembre de 2008.<\/li>\n<\/ul>\n<ul>\n<li><strong><a href=\"https:\/\/asoc-fulbright.es\/?page_id=1445\"><strong>San Miguel de Piura: La primera ciudad hispana en el Hemisferio Sur<\/strong><\/a>.<br \/>\nPonente<\/strong>: Fernando Vela Cossio.<br \/>\n<strong>Fecha:<\/strong> Martes 2 de Diciembre de 2008. <strong><em><br \/>\n<\/em><\/strong><\/li>\n<\/ul>\n","protected":false},"excerpt":{"rendered":"<p>A continuaci\u00f3n se presenta la lista de Tertulias Fulbright realizadas en el a\u00f1o 2008: Como hablar siempre con eficacia. Ponentes: D. \u00c1ngel Lafuente Zorrilla, Presidente del Instituto de Tecnicas Verbales. Fecha: Enero 2008 Elecciones generales en Espa\u00f1a: la visi\u00f3n de los expertos. Ponentes: Ignacio S\u00e1nchez\u00a0 Cuenca y Jos\u00e9 Luis Sanch\u00eds. Fecha: Febrero 2008 Primarias del [&hellip;]<\/p>\n","protected":false},"author":1,"featured_media":0,"parent":154,"menu_order":0,"comment_status":"open","ping_status":"open","template":"","meta":{"ngg_post_thumbnail":0,"footnotes":""},"class_list":["post-706","page","type-page","status-publish","hentry"],"_links":{"self":[{"href":"https:\/\/asoc-fulbright.es\/index.php?rest_route=\/wp\/v2\/pages\/706","targetHints":{"allow":["GET"]}}],"collection":[{"href":"https:\/\/asoc-fulbright.es\/index.php?rest_route=\/wp\/v2\/pages"}],"about":[{"href":"https:\/\/asoc-fulbright.es\/index.php?rest_route=\/wp\/v2\/types\/page"}],"author":[{"embeddable":true,"href":"https:\/\/asoc-fulbright.es\/index.php?rest_route=\/wp\/v2\/users\/1"}],"replies":[{"embeddable":true,"href":"https:\/\/asoc-fulbright.es\/index.php?rest_route=%2Fwp%2Fv2%2Fcomments&post=706"}],"version-history":[{"count":19,"href":"https:\/\/asoc-fulbright.es\/index.php?rest_route=\/wp\/v2\/pages\/706\/revisions"}],"predecessor-version":[{"id":4755,"href":"https:\/\/asoc-fulbright.es\/index.php?rest_route=\/wp\/v2\/pages\/706\/revisions\/4755"}],"up":[{"embeddable":true,"href":"https:\/\/asoc-fulbright.es\/index.php?rest_route=\/wp\/v2\/pages\/154"}],"wp:attachment":[{"href":"https:\/\/asoc-fulbright.es\/index.php?rest_route=%2Fwp%2Fv2%2Fmedia&parent=706"}],"curies":[{"name":"wp","href":"https:\/\/api.w.org\/{rel}","templated":true}]}}