{"id":703,"date":"2009-06-12T11:40:10","date_gmt":"2009-06-12T10:40:10","guid":{"rendered":"http:\/\/beta.asoc-fulbright.es\/?page_id=703"},"modified":"2020-10-13T16:17:25","modified_gmt":"2020-10-13T15:17:25","slug":"tertulias-fulbright-ano-2009","status":"publish","type":"page","link":"https:\/\/asoc-fulbright.es\/?page_id=703","title":{"rendered":"Tertulias Fulbright A\u00f1o 2009"},"content":{"rendered":"<p>A continuaci\u00f3n se presenta la lista de Tertulias Fulbright realizadas en el a\u00f1o 2009:<\/p>\n<ul>\n<li><strong><a href=\"\/?page_id=159\">L\u00edneas A\u00e9reas Low Cost: Una historia real de emprendedores<\/a><\/strong>.<br \/>\n<strong>Ponentes: Carlos Mu\u00f1oz<\/strong><br \/>\n<strong>Fecha:<\/strong> Martes 13 de enero 2009 <a href=\"http:\/\/www.slideshare.net\/AsocFulbright\/abstract-2008-vlg-entrepreneurship-presentation\"> Diapositivas<\/a><\/li>\n<\/ul>\n<ul>\n<li><strong>\u00bfSacar\u00e1 Obama a la Econom\u00eda Global de la recesi\u00f3n?<\/strong>.<br \/>\n<strong>Ponentes:<\/strong> Juan P\u00e9rez Campanero<br \/>\n<strong>Fecha:<\/strong> Martes 10 de Febrero de 2009<\/li>\n<\/ul>\n<ul>\n<li><strong><a href=\"https:\/\/asoc-fulbright.es\/?page_id=1512\">Europa en la encrucijada<\/a><\/strong>.<br \/>\n<strong>Ponentes:<\/strong> Juan Fernando L\u00f3pez Aguilar.<br \/>\n<strong>Fecha:<\/strong> Martes 3 de Marzo de 2009<\/li>\n<\/ul>\n<ul>\n<li><strong>Hacia la Regeneraci\u00f3n: Una visi\u00f3n de Espa\u00f1a y Europa<\/strong><br \/>\n<strong>Ponente: <\/strong>Jaime Mayor Oreja<br \/>\n<strong>Fecha:<\/strong> Martes 14 de Abril de 2009.<\/li>\n<\/ul>\n<ul>\n<li><strong><a href=\"https:\/\/asoc-fulbright.es\/?page_id=1508\">Charla del Becario 2009: L\u00edneas de Investigaci\u00f3n en el Tratamiento de la Sordera Neurosensorial<\/a><\/strong><br \/>\n<strong>Ponente: <\/strong>Rodrigo Mart\u00ednez Monedero<br \/>\n<strong>Fecha:<\/strong> Martes 5 de Mayo de 2009.<\/li>\n<\/ul>\n<ul>\n<li><strong>El papel de las ONGs de Desarrollo en tiempos de crisis<\/strong><br \/>\n<strong>Ponentes: <\/strong>Antonio Gonz\u00e1lez Mart\u00edn y Rafael Guardans Cambo.<br \/>\n<strong>Fecha:<\/strong> Martes 9 de Junio de 2009.<\/li>\n<\/ul>\n<ul>\n<li><a href=\"https:\/\/asoc-fulbright.es\/?page_id=957\"><strong>Los Americanos son de pueblo<\/strong><\/a><br \/>\n<strong>Ponente:<\/strong> Guillermo Fesser<br \/>\n<strong>Fecha:<\/strong> Martes 7 de Julio de 2009.<\/li>\n<\/ul>\n<ul>\n<li><a href=\"https:\/\/asoc-fulbright.es\/?page_id=1519\"><strong>Energ\u00eda y Sostenibilidad<\/strong><\/a><br \/>\n<strong>Ponente:<\/strong> Cayetano L\u00f3pez<br \/>\n<strong>Fecha:<\/strong>Martes 15 de Septiembre de 2009<\/li>\n<\/ul>\n<ul>\n<li><a href=\"https:\/\/asoc-fulbright.es\/?p=1137\"><strong>La Real Armada en la Espa\u00f1a del Siglo XVIII<\/strong><\/a><br \/>\n<strong>Ponente:<\/strong>Jose Mar\u00eda Blanco y Agust\u00edn Guimera<br \/>\n<strong>Fecha:<\/strong> Martes 6 de Octubre de 2009.<\/li>\n<\/ul>\n<ul>\n<li><a href=\"https:\/\/asoc-fulbright.es\/?p=1158\"><strong>Deuda, Crisis y Arte a trav\u00e9s de los Siglos<\/strong><\/a><br \/>\n<strong>Ponente:<\/strong>Yago Ru\u00edz-Morales<br \/>\n<strong>Fecha:<\/strong> Martes 3 de Noviembre de 2009.<\/li>\n<\/ul>\n<ul>\n<li><a href=\"https:\/\/asoc-fulbright.es\/?p=1241\"><strong>La Comunidad Jud\u00eda en la Espa\u00f1a actual<\/strong><\/a><br \/>\n<strong>Ponente:<\/strong>Jacobo Israel Garz\u00f3n<br \/>\n<strong>Fecha:<\/strong> Martes 1 de Diciembre 2009.<\/li>\n<\/ul>\n","protected":false},"excerpt":{"rendered":"<p>A continuaci\u00f3n se presenta la lista de Tertulias Fulbright realizadas en el a\u00f1o 2009: L\u00edneas A\u00e9reas Low Cost: Una historia real de emprendedores. Ponentes: Carlos Mu\u00f1oz Fecha: Martes 13 de enero 2009 Diapositivas \u00bfSacar\u00e1 Obama a la Econom\u00eda Global de la recesi\u00f3n?. Ponentes: Juan P\u00e9rez Campanero Fecha: Martes 10 de Febrero de 2009 Europa en [&hellip;]<\/p>\n","protected":false},"author":1,"featured_media":0,"parent":154,"menu_order":0,"comment_status":"open","ping_status":"open","template":"","meta":{"ngg_post_thumbnail":0,"footnotes":""},"class_list":["post-703","page","type-page","status-publish","hentry"],"_links":{"self":[{"href":"https:\/\/asoc-fulbright.es\/index.php?rest_route=\/wp\/v2\/pages\/703","targetHints":{"allow":["GET"]}}],"collection":[{"href":"https:\/\/asoc-fulbright.es\/index.php?rest_route=\/wp\/v2\/pages"}],"about":[{"href":"https:\/\/asoc-fulbright.es\/index.php?rest_route=\/wp\/v2\/types\/page"}],"author":[{"embeddable":true,"href":"https:\/\/asoc-fulbright.es\/index.php?rest_route=\/wp\/v2\/users\/1"}],"replies":[{"embeddable":true,"href":"https:\/\/asoc-fulbright.es\/index.php?rest_route=%2Fwp%2Fv2%2Fcomments&post=703"}],"version-history":[{"count":25,"href":"https:\/\/asoc-fulbright.es\/index.php?rest_route=\/wp\/v2\/pages\/703\/revisions"}],"predecessor-version":[{"id":4756,"href":"https:\/\/asoc-fulbright.es\/index.php?rest_route=\/wp\/v2\/pages\/703\/revisions\/4756"}],"up":[{"embeddable":true,"href":"https:\/\/asoc-fulbright.es\/index.php?rest_route=\/wp\/v2\/pages\/154"}],"wp:attachment":[{"href":"https:\/\/asoc-fulbright.es\/index.php?rest_route=%2Fwp%2Fv2%2Fmedia&parent=703"}],"curies":[{"name":"wp","href":"https:\/\/api.w.org\/{rel}","templated":true}]}}