{"id":623,"date":"2009-03-26T18:30:20","date_gmt":"2009-03-26T17:30:20","guid":{"rendered":"http:\/\/beta.asoc-fulbright.es\/?page_id=623"},"modified":"2022-10-31T18:47:09","modified_gmt":"2022-10-31T17:47:09","slug":"asociarse","status":"publish","type":"page","link":"https:\/\/asoc-fulbright.es\/?page_id=623","title":{"rendered":"Asociarse"},"content":{"rendered":"<p>Queremos que los becarios Fulbright se unan a la Asociaci\u00f3n. Necesitamos talento, enriquecernos con las experiencias Fulbright y tus propuestas. Si deseas formar parte de la asociaci\u00f3n y beneficiarte de todas sus ventajas, cumplimenta tus datos en <a href=\"https:\/\/docs.google.com\/forms\/d\/e\/1FAIpQLSe161K6wwT1mgFnNncGa-48vzmDgRSiLwCarCYuuaFokRx-Pg\/viewform?usp=pp_url\">este formulario en l\u00ednea.<\/a><br \/>\n<!-- Por si lo prefieres, te lo dejamos <a style=\"font-size: inherit;\" href=\"https:\/\/asoc-fulbright.es\/wp-content\/uploads\/2019\/11\/Formulario-inscripcio\u0301n-Asociacio\u0301n-Fulbright.pdf\">en formato PDF<\/a> y aqu\u00ed <a style=\"font-size: inherit;\" href=\"https:\/\/asoc-fulbright.es\/wp-content\/uploads\/2019\/11\/Formulario-inscripcio\u0301n-Asociacio\u0301n-Fulbright.doc\">en formato Office;<\/a> env\u00edalo relleno a nuestros coordinadores administrativos con un mensaje a esta direcci\u00f3n para que se complete el registro (<a style=\"font-size: inherit;\" href=\"mailto:asocfulbright@gmail.com\" target=\"_blank\" rel=\"noopener noreferrer\">asocfulbright@gmail.com<\/a><span style=\"font-size: inherit;\">).\n--><br \/>\nLos estatutos de la Asociaci\u00f3n se\u00f1alan que cada solicitud ha de ser ratificada por la Asamblea anual de socios.<\/p>\n<h3>Cuotas anuales para los socios<\/h3>\n<p>Cuota el primer a\u00f1o (<strong>si nunca has formado parte de la Asociaci\u00f3n<\/strong>): 1 \u20ac<\/p>\n<p>Cuota normal: 64 \u20ac.<\/p>\n<h3>Ventajas<\/h3>\n<p>Los socios participan en Tertulias con personas relevantes de la sociedad y la pol\u00edtica espa\u00f1olas: cient\u00edficos, artistas, pensadores, pol\u00edticos a las que tambi\u00e9n se invita a j\u00f3venes brillantes que ser\u00e1n los l\u00edderes de nuestro pa\u00eds en el futuro. A trav\u00e9s de Ryder Club, los socios comparten experiencias y conocimiento y reciben invitaciones a eventos organizados por esta Asociaci\u00f3n de Asociaciones y Clubs formada por alumni de las universidades y escuelas de negocio m\u00e1s relevantes del mundo. Adem\u00e1s, los socios pueden dar a conocer sus actividades en esta web y reciben informaci\u00f3n puntual en su correo electr\u00f3nico de todas las iniciativas y logros de la Asociaci\u00f3n. Estamos trabajando para proponer m\u00e1s ventajas, pronto m\u00e1s informaci\u00f3n.<\/span><\/p>\n","protected":false},"excerpt":{"rendered":"<p>Queremos que los becarios Fulbright se unan a la Asociaci\u00f3n. Necesitamos talento, enriquecernos con las experiencias Fulbright y tus propuestas. Si deseas formar parte de la asociaci\u00f3n y beneficiarte de todas sus ventajas, cumplimenta tus datos en este formulario en l\u00ednea. Los estatutos de la Asociaci\u00f3n se\u00f1alan que cada solicitud ha de ser ratificada por [&hellip;]<\/p>\n","protected":false},"author":1,"featured_media":0,"parent":611,"menu_order":0,"comment_status":"open","ping_status":"open","template":"","meta":{"ngg_post_thumbnail":0,"footnotes":""},"class_list":["post-623","page","type-page","status-publish","hentry"],"_links":{"self":[{"href":"https:\/\/asoc-fulbright.es\/index.php?rest_route=\/wp\/v2\/pages\/623","targetHints":{"allow":["GET"]}}],"collection":[{"href":"https:\/\/asoc-fulbright.es\/index.php?rest_route=\/wp\/v2\/pages"}],"about":[{"href":"https:\/\/asoc-fulbright.es\/index.php?rest_route=\/wp\/v2\/types\/page"}],"author":[{"embeddable":true,"href":"https:\/\/asoc-fulbright.es\/index.php?rest_route=\/wp\/v2\/users\/1"}],"replies":[{"embeddable":true,"href":"https:\/\/asoc-fulbright.es\/index.php?rest_route=%2Fwp%2Fv2%2Fcomments&post=623"}],"version-history":[{"count":35,"href":"https:\/\/asoc-fulbright.es\/index.php?rest_route=\/wp\/v2\/pages\/623\/revisions"}],"predecessor-version":[{"id":5291,"href":"https:\/\/asoc-fulbright.es\/index.php?rest_route=\/wp\/v2\/pages\/623\/revisions\/5291"}],"up":[{"embeddable":true,"href":"https:\/\/asoc-fulbright.es\/index.php?rest_route=\/wp\/v2\/pages\/611"}],"wp:attachment":[{"href":"https:\/\/asoc-fulbright.es\/index.php?rest_route=%2Fwp%2Fv2%2Fmedia&parent=623"}],"curies":[{"name":"wp","href":"https:\/\/api.w.org\/{rel}","templated":true}]}}