{"id":616,"date":"2009-03-26T17:12:35","date_gmt":"2009-03-26T16:12:35","guid":{"rendered":"http:\/\/beta.asoc-fulbright.es\/?page_id=616"},"modified":"2026-03-04T12:49:29","modified_gmt":"2026-03-04T11:49:29","slug":"actividades-socios","status":"publish","type":"page","link":"https:\/\/asoc-fulbright.es\/?page_id=616","title":{"rendered":"Actividades Socios"},"content":{"rendered":"<p>Los encuentros nacionales e internacionales facilitan que los socios exploren juntos la geograf\u00eda espa\u00f1ola y extranjera. Permiten conocer los valores aut\u00f3ctonos, la proyecci\u00f3n futura y fortalecer lazos con la comunidad internacional e interprovincial Fulbright. En estos encuentros se promueve el contacto directo con entidades locales, p\u00fablicas o privadas, relacionadas con la empresa, la ciencia o la cultura (universidades, empresarios, periodistas, artistas, m\u00fasicos, pensadores, Fulbrighters). Andaluc\u00eda, Castilla-Le\u00f3n, Catalu\u00f1a, Canarias, Extremadura, Valencia, Marruecos y China han estado entre nuestros destinos.<\/p>\n<ul>\n<li><a href=\"\/?page_id=369\">Cenas Semestrales de la Asociaci\u00f3n<\/a><\/li>\n<li><a href=\"\/?page_id=40\">Encuentros nacionales e internacionales<\/a><\/li>\n<li><a href=\"https:\/\/asoc-fulbright.es\/?cat=19\">Viajes<\/a><\/li>\n<li><a href=\"https:\/\/asoc-fulbright.es\/?cat=24\">Contribuciones de los asociados<\/a><\/li>\n<\/ul>\n","protected":false},"excerpt":{"rendered":"<p>Los encuentros nacionales e internacionales facilitan que los socios exploren juntos la geograf\u00eda espa\u00f1ola y extranjera. Permiten conocer los valores aut\u00f3ctonos, la proyecci\u00f3n futura y fortalecer lazos con la comunidad internacional e interprovincial Fulbright. En estos encuentros se promueve el contacto directo con entidades locales, p\u00fablicas o privadas, relacionadas con la empresa, la ciencia o [&hellip;]<\/p>\n","protected":false},"author":1,"featured_media":0,"parent":0,"menu_order":5,"comment_status":"open","ping_status":"closed","template":"","meta":{"ngg_post_thumbnail":0,"footnotes":""},"class_list":["post-616","page","type-page","status-publish","hentry"],"_links":{"self":[{"href":"https:\/\/asoc-fulbright.es\/index.php?rest_route=\/wp\/v2\/pages\/616","targetHints":{"allow":["GET"]}}],"collection":[{"href":"https:\/\/asoc-fulbright.es\/index.php?rest_route=\/wp\/v2\/pages"}],"about":[{"href":"https:\/\/asoc-fulbright.es\/index.php?rest_route=\/wp\/v2\/types\/page"}],"author":[{"embeddable":true,"href":"https:\/\/asoc-fulbright.es\/index.php?rest_route=\/wp\/v2\/users\/1"}],"replies":[{"embeddable":true,"href":"https:\/\/asoc-fulbright.es\/index.php?rest_route=%2Fwp%2Fv2%2Fcomments&post=616"}],"version-history":[{"count":12,"href":"https:\/\/asoc-fulbright.es\/index.php?rest_route=\/wp\/v2\/pages\/616\/revisions"}],"predecessor-version":[{"id":5960,"href":"https:\/\/asoc-fulbright.es\/index.php?rest_route=\/wp\/v2\/pages\/616\/revisions\/5960"}],"wp:attachment":[{"href":"https:\/\/asoc-fulbright.es\/index.php?rest_route=%2Fwp%2Fv2%2Fmedia&parent=616"}],"curies":[{"name":"wp","href":"https:\/\/api.w.org\/{rel}","templated":true}]}}