{"id":5670,"date":"2025-05-27T09:35:16","date_gmt":"2025-05-27T08:35:16","guid":{"rendered":"https:\/\/asoc-fulbright.es\/?page_id=5670"},"modified":"2025-05-27T09:52:05","modified_gmt":"2025-05-27T08:52:05","slug":"lista-mayores-contribuidores-a-la-beca-2005-2024","status":"publish","type":"page","link":"https:\/\/asoc-fulbright.es\/?page_id=5670","title":{"rendered":"Lista mayores contribuidores a la beca 2005-2024"},"content":{"rendered":"\n<figure class=\"wp-block-table\"><table><tbody><tr><td>1<\/td><td>JUAN MANUEL<\/td><td>DELGADO MOREIRA<\/td><\/tr><tr><td>2<\/td><td>\u00c1NGEL y ELIZABETH<\/td><td>CABRERA<\/td><\/tr><tr><td>3<\/td><td>MANUEL<\/td><td>ANGUITA L\u00d3PEZ<\/td><\/tr><tr><td>4<\/td><td>LUIS<\/td><td>RODR\u00cdGUEZ-OVEJERO<\/td><\/tr><tr><td>5<\/td><td><\/td><td>US TAX CONSULTANTS<\/td><\/tr><tr><td>6<\/td><td>ANTONIO<\/td><td>GIR\u00d3N ARES<\/td><\/tr><tr><td>7<\/td><td><\/td><td>BORAK DESARROLLO<\/td><\/tr><tr><td>8<\/td><td>ALEJANDRO<\/td><td>SALADO D\u00cdEZ<\/td><\/tr><tr><td>9<\/td><td>ANTONIO<\/td><td>FERN\u00c1NDEZ ANTA<\/td><\/tr><tr><td>10<\/td><td><\/td><td>Fundaci\u00f3n INNAXIS<\/td><\/tr><tr><td>11<\/td><td>JUAN<\/td><td>D\u00cdAZ-ANDREU GARC\u00cdA<\/td><\/tr><tr><td>12<\/td><td>JOS\u00c9<\/td><td>L\u00d3PEZ-BARNEO<\/td><\/tr><tr><td>13<\/td><td>NICOL\u00c1S<\/td><td>VILL\u00c9N JIM\u00c9NEZ<\/td><\/tr><tr><td>14<\/td><td>HIGINIO<\/td><td>GUILLAM\u00d3N<\/td><\/tr><tr><td>15<\/td><td>\u00c1NGEL<\/td><td>GAVIEIRO BESTEIRO<\/td><\/tr><tr><td>16<\/td><td>ALBERTO<\/td><td>L\u00d3PEZ SAN MIGUEL<\/td><\/tr><tr><td>17<\/td><td>F\u00c9LIX<\/td><td>GUARDIA PEINADO<\/td><\/tr><tr><td>18<\/td><td>MIGUEL<\/td><td>BELTR\u00c1N DE FELIPE<\/td><\/tr><tr><td>19<\/td><td>JOS\u00c9 LUIS<\/td><td>CORTINA MUGURUZA<\/td><\/tr><tr><td>20<\/td><td>MAR\u00cdA ELENA<\/td><td>FERN\u00c1NDEZ DE OCHOA (FAMILIA FOSTER)<\/td><\/tr><\/tbody><\/table><\/figure>\n","protected":false},"excerpt":{"rendered":"<p>1 JUAN MANUEL DELGADO MOREIRA 2 \u00c1NGEL y ELIZABETH CABRERA 3 MANUEL ANGUITA L\u00d3PEZ 4 LUIS RODR\u00cdGUEZ-OVEJERO 5 US TAX CONSULTANTS 6 ANTONIO GIR\u00d3N ARES 7 BORAK DESARROLLO 8 ALEJANDRO SALADO D\u00cdEZ 9 ANTONIO FERN\u00c1NDEZ ANTA 10 Fundaci\u00f3n INNAXIS 11 JUAN D\u00cdAZ-ANDREU GARC\u00cdA 12 JOS\u00c9 L\u00d3PEZ-BARNEO 13 NICOL\u00c1S VILL\u00c9N JIM\u00c9NEZ 14 HIGINIO GUILLAM\u00d3N 15 \u00c1NGEL [&hellip;]<\/p>\n","protected":false},"author":9,"featured_media":0,"parent":316,"menu_order":0,"comment_status":"closed","ping_status":"closed","template":"","meta":{"ngg_post_thumbnail":0,"footnotes":""},"class_list":["post-5670","page","type-page","status-publish","hentry"],"_links":{"self":[{"href":"https:\/\/asoc-fulbright.es\/index.php?rest_route=\/wp\/v2\/pages\/5670","targetHints":{"allow":["GET"]}}],"collection":[{"href":"https:\/\/asoc-fulbright.es\/index.php?rest_route=\/wp\/v2\/pages"}],"about":[{"href":"https:\/\/asoc-fulbright.es\/index.php?rest_route=\/wp\/v2\/types\/page"}],"author":[{"embeddable":true,"href":"https:\/\/asoc-fulbright.es\/index.php?rest_route=\/wp\/v2\/users\/9"}],"replies":[{"embeddable":true,"href":"https:\/\/asoc-fulbright.es\/index.php?rest_route=%2Fwp%2Fv2%2Fcomments&post=5670"}],"version-history":[{"count":3,"href":"https:\/\/asoc-fulbright.es\/index.php?rest_route=\/wp\/v2\/pages\/5670\/revisions"}],"predecessor-version":[{"id":5675,"href":"https:\/\/asoc-fulbright.es\/index.php?rest_route=\/wp\/v2\/pages\/5670\/revisions\/5675"}],"up":[{"embeddable":true,"href":"https:\/\/asoc-fulbright.es\/index.php?rest_route=\/wp\/v2\/pages\/316"}],"wp:attachment":[{"href":"https:\/\/asoc-fulbright.es\/index.php?rest_route=%2Fwp%2Fv2%2Fmedia&parent=5670"}],"curies":[{"name":"wp","href":"https:\/\/api.w.org\/{rel}","templated":true}]}}