{"id":5662,"date":"2025-05-27T09:11:21","date_gmt":"2025-05-27T08:11:21","guid":{"rendered":"https:\/\/asoc-fulbright.es\/?page_id=5662"},"modified":"2025-06-25T16:51:11","modified_gmt":"2025-06-25T15:51:11","slug":"patrocinadores-de-la-beca-en-2024","status":"publish","type":"page","link":"https:\/\/asoc-fulbright.es\/?page_id=5662","title":{"rendered":"Patrocinadores de la Beca en 2024"},"content":{"rendered":"\n<h1 class=\"wp-block-heading\"><strong>Institucional<\/strong><\/h1>\n\n\n\n<figure class=\"wp-block-table\"><table><tbody><tr><td>&nbsp;<\/td><td>Borak Desarrollo<\/td><\/tr><tr><td>\u00c1ngel<\/td><td>Cabrera<\/td><\/tr><tr><td>Juan Manuel<\/td><td>Delgado Moreira<\/td><\/tr><tr><td>Luis<\/td><td>Rodr\u00edguez-Ovejero<\/td><\/tr><tr><td>&nbsp;<\/td><td>US TAX CONSULTANTS<\/td><\/tr><\/tbody><\/table><\/figure>\n\n\n\n<h2 class=\"wp-block-heading\"><strong>Oro<\/strong><\/h2>\n\n\n\n<figure class=\"wp-block-table\"><table><tbody><tr><td>Marina<\/td><td>\u00c1lvarez Royo-Villanova<\/td><\/tr><tr><td>Miguel<\/td><td>Beltr\u00e1n de Felipe<\/td><\/tr><tr><td>Ram\u00f3n<\/td><td>Bou Pallisa<\/td><\/tr><tr><td>Teresa<\/td><td>Cantero Garc\u00eda-Monc\u00f3<\/td><\/tr><tr><td>Leandro<\/td><td>Ca\u00f1ibano Calvo<\/td><\/tr><tr><td>Susana<\/td><td>de la Sierra Mor\u00f3n<\/td><\/tr><tr><td>Jos\u00e9 Luis&nbsp;<\/td><td>del Valle Doblado<\/td><\/tr><tr><td>Juan<\/td><td>D\u00edaz-Andreu Garc\u00eda<\/td><\/tr><tr><td>Antonio<\/td><td>Fern\u00e1ndez Anta<\/td><\/tr><tr><td>Mar\u00eda Elena<\/td><td>Fern\u00e1ndez de Ochoa (Familia Foster)<\/td><\/tr><tr><td>Antonio&nbsp;<\/td><td>Gir\u00f3n Ares<\/td><\/tr><tr><td>Higinio<\/td><td>Guillamon<\/td><\/tr><tr><td>\u00c1lvaro<\/td><td>G\u00f3mez Trenor<\/td><\/tr><tr><td>Jos\u00e9<\/td><td>L\u00f3pez-Barneo<\/td><\/tr><tr><td>Mar\u00eda Luisa<\/td><td>P\u00e9rez-Griffo<\/td><\/tr><tr><td>Jos\u00e9 Javier<\/td><td>Rodr\u00edguez Alcaide<\/td><\/tr><tr><td>Mar\u00eda Esperanza<\/td><td>Rojo Jim\u00e9nez<\/td><\/tr><tr><td>Alejandro<\/td><td>Salado D\u00edez<\/td><\/tr><tr><td>Pedro<\/td><td>Su\u00e1rez Fern\u00e1ndez<\/td><\/tr><tr><td>Mario<\/td><td>Tafalla Garc\u00eda<\/td><\/tr><tr><td>Sonsoles<\/td><td>Valdivia-Salas<\/td><\/tr><tr><td>Nicol\u00e1s<\/td><td>Vill\u00e9n Jim\u00e9nez<\/td><\/tr><\/tbody><\/table><\/figure>\n\n\n\n<h2 class=\"wp-block-heading\"><strong>Plata<\/strong><\/h2>\n\n\n\n<figure class=\"wp-block-table\"><table><tbody><tr><td>Alberto<\/td><td>L\u00f3pez San Miguel<\/td><\/tr><tr><td>Angel<\/td><td>Gavieiro Besteiro<\/td><\/tr><tr><td>\u00c1ngel<\/td><td>\u00c1lvarez Rodr\u00edguez<\/td><\/tr><tr><td>Eva<\/td><td>Hern\u00e1ndez Castells<\/td><\/tr><tr><td>Ignacio<\/td><td>Umbert<\/td><\/tr><tr><td>Jaime<\/td><td>Fern\u00e1ndez Arias<\/td><\/tr><tr><td>Jos\u00e9 Antonio<\/td><td>Monedero<\/td><\/tr><tr><td>Jos\u00e9 Luis&nbsp;<\/td><td>Romero Mart\u00edn<\/td><\/tr><tr><td>Jos\u00e9 Manuel<\/td><td>Pardo Mu\u00f1oz<\/td><\/tr><tr><td>Jos\u00e9 Miguel<\/td><td>Garc\u00eda Mart\u00edn<\/td><\/tr><tr><td>Mar\u00eda Bel\u00e9n<\/td><td>Llera Cermero<\/td><\/tr><tr><td>Mar\u00eda Dolores<\/td><td>Casta\u00f1o Linares<\/td><\/tr><tr><td>Mar\u00eda Jes\u00fas<\/td><td>Fuente P\u00e9rez<\/td><\/tr><tr><td>Miguel<\/td><td>Herr\u00e1iz Sarachaga<\/td><\/tr><tr><td>Miguel Angel<\/td><td>Perchin de Torres<\/td><\/tr><tr><td>Pedro \u00c1ngel<\/td><td>Navarro Mart\u00ednez<\/td><\/tr><tr><td>Pilar<\/td><td>Bar\u00f3n Allue<\/td><\/tr><tr><td>Rafael<\/td><td>del Rey Salgado<\/td><\/tr><tr><td>SERGIO<\/td><td>Vila-Sanjuan Robert<\/td><\/tr><tr><td>Soledad<\/td><td>Verdejo Lucas<\/td><\/tr><\/tbody><\/table><\/figure>\n\n\n\n<h2 class=\"wp-block-heading\"><strong>Bronce<\/strong><\/h2>\n\n\n\n<figure class=\"wp-block-table\"><table><tbody><tr><td>Mar\u00eda Victoria<\/td><td>Alc\u00e1zar Montero<\/td><\/tr><tr><td>Enrique J.&nbsp;<\/td><td>Cobos<\/td><\/tr><tr><td>Mar\u00eda Luisa<\/td><td>Garc\u00eda Bermejo<\/td><\/tr><tr><td>Francisco<\/td><td>Gonz\u00e1lez Garc\u00eda<\/td><\/tr><tr><td>Enrique<\/td><td>Igoa Mateos<\/td><\/tr><tr><td>Pilar<\/td><td>Manzano Garc\u00eda<\/td><\/tr><tr><td>Alicia<\/td><td>Mart\u00edn<\/td><\/tr><tr><td>Jos\u00e9 Miguel<\/td><td>Mart\u00edn<\/td><\/tr><tr><td>Jaime<\/td><td>Moreno<\/td><\/tr><tr><td>Vicente<\/td><td>Pallas Benet<\/td><\/tr><tr><td>Mar\u00eda Luisa<\/td><td>Pareja Krael<\/td><\/tr><tr><td>Rub\u00e9n<\/td><td>San Segundo Hern\u00e1ndez<\/td><\/tr><tr><td>Luis Carlos<\/td><td>Sanz Mart\u00ednez<\/td><\/tr><tr><td>Eva Mar\u00eda<\/td><td>Sotomayor Morales<\/td><\/tr><tr><td>Mar\u00eda Amparo<\/td><td>Urbano Salvador<\/td><\/tr><\/tbody><\/table><\/figure>\n","protected":false},"excerpt":{"rendered":"<p>Institucional &nbsp; Borak Desarrollo \u00c1ngel Cabrera Juan Manuel Delgado Moreira Luis Rodr\u00edguez-Ovejero &nbsp; US TAX CONSULTANTS Oro Marina \u00c1lvarez Royo-Villanova Miguel Beltr\u00e1n de Felipe Ram\u00f3n Bou Pallisa Teresa Cantero Garc\u00eda-Monc\u00f3 Leandro Ca\u00f1ibano Calvo Susana de la Sierra Mor\u00f3n Jos\u00e9 Luis&nbsp; del Valle Doblado Juan D\u00edaz-Andreu Garc\u00eda Antonio Fern\u00e1ndez Anta Mar\u00eda Elena Fern\u00e1ndez de Ochoa (Familia [&hellip;]<\/p>\n","protected":false},"author":9,"featured_media":0,"parent":316,"menu_order":0,"comment_status":"closed","ping_status":"closed","template":"","meta":{"ngg_post_thumbnail":0,"footnotes":""},"class_list":["post-5662","page","type-page","status-publish","hentry"],"_links":{"self":[{"href":"https:\/\/asoc-fulbright.es\/index.php?rest_route=\/wp\/v2\/pages\/5662","targetHints":{"allow":["GET"]}}],"collection":[{"href":"https:\/\/asoc-fulbright.es\/index.php?rest_route=\/wp\/v2\/pages"}],"about":[{"href":"https:\/\/asoc-fulbright.es\/index.php?rest_route=\/wp\/v2\/types\/page"}],"author":[{"embeddable":true,"href":"https:\/\/asoc-fulbright.es\/index.php?rest_route=\/wp\/v2\/users\/9"}],"replies":[{"embeddable":true,"href":"https:\/\/asoc-fulbright.es\/index.php?rest_route=%2Fwp%2Fv2%2Fcomments&post=5662"}],"version-history":[{"count":4,"href":"https:\/\/asoc-fulbright.es\/index.php?rest_route=\/wp\/v2\/pages\/5662\/revisions"}],"predecessor-version":[{"id":5695,"href":"https:\/\/asoc-fulbright.es\/index.php?rest_route=\/wp\/v2\/pages\/5662\/revisions\/5695"}],"up":[{"embeddable":true,"href":"https:\/\/asoc-fulbright.es\/index.php?rest_route=\/wp\/v2\/pages\/316"}],"wp:attachment":[{"href":"https:\/\/asoc-fulbright.es\/index.php?rest_route=%2Fwp%2Fv2%2Fmedia&parent=5662"}],"curies":[{"name":"wp","href":"https:\/\/api.w.org\/{rel}","templated":true}]}}