{"id":5532,"date":"2024-05-17T16:23:51","date_gmt":"2024-05-17T15:23:51","guid":{"rendered":"https:\/\/asoc-fulbright.es\/?page_id=5532"},"modified":"2024-05-17T16:23:52","modified_gmt":"2024-05-17T15:23:52","slug":"patrocinadores-de-la-beca-en-2023","status":"publish","type":"page","link":"https:\/\/asoc-fulbright.es\/?page_id=5532","title":{"rendered":"Patrocinadores de la Beca en 2023"},"content":{"rendered":"\n<h1 class=\"wp-block-heading\"><strong>Institucional<\/strong><\/h1>\n\n\n\n<figure class=\"wp-block-table\"><table><tbody><tr><td>Manuel<\/td><td>Anguita L\u00f3pez<\/td><\/tr><tr><td>&nbsp;<\/td><td>Borak Desarrollo<\/td><\/tr><tr><td>\u00c1ngel<\/td><td>Cabrera<\/td><\/tr><tr><td>Juan Manuel<\/td><td>Delgado Moreira<\/td><\/tr><tr><td>Luis<\/td><td>Rodr\u00edguez-Ovejero<\/td><\/tr><tr><td>&nbsp;<\/td><td>US TAX CONSULTANTS<\/td><\/tr><\/tbody><\/table><\/figure>\n\n\n\n<h2 class=\"wp-block-heading\"><strong>Oro<\/strong><\/h2>\n\n\n\n<figure class=\"wp-block-table\"><table><tbody><tr><td>Marina<\/td><td>\u00c1lvarez Royo Villanova<\/td><\/tr><tr><td>&nbsp;<\/td><td>An\u00f3nimo 797<\/td><\/tr><tr><td>Miguel<\/td><td>Beltr\u00e1n de Felipe<\/td><\/tr><tr><td>Ram\u00f3n<\/td><td>Bou Pallisa<\/td><\/tr><tr><td>Mar\u00eda de la Monta\u00f1a<\/td><td>C\u00e1mara Hurtado<\/td><\/tr><tr><td>Leandro<\/td><td>Ca\u00f1ibano Calvo<\/td><\/tr><tr><td>Mar\u00eda de los \u00c1ngeles<\/td><td>Cerezo Jim\u00e9nez<\/td><\/tr><tr><td>Jos\u00e9 Luis&nbsp;<\/td><td>Cortina Muguruza<\/td><\/tr><tr><td>Ignacio<\/td><td>del Valle Catal\u00e1n<\/td><\/tr><tr><td>Jos\u00e9 Luis&nbsp;<\/td><td>del Valle Doblado<\/td><\/tr><tr><td>Juan<\/td><td>D\u00edaz-Andreu Garc\u00eda<\/td><\/tr><tr><td>Antonio<\/td><td>Fern\u00e1ndez Anta<\/td><\/tr><tr><td>Mar\u00eda Elena<\/td><td>Fern\u00e1ndez de Ochoa (Familia Foster)<\/td><\/tr><tr><td>Antonio&nbsp;<\/td><td>Gir\u00f3n Ares<\/td><\/tr><tr><td>Enrique Agust\u00edn<\/td><td>Guerrero Salom<\/td><\/tr><tr><td>Higinio<\/td><td>Guillamon<\/td><\/tr><tr><td>Jos\u00e9<\/td><td>L\u00f3pez-Barneo<\/td><\/tr><tr><td>Mar\u00eda Luisa<\/td><td>P\u00e9rez-Griffo<\/td><\/tr><tr><td>Alejandro<\/td><td>Salado D\u00edez<\/td><\/tr><tr><td>Pedro<\/td><td>Su\u00e1rez Fern\u00e1ndez<\/td><\/tr><tr><td>Ignacio<\/td><td>Umbert<\/td><\/tr><tr><td>Sonsoles<\/td><td>Valdivia-Salas<\/td><\/tr><tr><td>Nicol\u00e1s<\/td><td>Vill\u00e9n Jim\u00e9nez<\/td><\/tr><\/tbody><\/table><\/figure>\n\n\n\n<h2 class=\"wp-block-heading\"><strong>Plata<\/strong><\/h2>\n\n\n\n<figure class=\"wp-block-table\"><table><tbody><tr><td>Roc\u00edo Macarena<\/td><td>Alonso Del Amo<\/td><\/tr><tr><td>\u00c1ngel<\/td><td>\u00c1lvarez Rodr\u00edguez<\/td><\/tr><tr><td>Mar\u00eda A<\/td><td>Ballesteros-Sola<\/td><\/tr><tr><td>Mar\u00eda Dolores<\/td><td>Casta\u00f1o Linares<\/td><\/tr><tr><td>Pedro<\/td><td>Cordero P\u00e9rez<\/td><\/tr><tr><td>I\u00f1\u00f1igo Jorge<\/td><td>De Luisa<\/td><\/tr><tr><td>Rafael<\/td><td>del Rey Salgado<\/td><\/tr><tr><td>Mar\u00eda Jes\u00fas<\/td><td>Fuente P\u00e9rez<\/td><\/tr><tr><td>Jos\u00e9 Miguel<\/td><td>Garc\u00eda Mart\u00edn<\/td><\/tr><tr><td>Angel<\/td><td>Gavieiro Besteiro<\/td><\/tr><tr><td>Mariano<\/td><td>G\u00f3mez Aranda<\/td><\/tr><tr><td>F<\/td><td>Gonz\u00e1lez Garc\u00eda<\/td><\/tr><tr><td>F\u00e9lix<\/td><td>Guardia Peinado<\/td><\/tr><tr><td>Alberto<\/td><td>L\u00f3pez San Miguel<\/td><\/tr><tr><td>Pedro \u00c1ngel&nbsp;<\/td><td>Navarro&nbsp;<\/td><\/tr><tr><td>Jes\u00fas<\/td><td>Nieto Gonz\u00e1lez<\/td><\/tr><tr><td>Jos\u00e9 Manuel<\/td><td>Pardo Mu\u00f1oz<\/td><\/tr><tr><td>Gloria<\/td><td>Rodr\u00edguez<\/td><\/tr><tr><td>Jos\u00e9 Javier<\/td><td>Rodr\u00edguez Alcaide<\/td><\/tr><tr><td>Jos\u00e9 Luis&nbsp;<\/td><td>Romero Mart\u00edn<\/td><\/tr><tr><td>Miguel<\/td><td>Roncales<\/td><\/tr><tr><td>Mario<\/td><td>Tafalla Garc\u00eda<\/td><\/tr><tr><td>Jos\u00e9 Ignacio<\/td><td>Torreblanca Pay\u00e1<\/td><\/tr><tr><td>Eleuterio<\/td><td>Vallelado Gonz\u00e1lez<\/td><\/tr><\/tbody><\/table><\/figure>\n\n\n\n<h2 class=\"wp-block-heading\"><strong>Bronce<\/strong><\/h2>\n\n\n\n<figure class=\"wp-block-table\"><table><tbody><tr><td>Adolfo<\/td><td>Campoy-Cubillo<\/td><\/tr><tr><td>Joana<\/td><td>Costa Knufinke<\/td><\/tr><tr><td>Miguel Angel&nbsp;<\/td><td>Hern\u00e1n G\u00f3mez<\/td><\/tr><tr><td>Miguel<\/td><td>Herr\u00e1iz Sarachaga<\/td><\/tr><tr><td>Enrique<\/td><td>Igoa Mateos<\/td><\/tr><tr><td>Pilar<\/td><td>Manzano Garc\u00eda<\/td><\/tr><tr><td>Jos\u00e9 Miguel<\/td><td>Mart\u00edn \u00c1lvarez<\/td><\/tr><tr><td>Alicia<\/td><td>Mart\u00edn L\u00f3pez<\/td><\/tr><tr><td>Jaime<\/td><td>Moreno Garc\u00eda<\/td><\/tr><tr><td>Mar\u00eda Teresa<\/td><td>Mudarra<\/td><\/tr><tr><td>Jorge<\/td><td>Oceja<\/td><\/tr><tr><td>Miguel Angel<\/td><td>Perch\u00edn<\/td><\/tr><tr><td>Olivia<\/td><td>Prior Palomares<\/td><\/tr><tr><td>Rub\u00e9n&nbsp;<\/td><td>San Segundo Hern\u00e1ndez<\/td><\/tr><tr><td>Luis<\/td><td>Sanz Mart\u00ednez<\/td><\/tr><\/tbody><\/table><\/figure>\n","protected":false},"excerpt":{"rendered":"<p>Institucional Manuel Anguita L\u00f3pez &nbsp; Borak Desarrollo \u00c1ngel Cabrera Juan Manuel Delgado Moreira Luis Rodr\u00edguez-Ovejero &nbsp; US TAX CONSULTANTS Oro Marina \u00c1lvarez Royo Villanova &nbsp; An\u00f3nimo 797 Miguel Beltr\u00e1n de Felipe Ram\u00f3n Bou Pallisa Mar\u00eda de la Monta\u00f1a C\u00e1mara Hurtado Leandro Ca\u00f1ibano Calvo Mar\u00eda de los \u00c1ngeles Cerezo Jim\u00e9nez Jos\u00e9 Luis&nbsp; Cortina Muguruza Ignacio del [&hellip;]<\/p>\n","protected":false},"author":9,"featured_media":0,"parent":113,"menu_order":0,"comment_status":"closed","ping_status":"closed","template":"","meta":{"ngg_post_thumbnail":0,"footnotes":""},"class_list":["post-5532","page","type-page","status-publish","hentry"],"_links":{"self":[{"href":"https:\/\/asoc-fulbright.es\/index.php?rest_route=\/wp\/v2\/pages\/5532","targetHints":{"allow":["GET"]}}],"collection":[{"href":"https:\/\/asoc-fulbright.es\/index.php?rest_route=\/wp\/v2\/pages"}],"about":[{"href":"https:\/\/asoc-fulbright.es\/index.php?rest_route=\/wp\/v2\/types\/page"}],"author":[{"embeddable":true,"href":"https:\/\/asoc-fulbright.es\/index.php?rest_route=\/wp\/v2\/users\/9"}],"replies":[{"embeddable":true,"href":"https:\/\/asoc-fulbright.es\/index.php?rest_route=%2Fwp%2Fv2%2Fcomments&post=5532"}],"version-history":[{"count":2,"href":"https:\/\/asoc-fulbright.es\/index.php?rest_route=\/wp\/v2\/pages\/5532\/revisions"}],"predecessor-version":[{"id":5536,"href":"https:\/\/asoc-fulbright.es\/index.php?rest_route=\/wp\/v2\/pages\/5532\/revisions\/5536"}],"up":[{"embeddable":true,"href":"https:\/\/asoc-fulbright.es\/index.php?rest_route=\/wp\/v2\/pages\/113"}],"wp:attachment":[{"href":"https:\/\/asoc-fulbright.es\/index.php?rest_route=%2Fwp%2Fv2%2Fmedia&parent=5532"}],"curies":[{"name":"wp","href":"https:\/\/api.w.org\/{rel}","templated":true}]}}