{"id":545,"date":"2009-03-11T17:19:11","date_gmt":"2009-03-11T16:19:11","guid":{"rendered":"http:\/\/beta.asoc-fulbright.es\/?page_id=545"},"modified":"2020-10-19T18:26:22","modified_gmt":"2020-10-19T17:26:22","slug":"fulcro-numero-78","status":"publish","type":"page","link":"https:\/\/asoc-fulbright.es\/?page_id=545","title":{"rendered":"Fulcro N\u00famero 7\/8"},"content":{"rendered":"<p><strong>Fulcro N\u00famero 7\/8&nbsp; (Edici\u00f3n especial), editada en el&nbsp; oto\u00f1o-invierno de 1994.<\/strong><\/p>\n<p>Desc\u00e1rgate el N\u00famero 7\/8 de la Revista Fulcro en formato PDF, en <a href=\"\/wp-content\/uploads\/2009\/03\/fulcro-7-8.pdf\">alta calidad<\/a> o en <a href=\"\/wp-content\/uploads\/2009\/03\/fulcro-7-8-calidadmedia.pdf\">calidad media<\/a>.<\/p>\n","protected":false},"excerpt":{"rendered":"<p>Fulcro N\u00famero 7\/8&nbsp; (Edici\u00f3n especial), editada en el&nbsp; oto\u00f1o-invierno de 1994. Desc\u00e1rgate el N\u00famero 7\/8 de la Revista Fulcro en formato PDF, en alta calidad o en calidad media.<\/p>\n","protected":false},"author":1,"featured_media":0,"parent":431,"menu_order":0,"comment_status":"open","ping_status":"open","template":"","meta":{"ngg_post_thumbnail":0,"footnotes":""},"class_list":["post-545","page","type-page","status-publish","hentry"],"_links":{"self":[{"href":"https:\/\/asoc-fulbright.es\/index.php?rest_route=\/wp\/v2\/pages\/545","targetHints":{"allow":["GET"]}}],"collection":[{"href":"https:\/\/asoc-fulbright.es\/index.php?rest_route=\/wp\/v2\/pages"}],"about":[{"href":"https:\/\/asoc-fulbright.es\/index.php?rest_route=\/wp\/v2\/types\/page"}],"author":[{"embeddable":true,"href":"https:\/\/asoc-fulbright.es\/index.php?rest_route=\/wp\/v2\/users\/1"}],"replies":[{"embeddable":true,"href":"https:\/\/asoc-fulbright.es\/index.php?rest_route=%2Fwp%2Fv2%2Fcomments&post=545"}],"version-history":[{"count":5,"href":"https:\/\/asoc-fulbright.es\/index.php?rest_route=\/wp\/v2\/pages\/545\/revisions"}],"predecessor-version":[{"id":4858,"href":"https:\/\/asoc-fulbright.es\/index.php?rest_route=\/wp\/v2\/pages\/545\/revisions\/4858"}],"up":[{"embeddable":true,"href":"https:\/\/asoc-fulbright.es\/index.php?rest_route=\/wp\/v2\/pages\/431"}],"wp:attachment":[{"href":"https:\/\/asoc-fulbright.es\/index.php?rest_route=%2Fwp%2Fv2%2Fmedia&parent=545"}],"curies":[{"name":"wp","href":"https:\/\/api.w.org\/{rel}","templated":true}]}}