{"id":5407,"date":"2023-04-13T14:26:31","date_gmt":"2023-04-13T13:26:31","guid":{"rendered":"https:\/\/asoc-fulbright.es\/?page_id=5407"},"modified":"2023-04-15T19:35:48","modified_gmt":"2023-04-15T18:35:48","slug":"patrocinadores-de-la-beca-en-2022-2","status":"publish","type":"page","link":"https:\/\/asoc-fulbright.es\/?page_id=5407","title":{"rendered":"Patrocinadores de la Beca en 2022"},"content":{"rendered":"\n<h1 class=\"wp-block-heading\"><strong>Institucional<\/strong><\/h1>\n\n\n\n<figure class=\"wp-block-table\"><table><tbody><tr><td>\u00c1ngel<\/td><td>Cabrera<\/td><\/tr><tr><td>Juan Manuel<\/td><td>Delgado Moreira<\/td><\/tr><tr><td><\/td><td>US TAX CONSULTANTS<\/td><\/tr><\/tbody><\/table><\/figure>\n\n\n\n<h2 class=\"wp-block-heading\"><strong>Oro<\/strong><\/h2>\n\n\n\n<figure class=\"wp-block-table\"><table><tbody><tr><td><\/td><td>An\u00f3nimo 797<\/td><\/tr><tr><td>Miguel<\/td><td>Beltr\u00e1n de Felipe<\/td><\/tr><tr><td>Ram\u00f3n<\/td><td>Bou Pallisa<\/td><\/tr><tr><td>Leandro<\/td><td>Ca\u00f1ibano Calvo<\/td><\/tr><tr><td>Jos\u00e9 Luis&nbsp;<\/td><td>Cortina Muguruza<\/td><\/tr><tr><td>Rafael<\/td><td>del Rey Salgado<\/td><\/tr><tr><td>Ignacio<\/td><td>del Valle Catal\u00e1n<\/td><\/tr><tr><td>Jos\u00e9 Luis&nbsp;<\/td><td>del Valle Doblado<\/td><\/tr><tr><td>Juan<\/td><td>D\u00edaz-Andreu Garc\u00eda<\/td><\/tr><tr><td>Antonio<\/td><td>Fern\u00e1ndez Anta<\/td><\/tr><tr><td>Norman<\/td><td>Fern\u00e1ndez de Ochoa (Familia Foster)<\/td><\/tr><tr><td>Angel<\/td><td>Gavieiro Besteiro<\/td><\/tr><tr><td>Antonio&nbsp;<\/td><td>Gir\u00f3n Ares<\/td><\/tr><tr><td>F\u00e9lix<\/td><td>Guardia Peinado<\/td><\/tr><tr><td>Jos\u00e9<\/td><td>L\u00f3pez-Barneo<\/td><\/tr><tr><td>Mar\u00eda Luisa<\/td><td>P\u00e9rez-Griffo<\/td><\/tr><tr><td>Jos\u00e9 Javier<\/td><td>Rodr\u00edguez Alcaide<\/td><\/tr><tr><td>Luis<\/td><td>Rodr\u00edguez-Ovejero<\/td><\/tr><tr><td>Alejandro<\/td><td>Salado D\u00edez<\/td><\/tr><tr><td>Pedro<\/td><td>Su\u00e1rez Fern\u00e1ndez<\/td><\/tr><tr><td>Rafel<\/td><td>\u00darculo Aramburu<\/td><\/tr><tr><td>Sonsoles<\/td><td>Valdivia-Salas<\/td><\/tr><tr><td>Nicol\u00e1s<\/td><td>Vill\u00e9n Jim\u00e9nez<\/td><\/tr><\/tbody><\/table><\/figure>\n\n\n\n<h2 class=\"wp-block-heading\"><strong>Plata<\/strong><\/h2>\n\n\n\n<figure class=\"wp-block-table\"><table><tbody><tr><td>\u00c1ngel<\/td><td>\u00c1lvarez Rodr\u00edguez<\/td><\/tr><tr><td>Pilar<\/td><td>Bar\u00f3n Allue<\/td><\/tr><tr><td>Pedro Antonio<\/td><td>Calder\u00f3n Garc\u00eda<\/td><\/tr><tr><td>Mar\u00eda Dolores<\/td><td>Casta\u00f1o Linares<\/td><\/tr><tr><td>Pedro<\/td><td>Cordero P\u00e9rez<\/td><\/tr><tr><td>Mar\u00eda Jes\u00fas<\/td><td>Fuente P\u00e9rez<\/td><\/tr><tr><td>Jos\u00e9 Miguel<\/td><td>Garc\u00eda Mart\u00edn<\/td><\/tr><tr><td>Miguel Angel<\/td><td>Hern\u00e1n G\u00f3mez<\/td><\/tr><tr><td>Ver\u00f3nica<\/td><td>L\u00f3pez Sabater<\/td><\/tr><tr><td>Alberto<\/td><td>L\u00f3pez San Miguel<\/td><\/tr><tr><td>Pilar<\/td><td>Manzano Garc\u00eda<\/td><\/tr><tr><td>Jos\u00e9 Miguel<\/td><td>Mart\u00edn \u00c1lvarez<\/td><\/tr><tr><td>Alicia<\/td><td>Mart\u00edn L\u00f3pez<\/td><\/tr><tr><td>Elna<\/td><td>Matamoros<\/td><\/tr><tr><td>Jaime<\/td><td>Moreno Garc\u00eda<\/td><\/tr><tr><td>Jos\u00e9 Manuel<\/td><td>Pardo Mu\u00f1oz<\/td><\/tr><tr><td>Jos\u00e9 Luis&nbsp;<\/td><td>Romero Mart\u00edn<\/td><\/tr><tr><td>Mario<\/td><td>Tafalla Garc\u00eda<\/td><\/tr><tr><td>Ignacio<\/td><td>Umbert<\/td><\/tr><tr><td>Sergio<\/td><td>Vila-Sanjuan Robert<\/td><\/tr><\/tbody><\/table><\/figure>\n\n\n\n<h2 class=\"wp-block-heading\"><strong>Bronce<\/strong><\/h2>\n\n\n\n<figure class=\"wp-block-table\"><table><tbody><tr><td>Mar\u00eda Victoria<\/td><td>Alc\u00e1zar Montero<\/td><\/tr><tr><td>Jos\u00e9 Mar\u00eda<\/td><td>Heredia<\/td><\/tr><tr><td>Enrique<\/td><td>Igoa Mateos<\/td><\/tr><tr><td>Jos\u00e9 Antonio<\/td><td>Monedero<\/td><\/tr><tr><td>Jorge<\/td><td>Oceja<\/td><\/tr><tr><td>Miguel Angel<\/td><td>Perh\u00edn<\/td><\/tr><tr><td>Joan<\/td><td>Triay Marqu\u00e9s<\/td><\/tr><\/tbody><\/table><\/figure>\n","protected":false},"excerpt":{"rendered":"<p>Institucional \u00c1ngel Cabrera Juan Manuel Delgado Moreira US TAX CONSULTANTS Oro An\u00f3nimo 797 Miguel Beltr\u00e1n de Felipe Ram\u00f3n Bou Pallisa Leandro Ca\u00f1ibano Calvo Jos\u00e9 Luis&nbsp; Cortina Muguruza Rafael del Rey Salgado Ignacio del Valle Catal\u00e1n Jos\u00e9 Luis&nbsp; del Valle Doblado Juan D\u00edaz-Andreu Garc\u00eda Antonio Fern\u00e1ndez Anta Norman Fern\u00e1ndez de Ochoa (Familia Foster) Angel Gavieiro Besteiro [&hellip;]<\/p>\n","protected":false},"author":9,"featured_media":0,"parent":113,"menu_order":-1,"comment_status":"closed","ping_status":"closed","template":"","meta":{"ngg_post_thumbnail":0,"footnotes":""},"class_list":["post-5407","page","type-page","status-publish","hentry"],"_links":{"self":[{"href":"https:\/\/asoc-fulbright.es\/index.php?rest_route=\/wp\/v2\/pages\/5407","targetHints":{"allow":["GET"]}}],"collection":[{"href":"https:\/\/asoc-fulbright.es\/index.php?rest_route=\/wp\/v2\/pages"}],"about":[{"href":"https:\/\/asoc-fulbright.es\/index.php?rest_route=\/wp\/v2\/types\/page"}],"author":[{"embeddable":true,"href":"https:\/\/asoc-fulbright.es\/index.php?rest_route=\/wp\/v2\/users\/9"}],"replies":[{"embeddable":true,"href":"https:\/\/asoc-fulbright.es\/index.php?rest_route=%2Fwp%2Fv2%2Fcomments&post=5407"}],"version-history":[{"count":9,"href":"https:\/\/asoc-fulbright.es\/index.php?rest_route=\/wp\/v2\/pages\/5407\/revisions"}],"predecessor-version":[{"id":5434,"href":"https:\/\/asoc-fulbright.es\/index.php?rest_route=\/wp\/v2\/pages\/5407\/revisions\/5434"}],"up":[{"embeddable":true,"href":"https:\/\/asoc-fulbright.es\/index.php?rest_route=\/wp\/v2\/pages\/113"}],"wp:attachment":[{"href":"https:\/\/asoc-fulbright.es\/index.php?rest_route=%2Fwp%2Fv2%2Fmedia&parent=5407"}],"curies":[{"name":"wp","href":"https:\/\/api.w.org\/{rel}","templated":true}]}}