{"id":539,"date":"2009-03-11T17:04:01","date_gmt":"2009-03-11T16:04:01","guid":{"rendered":"http:\/\/beta.asoc-fulbright.es\/?page_id=539"},"modified":"2020-10-19T18:26:35","modified_gmt":"2020-10-19T17:26:35","slug":"fulcro-numero-6-ano-1993","status":"publish","type":"page","link":"https:\/\/asoc-fulbright.es\/?page_id=539","title":{"rendered":"Fulcro N\u00famero 6 &#8211; A\u00f1o 1993"},"content":{"rendered":"<p><strong>N\u00famero 6 de la Revista Fulcro, editada en el verano del a\u00f1o 1993.<\/strong><\/p>\n<p>Desc\u00e1rgate en formato PDF el N\u00famero 6 de la revista Fulcro en <a href=\"\/wp-content\/uploads\/2009\/03\/fulcro-6.pdf\">alta calidad<\/a> o en <a href=\"\/wp-content\/uploads\/2009\/03\/fulcro-6-calidadmedia.pdf\">calidad media<\/a>.<\/p>\n","protected":false},"excerpt":{"rendered":"<p>N\u00famero 6 de la Revista Fulcro, editada en el verano del a\u00f1o 1993. Desc\u00e1rgate en formato PDF el N\u00famero 6 de la revista Fulcro en alta calidad o en calidad media.<\/p>\n","protected":false},"author":1,"featured_media":0,"parent":431,"menu_order":0,"comment_status":"open","ping_status":"open","template":"","meta":{"ngg_post_thumbnail":0,"footnotes":""},"class_list":["post-539","page","type-page","status-publish","hentry"],"_links":{"self":[{"href":"https:\/\/asoc-fulbright.es\/index.php?rest_route=\/wp\/v2\/pages\/539","targetHints":{"allow":["GET"]}}],"collection":[{"href":"https:\/\/asoc-fulbright.es\/index.php?rest_route=\/wp\/v2\/pages"}],"about":[{"href":"https:\/\/asoc-fulbright.es\/index.php?rest_route=\/wp\/v2\/types\/page"}],"author":[{"embeddable":true,"href":"https:\/\/asoc-fulbright.es\/index.php?rest_route=\/wp\/v2\/users\/1"}],"replies":[{"embeddable":true,"href":"https:\/\/asoc-fulbright.es\/index.php?rest_route=%2Fwp%2Fv2%2Fcomments&post=539"}],"version-history":[{"count":4,"href":"https:\/\/asoc-fulbright.es\/index.php?rest_route=\/wp\/v2\/pages\/539\/revisions"}],"predecessor-version":[{"id":584,"href":"https:\/\/asoc-fulbright.es\/index.php?rest_route=\/wp\/v2\/pages\/539\/revisions\/584"}],"up":[{"embeddable":true,"href":"https:\/\/asoc-fulbright.es\/index.php?rest_route=\/wp\/v2\/pages\/431"}],"wp:attachment":[{"href":"https:\/\/asoc-fulbright.es\/index.php?rest_route=%2Fwp%2Fv2%2Fmedia&parent=539"}],"curies":[{"name":"wp","href":"https:\/\/api.w.org\/{rel}","templated":true}]}}