{"id":535,"date":"2009-03-11T16:57:03","date_gmt":"2009-03-11T15:57:03","guid":{"rendered":"http:\/\/beta.asoc-fulbright.es\/?page_id=535"},"modified":"2020-10-19T18:26:44","modified_gmt":"2020-10-19T17:26:44","slug":"fulcro-5-ano-1993","status":"publish","type":"page","link":"https:\/\/asoc-fulbright.es\/?page_id=535","title":{"rendered":"Fulcro 5 &#8211; A\u00f1o 1993"},"content":{"rendered":"<p><strong>N\u00famero 5 de la Revista Fulcro, editada en Enero del a\u00f1o 1993.<\/strong><\/p>\n<p>Desc\u00e1rgate en formato PDF el N\u00famero 5 de la Revista Fulcro en <a href=\"\/wp-content\/uploads\/2009\/03\/fulcro-5.pdf\">alta calidad<\/a> o en <a href=\"\/wp-content\/uploads\/2009\/03\/fulcro-5-calidadmedia.pdf\">calidad media<\/a>.<\/p>\n","protected":false},"excerpt":{"rendered":"<p>N\u00famero 5 de la Revista Fulcro, editada en Enero del a\u00f1o 1993. Desc\u00e1rgate en formato PDF el N\u00famero 5 de la Revista Fulcro en alta calidad o en calidad media.<\/p>\n","protected":false},"author":1,"featured_media":0,"parent":431,"menu_order":0,"comment_status":"open","ping_status":"open","template":"","meta":{"ngg_post_thumbnail":0,"footnotes":""},"class_list":["post-535","page","type-page","status-publish","hentry"],"_links":{"self":[{"href":"https:\/\/asoc-fulbright.es\/index.php?rest_route=\/wp\/v2\/pages\/535","targetHints":{"allow":["GET"]}}],"collection":[{"href":"https:\/\/asoc-fulbright.es\/index.php?rest_route=\/wp\/v2\/pages"}],"about":[{"href":"https:\/\/asoc-fulbright.es\/index.php?rest_route=\/wp\/v2\/types\/page"}],"author":[{"embeddable":true,"href":"https:\/\/asoc-fulbright.es\/index.php?rest_route=\/wp\/v2\/users\/1"}],"replies":[{"embeddable":true,"href":"https:\/\/asoc-fulbright.es\/index.php?rest_route=%2Fwp%2Fv2%2Fcomments&post=535"}],"version-history":[{"count":3,"href":"https:\/\/asoc-fulbright.es\/index.php?rest_route=\/wp\/v2\/pages\/535\/revisions"}],"predecessor-version":[{"id":582,"href":"https:\/\/asoc-fulbright.es\/index.php?rest_route=\/wp\/v2\/pages\/535\/revisions\/582"}],"up":[{"embeddable":true,"href":"https:\/\/asoc-fulbright.es\/index.php?rest_route=\/wp\/v2\/pages\/431"}],"wp:attachment":[{"href":"https:\/\/asoc-fulbright.es\/index.php?rest_route=%2Fwp%2Fv2%2Fmedia&parent=535"}],"curies":[{"name":"wp","href":"https:\/\/api.w.org\/{rel}","templated":true}]}}