{"id":531,"date":"2009-03-11T16:50:16","date_gmt":"2009-03-11T15:50:16","guid":{"rendered":"http:\/\/beta.asoc-fulbright.es\/?page_id=531"},"modified":"2020-10-19T18:27:05","modified_gmt":"2020-10-19T17:27:05","slug":"fulcro-4-ano-1992","status":"publish","type":"page","link":"https:\/\/asoc-fulbright.es\/?page_id=531","title":{"rendered":"Fulcro 4 &#8211; A\u00f1o 1992"},"content":{"rendered":"<p><strong>N\u00famero 4 de la Revista Fulcro (Oto\u00f1o de 1992)<\/strong><\/p>\n<p>Desc\u00e1rgate en formato PDF del n\u00famero 4 de la Revista Fulcro, en <a href=\"\/wp-content\/uploads\/2009\/03\/fulcro-4.pdf\">alta calidad<\/a> o en <a href=\"\/wp-content\/uploads\/2009\/03\/fulcro-4-calidadmedia.pdf\">calidad media<\/a>.<\/p>\n","protected":false},"excerpt":{"rendered":"<p>N\u00famero 4 de la Revista Fulcro (Oto\u00f1o de 1992) Desc\u00e1rgate en formato PDF del n\u00famero 4 de la Revista Fulcro, en alta calidad o en calidad media.<\/p>\n","protected":false},"author":1,"featured_media":0,"parent":431,"menu_order":0,"comment_status":"open","ping_status":"open","template":"","meta":{"ngg_post_thumbnail":0,"footnotes":""},"class_list":["post-531","page","type-page","status-publish","hentry"],"_links":{"self":[{"href":"https:\/\/asoc-fulbright.es\/index.php?rest_route=\/wp\/v2\/pages\/531","targetHints":{"allow":["GET"]}}],"collection":[{"href":"https:\/\/asoc-fulbright.es\/index.php?rest_route=\/wp\/v2\/pages"}],"about":[{"href":"https:\/\/asoc-fulbright.es\/index.php?rest_route=\/wp\/v2\/types\/page"}],"author":[{"embeddable":true,"href":"https:\/\/asoc-fulbright.es\/index.php?rest_route=\/wp\/v2\/users\/1"}],"replies":[{"embeddable":true,"href":"https:\/\/asoc-fulbright.es\/index.php?rest_route=%2Fwp%2Fv2%2Fcomments&post=531"}],"version-history":[{"count":3,"href":"https:\/\/asoc-fulbright.es\/index.php?rest_route=\/wp\/v2\/pages\/531\/revisions"}],"predecessor-version":[{"id":581,"href":"https:\/\/asoc-fulbright.es\/index.php?rest_route=\/wp\/v2\/pages\/531\/revisions\/581"}],"up":[{"embeddable":true,"href":"https:\/\/asoc-fulbright.es\/index.php?rest_route=\/wp\/v2\/pages\/431"}],"wp:attachment":[{"href":"https:\/\/asoc-fulbright.es\/index.php?rest_route=%2Fwp%2Fv2%2Fmedia&parent=531"}],"curies":[{"name":"wp","href":"https:\/\/api.w.org\/{rel}","templated":true}]}}