{"id":527,"date":"2009-03-11T16:44:06","date_gmt":"2009-03-11T15:44:06","guid":{"rendered":"http:\/\/beta.asoc-fulbright.es\/?page_id=527"},"modified":"2020-10-19T18:27:17","modified_gmt":"2020-10-19T17:27:17","slug":"fulcro-numero-3-ano-1991","status":"publish","type":"page","link":"https:\/\/asoc-fulbright.es\/?page_id=527","title":{"rendered":"Fulcro N\u00famero 3 &#8211; A\u00f1o 1991"},"content":{"rendered":"<p><strong>Edici\u00f3n N\u00famero 3 de la Revista Fulcro, publicada en el oto\u00f1o-invierno del a\u00f1o 1991.<\/strong><\/p>\n<p>Desc\u00e1rgate en formato PDF el N\u00famero 3 de la revista Fulcro, en <a href=\"\/wp-content\/uploads\/2009\/03\/fulcro-3.pdf\">alta calidad<\/a> o en <a href=\"\/wp-content\/uploads\/2009\/03\/fulcro-3-50pc.pdf\">calidad media.<\/a><\/p>\n","protected":false},"excerpt":{"rendered":"<p>Edici\u00f3n N\u00famero 3 de la Revista Fulcro, publicada en el oto\u00f1o-invierno del a\u00f1o 1991. Desc\u00e1rgate en formato PDF el N\u00famero 3 de la revista Fulcro, en alta calidad o en calidad media.<\/p>\n","protected":false},"author":1,"featured_media":0,"parent":431,"menu_order":0,"comment_status":"open","ping_status":"open","template":"","meta":{"ngg_post_thumbnail":0,"footnotes":""},"class_list":["post-527","page","type-page","status-publish","hentry"],"_links":{"self":[{"href":"https:\/\/asoc-fulbright.es\/index.php?rest_route=\/wp\/v2\/pages\/527","targetHints":{"allow":["GET"]}}],"collection":[{"href":"https:\/\/asoc-fulbright.es\/index.php?rest_route=\/wp\/v2\/pages"}],"about":[{"href":"https:\/\/asoc-fulbright.es\/index.php?rest_route=\/wp\/v2\/types\/page"}],"author":[{"embeddable":true,"href":"https:\/\/asoc-fulbright.es\/index.php?rest_route=\/wp\/v2\/users\/1"}],"replies":[{"embeddable":true,"href":"https:\/\/asoc-fulbright.es\/index.php?rest_route=%2Fwp%2Fv2%2Fcomments&post=527"}],"version-history":[{"count":5,"href":"https:\/\/asoc-fulbright.es\/index.php?rest_route=\/wp\/v2\/pages\/527\/revisions"}],"predecessor-version":[{"id":4859,"href":"https:\/\/asoc-fulbright.es\/index.php?rest_route=\/wp\/v2\/pages\/527\/revisions\/4859"}],"up":[{"embeddable":true,"href":"https:\/\/asoc-fulbright.es\/index.php?rest_route=\/wp\/v2\/pages\/431"}],"wp:attachment":[{"href":"https:\/\/asoc-fulbright.es\/index.php?rest_route=%2Fwp%2Fv2%2Fmedia&parent=527"}],"curies":[{"name":"wp","href":"https:\/\/api.w.org\/{rel}","templated":true}]}}