{"id":522,"date":"2009-03-11T16:32:13","date_gmt":"2009-03-11T15:32:13","guid":{"rendered":"http:\/\/beta.asoc-fulbright.es\/?page_id=522"},"modified":"2020-10-19T18:27:27","modified_gmt":"2020-10-19T17:27:27","slug":"fulcro-numero-2-ano-1991","status":"publish","type":"page","link":"https:\/\/asoc-fulbright.es\/?page_id=522","title":{"rendered":"Fulcro N\u00famero 2 &#8211; A\u00f1o 1991"},"content":{"rendered":"<p><strong>N\u00famero 2 de la Revista Fulcro, publicada en la primavera de 1991<\/strong><\/p>\n<p><a href=\"\/wp-content\/uploads\/2009\/03\/fulcro-2.pdf\">Desc\u00e1rgate en formato PDF el N\u00famero 2 de la Revista Fulcro<\/a><\/p>\n","protected":false},"excerpt":{"rendered":"<p>N\u00famero 2 de la Revista Fulcro, publicada en la primavera de 1991 Desc\u00e1rgate en formato PDF el N\u00famero 2 de la Revista Fulcro<\/p>\n","protected":false},"author":1,"featured_media":0,"parent":431,"menu_order":0,"comment_status":"open","ping_status":"open","template":"","meta":{"ngg_post_thumbnail":0,"footnotes":""},"class_list":["post-522","page","type-page","status-publish","hentry"],"_links":{"self":[{"href":"https:\/\/asoc-fulbright.es\/index.php?rest_route=\/wp\/v2\/pages\/522","targetHints":{"allow":["GET"]}}],"collection":[{"href":"https:\/\/asoc-fulbright.es\/index.php?rest_route=\/wp\/v2\/pages"}],"about":[{"href":"https:\/\/asoc-fulbright.es\/index.php?rest_route=\/wp\/v2\/types\/page"}],"author":[{"embeddable":true,"href":"https:\/\/asoc-fulbright.es\/index.php?rest_route=\/wp\/v2\/users\/1"}],"replies":[{"embeddable":true,"href":"https:\/\/asoc-fulbright.es\/index.php?rest_route=%2Fwp%2Fv2%2Fcomments&post=522"}],"version-history":[{"count":8,"href":"https:\/\/asoc-fulbright.es\/index.php?rest_route=\/wp\/v2\/pages\/522\/revisions"}],"predecessor-version":[{"id":4860,"href":"https:\/\/asoc-fulbright.es\/index.php?rest_route=\/wp\/v2\/pages\/522\/revisions\/4860"}],"up":[{"embeddable":true,"href":"https:\/\/asoc-fulbright.es\/index.php?rest_route=\/wp\/v2\/pages\/431"}],"wp:attachment":[{"href":"https:\/\/asoc-fulbright.es\/index.php?rest_route=%2Fwp%2Fv2%2Fmedia&parent=522"}],"curies":[{"name":"wp","href":"https:\/\/api.w.org\/{rel}","templated":true}]}}