{"id":5201,"date":"2022-05-16T18:00:36","date_gmt":"2022-05-16T17:00:36","guid":{"rendered":"https:\/\/asoc-fulbright.es\/?page_id=5201"},"modified":"2022-05-16T18:22:33","modified_gmt":"2022-05-16T17:22:33","slug":"mayores-contribuidores-2005-2019","status":"publish","type":"page","link":"https:\/\/asoc-fulbright.es\/?page_id=5201","title":{"rendered":"Mayores contribuidores 2005-2019"},"content":{"rendered":"\n<p><\/p>\n\n\n\n<figure class=\"wp-block-table is-style-stripes\"><table><tbody><tr><td>1<\/td><td>\u00c1NGEL y ELIZABETH<\/td><td>CABRERA<\/td><\/tr><tr><td>2<\/td><td>LUIS<\/td><td>RODR\u00cdGUEZ-OVEJERO<\/td><\/tr><tr><td>3<\/td><td>JUAN MANUEL<\/td><td>DELGADO MOREIRA<\/td><\/tr><tr><td>4<\/td><td><\/td><td>Fundaci\u00f3n INNAXIS<\/td><\/tr><tr><td>5<\/td><td>ANTONIO<\/td><td>FERN\u00c1NDEZ ANTA<\/td><\/tr><tr><td>6<\/td><td>JUAN<\/td><td>D\u00cdAZ-ANDREU GARC\u00cdA<\/td><\/tr><tr><td>7<\/td><td>NICOL\u00c1S<\/td><td>VILL\u00c9N JIM\u00c9NEZ<\/td><\/tr><tr><td>8<\/td><td>ALBERTO<\/td><td>L\u00d3PEZ SAN MIGUEL<\/td><\/tr><tr><td>9<\/td><td>F\u00c9LIX<\/td><td>GUARDIA PEINADO<\/td><\/tr><tr><td>10<\/td><td>GLORIA<\/td><td>del CAMPO<\/td><\/tr><tr><td>11<\/td><td>\u00c1NGEL<\/td><td>GAVIEIRO BESTEIRO<\/td><\/tr><tr><td>12<\/td><td>ANTONIO<\/td><td>GIR\u00d3N ARES<\/td><\/tr><tr><td>13<\/td><td>JOS\u00c9 MANUEL<\/td><td>PARDO MU\u00d1OZ<\/td><\/tr><tr><td>14<\/td><td>\u00c1NGEL<\/td><td>\u00c1LVAREZ RODR\u00cdGUEZ<\/td><\/tr><tr><td>15<\/td><td>EDUARDO<\/td><td>P\u00c9REZ P\u00c9REZ<\/td><\/tr><tr><td>16<\/td><td>ARJAN<\/td><td>SUNDARDAS<\/td><\/tr><tr><td>17<\/td><td>PILAR<\/td><td>MANZANO GARC\u00cdA<\/td><\/tr><tr><td>18<\/td><td>JOS\u00c9 JAVIER<\/td><td>RODR\u00cdGUEZ ALCAIDE<\/td><\/tr><tr><td>19<\/td><td>MAR\u00cdA ELENA<\/td><td>FERN\u00c1NDEZ DE OCHOA (FAMILIA FOSTER)<\/td><\/tr><tr><td>20<\/td><td>MIGUEL<\/td><td>BELTR\u00c1N DE FELIPE<\/td><\/tr><\/tbody><\/table><\/figure>\n","protected":false},"excerpt":{"rendered":"<p>1 \u00c1NGEL y ELIZABETH CABRERA 2 LUIS RODR\u00cdGUEZ-OVEJERO 3 JUAN MANUEL DELGADO MOREIRA 4 Fundaci\u00f3n INNAXIS 5 ANTONIO FERN\u00c1NDEZ ANTA 6 JUAN D\u00cdAZ-ANDREU GARC\u00cdA 7 NICOL\u00c1S VILL\u00c9N JIM\u00c9NEZ 8 ALBERTO L\u00d3PEZ SAN MIGUEL 9 F\u00c9LIX GUARDIA PEINADO 10 GLORIA del CAMPO 11 \u00c1NGEL GAVIEIRO BESTEIRO 12 ANTONIO GIR\u00d3N ARES 13 JOS\u00c9 MANUEL PARDO MU\u00d1OZ 14 [&hellip;]<\/p>\n","protected":false},"author":9,"featured_media":0,"parent":113,"menu_order":0,"comment_status":"closed","ping_status":"closed","template":"","meta":{"ngg_post_thumbnail":0,"footnotes":""},"class_list":["post-5201","page","type-page","status-publish","hentry"],"_links":{"self":[{"href":"https:\/\/asoc-fulbright.es\/index.php?rest_route=\/wp\/v2\/pages\/5201","targetHints":{"allow":["GET"]}}],"collection":[{"href":"https:\/\/asoc-fulbright.es\/index.php?rest_route=\/wp\/v2\/pages"}],"about":[{"href":"https:\/\/asoc-fulbright.es\/index.php?rest_route=\/wp\/v2\/types\/page"}],"author":[{"embeddable":true,"href":"https:\/\/asoc-fulbright.es\/index.php?rest_route=\/wp\/v2\/users\/9"}],"replies":[{"embeddable":true,"href":"https:\/\/asoc-fulbright.es\/index.php?rest_route=%2Fwp%2Fv2%2Fcomments&post=5201"}],"version-history":[{"count":2,"href":"https:\/\/asoc-fulbright.es\/index.php?rest_route=\/wp\/v2\/pages\/5201\/revisions"}],"predecessor-version":[{"id":5205,"href":"https:\/\/asoc-fulbright.es\/index.php?rest_route=\/wp\/v2\/pages\/5201\/revisions\/5205"}],"up":[{"embeddable":true,"href":"https:\/\/asoc-fulbright.es\/index.php?rest_route=\/wp\/v2\/pages\/113"}],"wp:attachment":[{"href":"https:\/\/asoc-fulbright.es\/index.php?rest_route=%2Fwp%2Fv2%2Fmedia&parent=5201"}],"curies":[{"name":"wp","href":"https:\/\/api.w.org\/{rel}","templated":true}]}}