{"id":5146,"date":"2022-05-16T00:21:27","date_gmt":"2022-05-15T23:21:27","guid":{"rendered":"https:\/\/asoc-fulbright.es\/?page_id=5146"},"modified":"2022-05-22T10:50:12","modified_gmt":"2022-05-22T09:50:12","slug":"patrocinadores-de-la-beca-en-2021","status":"publish","type":"page","link":"https:\/\/asoc-fulbright.es\/?page_id=5146","title":{"rendered":"Patrocinadores de la Beca en 2021"},"content":{"rendered":"\n<h2 class=\"wp-block-heading\"><strong>Institucional<\/strong><\/h2>\n\n\n\n<p><\/p>\n\n\n\n<figure class=\"wp-block-table\"><table><tbody><tr><td>Manuel<\/td><td>Anguita L\u00f3pez<\/td><\/tr><tr><td>\u00c1ngel y Elizabeth<\/td><td>Cabrera<\/td><\/tr><tr><td>Juan Manuel<\/td><td>Delgado Moreira<\/td><\/tr><tr><td>&nbsp;<\/td><td>US Tax Consultants<\/td><\/tr><\/tbody><\/table><\/figure>\n\n\n\n<h2 class=\"wp-block-heading\"><strong>Oro<\/strong><\/h2>\n\n\n\n<figure class=\"wp-block-table\"><table><tbody><tr><td>Miguel<\/td><td>Beltr\u00e1n de Felipe<\/td><\/tr><tr><td>Mar\u00eda de la Monta\u00f1a<\/td><td>C\u00e1mara Hurtado<\/td><\/tr><tr><td>Leandro<\/td><td>Ca\u00f1ibano Calvo<\/td><\/tr><tr><td>Lola<\/td><td>Casta\u00f1o Linares<\/td><\/tr><tr><td>Jos\u00e9 luis<\/td><td>Cortina Muguruza<\/td><\/tr><tr><td>Rafael&nbsp;<\/td><td>del Rey Salgado<\/td><\/tr><tr><td>Ignacio&nbsp;<\/td><td>del Valle Catal\u00e1n<\/td><\/tr><tr><td>Jos\u00e9 Luis&nbsp;<\/td><td>Del Valle Doblado<\/td><\/tr><tr><td>Juan<\/td><td>D\u00edaz-Andreu Garc\u00eda<\/td><\/tr><tr><td>Antonio&nbsp;<\/td><td>Fern\u00e1ndez Anta<\/td><\/tr><tr><td>Guillermo&nbsp;<\/td><td>Gallego Bonet<\/td><\/tr><tr><td>\u00c1ngel&nbsp;<\/td><td>Gavieiro Besteiro<\/td><\/tr><tr><td>Antonio<\/td><td>Gir\u00f3n Ares<\/td><\/tr><tr><td>Ana Mar\u00eda<\/td><td>G\u00f3mez Mill\u00e1n Lucio Villegas<\/td><\/tr><tr><td>Alberto<\/td><td>L\u00f3pez San-Miguel<\/td><\/tr><tr><td>Jos\u00e9<\/td><td>L\u00f3pez-Barneo<\/td><\/tr><tr><td>Jos\u00e9 Javier<\/td><td>Rodr\u00edguez Alcaide<\/td><\/tr><tr><td>Luis<\/td><td>Rodr\u00edguez-Ovejero<\/td><\/tr><tr><td>Alejandro<\/td><td>Salado D\u00edez<\/td><\/tr><tr><td>Pedro<\/td><td>Su\u00e1rez Fern\u00e1ndez<\/td><\/tr><tr><td>Sonsoles<\/td><td>Valdivia<\/td><\/tr><tr><td>Eleuterio<\/td><td>Vallelado Gonz\u00e1lez<\/td><\/tr><tr><td>Nicol\u00e1s&nbsp;<\/td><td>Vill\u00e9n Jim\u00e9nez<\/td><\/tr><\/tbody><\/table><\/figure>\n\n\n\n<h2 class=\"wp-block-heading\"><strong>Plata<\/strong><\/h2>\n\n\n\n<p><\/p>\n\n\n\n<figure class=\"wp-block-table\"><table><tbody><tr><td>\u00c1ngel<\/td><td>\u00c1lvarez Rodr\u00edguez<\/td><\/tr><tr><td>Antonio&nbsp;<\/td><td>Ballesteros Olmo<\/td><\/tr><tr><td>Pilar&nbsp;<\/td><td>Bar\u00f3n Allue<\/td><\/tr><tr><td>Pedro<\/td><td>Cordero P\u00e9rez<\/td><\/tr><tr><td>Violeta<\/td><td>Demonte Barreto<\/td><\/tr><tr><td>Jaime<\/td><td>Fern\u00e1ndez Arias<\/td><\/tr><tr><td>Mar\u00eda Elena<\/td><td>Fern\u00e1ndez de Ochoa (Familia Foster)<\/td><\/tr><tr><td>Mar\u00eda Jes\u00fas Aurora<\/td><td>Fuente P\u00e9rez<\/td><\/tr><tr><td>Jos\u00e9 Miguel&nbsp;<\/td><td>Garc\u00eda Mart\u00edn<\/td><\/tr><tr><td>Miguel \u00c1ngel&nbsp;<\/td><td>Hern\u00e1n G\u00f3mez<\/td><\/tr><tr><td>Ver\u00f3nica<\/td><td>L\u00f3pez Sabater<\/td><\/tr><tr><td>Pilar&nbsp;<\/td><td>Manzano Garc\u00eda<\/td><\/tr><tr><td>Jos\u00e9 Miguel<\/td><td>Mart\u00edn \u00c1lvarez<\/td><\/tr><tr><td>Alicia&nbsp;<\/td><td>Mart\u00edn L\u00f3pez<\/td><\/tr><tr><td>Mar\u00eda Cristina<\/td><td>Maz\u00f3n Calpena<\/td><\/tr><tr><td>Jos\u00e9<\/td><td>Monedero<\/td><\/tr><tr><td>Jaime&nbsp;<\/td><td>Moreno Garc\u00eda<\/td><\/tr><tr><td>Jos\u00e9 Manuel&nbsp;<\/td><td>Pardo Mu\u00f1oz<\/td><\/tr><tr><td>Miguel \u00c1ngel<\/td><td>Perch\u00edn de Torres<\/td><\/tr><tr><td>Miguel A.<\/td><td>Pereyra Garc\u00eda Castro<\/td><\/tr><tr><td>Luc\u00eda<\/td><td>Piazza Dobarganes<\/td><\/tr><tr><td>Bel\u00e9n<\/td><td>Pueyo-Ib\u00e1\u00f1ez<\/td><\/tr><tr><td>Jos\u00e9 Luis<\/td><td>Romero Mart\u00edn<\/td><\/tr><tr><td>Victor Juan<\/td><td>Rubio Franco<\/td><\/tr><tr><td>Mario<\/td><td>Tafalla Garc\u00eda<\/td><\/tr><tr><td>Ignacio<\/td><td>Umbert<\/td><\/tr><\/tbody><\/table><\/figure>\n\n\n\n<h2 class=\"wp-block-heading\"><strong>Bronce<\/strong><\/h2>\n\n\n\n<p><\/p>\n\n\n\n<figure class=\"wp-block-table\"><table><tbody><tr><td>Fernando<\/td><td>\u00c1lvarez-Cienfuegos Rico<\/td><\/tr><tr><td>Miguel<\/td><td>Caba\u00f1as Bravo<\/td><\/tr><tr><td>Mar\u00eda Isabel<\/td><td>Dur\u00e1n Gimenez<\/td><\/tr><tr><td>Enrique Germ\u00e1n<\/td><td>Igoa Mateos<\/td><\/tr><tr><td>Rub\u00e9n&nbsp;<\/td><td>San Segundo Hern\u00e1ndez<\/td><\/tr><tr><td>Joan<\/td><td>Triay Marques<\/td><\/tr><tr><td>Jos\u00e9 Emilio<\/td><td>Villena Pena<\/td><\/tr><\/tbody><\/table><\/figure>\n","protected":false},"excerpt":{"rendered":"<p>Institucional Manuel Anguita L\u00f3pez \u00c1ngel y Elizabeth Cabrera Juan Manuel Delgado Moreira &nbsp; US Tax Consultants Oro Miguel Beltr\u00e1n de Felipe Mar\u00eda de la Monta\u00f1a C\u00e1mara Hurtado Leandro Ca\u00f1ibano Calvo Lola Casta\u00f1o Linares Jos\u00e9 luis Cortina Muguruza Rafael&nbsp; del Rey Salgado Ignacio&nbsp; del Valle Catal\u00e1n Jos\u00e9 Luis&nbsp; Del Valle Doblado Juan D\u00edaz-Andreu Garc\u00eda Antonio&nbsp; Fern\u00e1ndez [&hellip;]<\/p>\n","protected":false},"author":9,"featured_media":0,"parent":113,"menu_order":1,"comment_status":"closed","ping_status":"closed","template":"","meta":{"ngg_post_thumbnail":0,"footnotes":""},"class_list":["post-5146","page","type-page","status-publish","hentry"],"_links":{"self":[{"href":"https:\/\/asoc-fulbright.es\/index.php?rest_route=\/wp\/v2\/pages\/5146","targetHints":{"allow":["GET"]}}],"collection":[{"href":"https:\/\/asoc-fulbright.es\/index.php?rest_route=\/wp\/v2\/pages"}],"about":[{"href":"https:\/\/asoc-fulbright.es\/index.php?rest_route=\/wp\/v2\/types\/page"}],"author":[{"embeddable":true,"href":"https:\/\/asoc-fulbright.es\/index.php?rest_route=\/wp\/v2\/users\/9"}],"replies":[{"embeddable":true,"href":"https:\/\/asoc-fulbright.es\/index.php?rest_route=%2Fwp%2Fv2%2Fcomments&post=5146"}],"version-history":[{"count":10,"href":"https:\/\/asoc-fulbright.es\/index.php?rest_route=\/wp\/v2\/pages\/5146\/revisions"}],"predecessor-version":[{"id":5239,"href":"https:\/\/asoc-fulbright.es\/index.php?rest_route=\/wp\/v2\/pages\/5146\/revisions\/5239"}],"up":[{"embeddable":true,"href":"https:\/\/asoc-fulbright.es\/index.php?rest_route=\/wp\/v2\/pages\/113"}],"wp:attachment":[{"href":"https:\/\/asoc-fulbright.es\/index.php?rest_route=%2Fwp%2Fv2%2Fmedia&parent=5146"}],"curies":[{"name":"wp","href":"https:\/\/api.w.org\/{rel}","templated":true}]}}