{"id":5055,"date":"2021-12-15T01:15:16","date_gmt":"2021-12-15T00:15:16","guid":{"rendered":"https:\/\/asoc-fulbright.es\/?page_id=5055"},"modified":"2021-12-15T01:18:31","modified_gmt":"2021-12-15T00:18:31","slug":"extracto-de-carta-recibida-de-rafael-sanchez","status":"publish","type":"page","link":"https:\/\/asoc-fulbright.es\/?page_id=5055","title":{"rendered":"Extracto de carta recibida de Rafael S\u00e1nchez"},"content":{"rendered":"\n<p>Fecha 18 de Octubre de 2021<\/p>\n\n\n\n<p><\/p>\n\n\n\n<p><\/p>\n\n\n\n<p>Buenos d\u00edas (tardes en Espa\u00f1a) a todos y todas.<br \/>\u00ab<br \/>Me gustar\u00eda agradecer a Pedro, presidente de la Asociaci\u00f3n J. W. Fulbright, la confianza que me han depositado en mi y me gustar\u00eda que extendiera el agradecimiento al resto de miembros de la asociaci\u00f3n.<br \/>Solo han sido dos meses aqu\u00ed, pero debo deciros que todo est\u00e1 bien en el \u00e1mbito academico. Acabamos de superar hace dos semanas los primeros midterms y estamos encarando los segundos a partir de la semana que viene. En el \u00e1mbito profesional, Jose-Luis Ambite (antiguo becario Fulbright espa\u00f1ol) me ofreci\u00f3 una posici\u00f3n como estudiante voluntario en su grupo de investigaci\u00f3n y estamos ahora mismo entrenando modelos de IA para reconocer marcadores de Alzheimer y Parkinson en resonancias magn\u00e9ticas de cerebro. Una oportunidad excepcional, que debo agradecer tambi\u00e9n a la red de contactos Fulbright.<br \/>Espero que os vaya todo perfecto en Espa\u00f1a. Mis mejores deseos para todos.<br \/>Rafa. \u00ab<\/p>\n","protected":false},"excerpt":{"rendered":"<p>Fecha 18 de Octubre de 2021 Buenos d\u00edas (tardes en Espa\u00f1a) a todos y todas.\u00abMe gustar\u00eda agradecer a Pedro, presidente de la Asociaci\u00f3n J. W. Fulbright, la confianza que me han depositado en mi y me gustar\u00eda que extendiera el agradecimiento al resto de miembros de la asociaci\u00f3n.Solo han sido dos meses aqu\u00ed, pero debo [&hellip;]<\/p>\n","protected":false},"author":9,"featured_media":0,"parent":316,"menu_order":0,"comment_status":"closed","ping_status":"closed","template":"","meta":{"ngg_post_thumbnail":0,"footnotes":""},"class_list":["post-5055","page","type-page","status-publish","hentry"],"_links":{"self":[{"href":"https:\/\/asoc-fulbright.es\/index.php?rest_route=\/wp\/v2\/pages\/5055","targetHints":{"allow":["GET"]}}],"collection":[{"href":"https:\/\/asoc-fulbright.es\/index.php?rest_route=\/wp\/v2\/pages"}],"about":[{"href":"https:\/\/asoc-fulbright.es\/index.php?rest_route=\/wp\/v2\/types\/page"}],"author":[{"embeddable":true,"href":"https:\/\/asoc-fulbright.es\/index.php?rest_route=\/wp\/v2\/users\/9"}],"replies":[{"embeddable":true,"href":"https:\/\/asoc-fulbright.es\/index.php?rest_route=%2Fwp%2Fv2%2Fcomments&post=5055"}],"version-history":[{"count":1,"href":"https:\/\/asoc-fulbright.es\/index.php?rest_route=\/wp\/v2\/pages\/5055\/revisions"}],"predecessor-version":[{"id":5057,"href":"https:\/\/asoc-fulbright.es\/index.php?rest_route=\/wp\/v2\/pages\/5055\/revisions\/5057"}],"up":[{"embeddable":true,"href":"https:\/\/asoc-fulbright.es\/index.php?rest_route=\/wp\/v2\/pages\/316"}],"wp:attachment":[{"href":"https:\/\/asoc-fulbright.es\/index.php?rest_route=%2Fwp%2Fv2%2Fmedia&parent=5055"}],"curies":[{"name":"wp","href":"https:\/\/api.w.org\/{rel}","templated":true}]}}