{"id":498,"date":"2009-03-10T19:45:04","date_gmt":"2009-03-10T18:45:04","guid":{"rendered":"http:\/\/pantuflo.gsyc.es\/~agutierr\/wordpress\/?page_id=498"},"modified":"2020-10-19T18:23:21","modified_gmt":"2020-10-19T17:23:21","slug":"fulcro-20-ano-20042005","status":"publish","type":"page","link":"https:\/\/asoc-fulbright.es\/?page_id=498","title":{"rendered":"Fulcro 20 &#8211; A\u00f1o 2004\/2005"},"content":{"rendered":"<p>Edici\u00f3n N\u00famero 20 de la revista de la Asociaci\u00f3n de Ex-becarios Fulbright, con los siguientes art\u00edculos principales:<\/p>\n<ul>\n<li><strong>Encuentro Internacional en Pek\u00edn 2005<\/strong><\/li>\n<li><strong>Tribuna Fulbright: Centenario Senador Fulbright (1905-2005)<\/strong><\/li>\n<li><strong>Encuentro con J\u00f3venes l\u00edderes hispanos<\/strong><\/li>\n<\/ul>\n<p><a href=\"\/wp-content\/uploads\/2009\/03\/fulcro-20-50pc.pdf\">Descarga en formato PDF el N\u00famero 20 de la revista Fulcro.<\/a><\/p>\n","protected":false},"excerpt":{"rendered":"<p>Edici\u00f3n N\u00famero 20 de la revista de la Asociaci\u00f3n de Ex-becarios Fulbright, con los siguientes art\u00edculos principales: Encuentro Internacional en Pek\u00edn 2005 Tribuna Fulbright: Centenario Senador Fulbright (1905-2005) Encuentro con J\u00f3venes l\u00edderes hispanos Descarga en formato PDF el N\u00famero 20 de la revista Fulcro.<\/p>\n","protected":false},"author":1,"featured_media":0,"parent":431,"menu_order":0,"comment_status":"open","ping_status":"open","template":"","meta":{"ngg_post_thumbnail":0,"footnotes":""},"class_list":["post-498","page","type-page","status-publish","hentry"],"_links":{"self":[{"href":"https:\/\/asoc-fulbright.es\/index.php?rest_route=\/wp\/v2\/pages\/498","targetHints":{"allow":["GET"]}}],"collection":[{"href":"https:\/\/asoc-fulbright.es\/index.php?rest_route=\/wp\/v2\/pages"}],"about":[{"href":"https:\/\/asoc-fulbright.es\/index.php?rest_route=\/wp\/v2\/types\/page"}],"author":[{"embeddable":true,"href":"https:\/\/asoc-fulbright.es\/index.php?rest_route=\/wp\/v2\/users\/1"}],"replies":[{"embeddable":true,"href":"https:\/\/asoc-fulbright.es\/index.php?rest_route=%2Fwp%2Fv2%2Fcomments&post=498"}],"version-history":[{"count":13,"href":"https:\/\/asoc-fulbright.es\/index.php?rest_route=\/wp\/v2\/pages\/498\/revisions"}],"predecessor-version":[{"id":4850,"href":"https:\/\/asoc-fulbright.es\/index.php?rest_route=\/wp\/v2\/pages\/498\/revisions\/4850"}],"up":[{"embeddable":true,"href":"https:\/\/asoc-fulbright.es\/index.php?rest_route=\/wp\/v2\/pages\/431"}],"wp:attachment":[{"href":"https:\/\/asoc-fulbright.es\/index.php?rest_route=%2Fwp%2Fv2%2Fmedia&parent=498"}],"curies":[{"name":"wp","href":"https:\/\/api.w.org\/{rel}","templated":true}]}}