{"id":4967,"date":"2021-04-24T22:35:19","date_gmt":"2021-04-24T21:35:19","guid":{"rendered":"https:\/\/asoc-fulbright.es\/?page_id=4967"},"modified":"2022-05-16T00:24:26","modified_gmt":"2022-05-15T23:24:26","slug":"patrocinadores-de-la-beca-en-2020","status":"publish","type":"page","link":"https:\/\/asoc-fulbright.es\/?page_id=4967","title":{"rendered":"Patrocinadores de la Beca en 2020"},"content":{"rendered":"\n<p><\/p>\n\n\n\n<p style=\"font-size:30px\">Institucional<\/p>\n\n\n\n<p><\/p>\n\n\n\n<figure class=\"wp-block-table\"><table><tbody><tr><td>MANUEL<\/td><td>ANGUITA L\u00d3PEZ<\/td><\/tr><tr><td>\u00c1NGEL&nbsp;<\/td><td>CABRERA<\/td><\/tr><tr><td>JUAN MANUEL<\/td><td>DELGADO MOREIRA<\/td><\/tr><tr><td><\/td><td>US TAX CONSULTANTS<\/td><\/tr><\/tbody><\/table><\/figure>\n\n\n\n<p><\/p>\n\n\n\n<p style=\"font-size:30px\">Oro<\/p>\n\n\n\n<p><\/p>\n\n\n\n<figure class=\"wp-block-table\"><table><tbody><tr><td>MIGUEL<\/td><td>BELTR\u00c1N DE FELIPE<\/td><\/tr><tr><td>LEANDRO<\/td><td>CA\u00d1IBANO CALVO<\/td><\/tr><tr><td>LOLA<\/td><td>CASTA\u00d1O LINARES<\/td><\/tr><tr><td>JOS\u00c9 LUIS<\/td><td>CORTINA MUGURUZA<\/td><\/tr><tr><td>RAFAEL<\/td><td>DEL REY SALGADO<\/td><\/tr><tr><td>IGNACIO<\/td><td>DEL VALLE CATAL\u00c1N<\/td><\/tr><tr><td>JUAN<\/td><td>D\u00cdAZ-ANDREU GARC\u00cdA<\/td><\/tr><tr><td>MAR\u00cdA SOLEDAD<\/td><td>FERN\u00c1NDEZ ALFONSO<\/td><\/tr><tr><td>ANTONIO&nbsp;<\/td><td>FERN\u00c1NDEZ ANTA<\/td><\/tr><tr><td>TOM\u00c1S<\/td><td>GARC\u00cdA MORE<\/td><\/tr><tr><td>\u00c1NGEL<\/td><td>GAVIEIRO BESTEIRO<\/td><\/tr><tr><td>ANTONIO&nbsp;<\/td><td>GIR\u00d3N ARES<\/td><\/tr><tr><td>HIGINIO&nbsp;<\/td><td>GUILLAM\u00d3N DUCH<\/td><\/tr><tr><td>ALBERTO<\/td><td>L\u00d3PEZ SAN MIGUEL<\/td><\/tr><tr><td>JOSE<\/td><td>L\u00d3PEZ-BARNEO<\/td><\/tr><tr><td>FRANCISC0<\/td><td>MARHUENDA<\/td><\/tr><tr><td>RAQUEL&nbsp;<\/td><td>OSBORNE VERANGO<\/td><\/tr><tr><td>JOS\u00c9 JAVIER<\/td><td>RODR\u00cdGUEZ ALCAIDE<\/td><\/tr><tr><td>LUIS<\/td><td>RODR\u00cdGUEZ-OVEJERO<\/td><\/tr><tr><td>PEDRO<\/td><td>SU\u00c1REZ FERN\u00c1NDEZ<\/td><\/tr><tr><td>FERNANDO JORGE<\/td><td>TUSELL PALMER<\/td><\/tr><tr><td>NICOL\u00c1S<\/td><td>VILL\u00c9N JIM\u00c9NEZ<\/td><\/tr><\/tbody><\/table><\/figure>\n\n\n\n<p><\/p>\n\n\n\n<p style=\"font-size:30px\">Plata<\/p>\n\n\n\n<p><\/p>\n\n\n\n<figure class=\"wp-block-table\"><table><tbody><tr><td>\u00c1NGEL<\/td><td>\u00c1LVAREZ RODR\u00cdGUEZ<\/td><\/tr><tr><td>PILAR<\/td><td>BAR\u00d3N ALLUE<\/td><\/tr><tr><td>PEDRO A.<\/td><td>CALDER\u00d3N GARC\u00cdA<\/td><\/tr><tr><td>PEDRO<\/td><td>CORDERO P\u00c9REZ<\/td><\/tr><tr><td>\u00d3SCAR<\/td><td>DIESTE TUBIO<\/td><\/tr><tr><td>JAIME<\/td><td>FERN\u00c1NDEZ ARIAS<\/td><\/tr><tr><td>MAR\u00cdA ELENA<\/td><td>FERN\u00c1NDEZ DE OCHOA (FAMILIA FOSTER)<\/td><\/tr><tr><td>MAR\u00cdA JES\u00daS AURORA<\/td><td>FUENTE P\u00c9REZ<\/td><\/tr><tr><td>MIGUEL \u00c1NGEL<\/td><td>HERN\u00c1N G\u00d3MEZ<\/td><\/tr><tr><td>EVA<\/td><td>HERN\u00c1NDEZ CASTELLS<\/td><\/tr><tr><td>MIGUEL<\/td><td>HERR\u00c1IZ SARACHAGA<\/td><\/tr><tr><td>MAR\u00cdA BEL\u00c9N&nbsp;<\/td><td>LLERA CERME\u00d1O<\/td><\/tr><tr><td>PILAR<\/td><td>MANZANO GARC\u00cdA<\/td><\/tr><tr><td>JOS\u00c9 MIGUEL<\/td><td>MART\u00cdN&nbsp; \u00c1LVAREZ<\/td><\/tr><tr><td>ALICIA<\/td><td>MART\u00cdN L\u00d3PEZ<\/td><\/tr><tr><td>MAR\u00cdA CRISTINA<\/td><td>MAZOLA CALPENA<\/td><\/tr><tr><td>JAIME<\/td><td>MORENO GARC\u00cdA<\/td><\/tr><tr><td>JOS\u00c9 MANUEL<\/td><td>PARDO MU\u00d1OZ<\/td><\/tr><tr><td>MAR\u00cdA LUISA&nbsp;<\/td><td>PAREJA KRAUEL<\/td><\/tr><tr><td>MIGUEL \u00c1NGEL<\/td><td>PERCH\u00cdN DE TORRES<\/td><\/tr><tr><td>LUC\u00cdA&nbsp;<\/td><td>PIAZZA DOBARGANES<\/td><\/tr><tr><td>JOS\u00c9 LUIS<\/td><td>ROMERO MART\u00cdN<\/td><\/tr><tr><td>V\u00cdCTOR JUAN<\/td><td>RUBIO FRANCO<\/td><\/tr><tr><td>JOS\u00c9 MAR\u00cdA<\/td><td>SIERRA \u00c1LVAREZ<\/td><\/tr><tr><td>MARIO<\/td><td>TAFALLA GARC\u00cdA<\/td><\/tr><tr><td>IGNACIO<\/td><td>UMBERT<\/td><\/tr><tr><td>ELEUTERIO<\/td><td>VALLELADO GONZ\u00c1LEZ<\/td><\/tr><tr><td>FRANCISCO<\/td><td>VALMA\u00d1A<\/td><\/tr><tr><td>SERGIO<\/td><td>VILA-SANJUAN ROBERT<\/td><\/tr><tr><td>SEBASTI\u00c1N<\/td><td>XAMBO DESCAMPS<\/td><\/tr><\/tbody><\/table><\/figure>\n\n\n\n<p><\/p>\n\n\n\n<p style=\"font-size:30px\">Bronce<\/p>\n\n\n\n<p><\/p>\n\n\n\n<figure class=\"wp-block-table\"><table><tbody><tr><td>RUB\u00c9N<\/td><td>SAN SEGUNDO HERN\u00c1NDEZ<\/td><\/tr><\/tbody><\/table><\/figure>\n","protected":false},"excerpt":{"rendered":"<p>Institucional MANUEL ANGUITA L\u00d3PEZ \u00c1NGEL&nbsp; CABRERA JUAN MANUEL DELGADO MOREIRA US TAX CONSULTANTS Oro MIGUEL BELTR\u00c1N DE FELIPE LEANDRO CA\u00d1IBANO CALVO LOLA CASTA\u00d1O LINARES JOS\u00c9 LUIS CORTINA MUGURUZA RAFAEL DEL REY SALGADO IGNACIO DEL VALLE CATAL\u00c1N JUAN D\u00cdAZ-ANDREU GARC\u00cdA MAR\u00cdA SOLEDAD FERN\u00c1NDEZ ALFONSO ANTONIO&nbsp; FERN\u00c1NDEZ ANTA TOM\u00c1S GARC\u00cdA MORE \u00c1NGEL GAVIEIRO BESTEIRO ANTONIO&nbsp; GIR\u00d3N ARES [&hellip;]<\/p>\n","protected":false},"author":9,"featured_media":0,"parent":316,"menu_order":0,"comment_status":"closed","ping_status":"closed","template":"","meta":{"ngg_post_thumbnail":0,"footnotes":""},"class_list":["post-4967","page","type-page","status-publish","hentry"],"_links":{"self":[{"href":"https:\/\/asoc-fulbright.es\/index.php?rest_route=\/wp\/v2\/pages\/4967","targetHints":{"allow":["GET"]}}],"collection":[{"href":"https:\/\/asoc-fulbright.es\/index.php?rest_route=\/wp\/v2\/pages"}],"about":[{"href":"https:\/\/asoc-fulbright.es\/index.php?rest_route=\/wp\/v2\/types\/page"}],"author":[{"embeddable":true,"href":"https:\/\/asoc-fulbright.es\/index.php?rest_route=\/wp\/v2\/users\/9"}],"replies":[{"embeddable":true,"href":"https:\/\/asoc-fulbright.es\/index.php?rest_route=%2Fwp%2Fv2%2Fcomments&post=4967"}],"version-history":[{"count":3,"href":"https:\/\/asoc-fulbright.es\/index.php?rest_route=\/wp\/v2\/pages\/4967\/revisions"}],"predecessor-version":[{"id":4975,"href":"https:\/\/asoc-fulbright.es\/index.php?rest_route=\/wp\/v2\/pages\/4967\/revisions\/4975"}],"up":[{"embeddable":true,"href":"https:\/\/asoc-fulbright.es\/index.php?rest_route=\/wp\/v2\/pages\/316"}],"wp:attachment":[{"href":"https:\/\/asoc-fulbright.es\/index.php?rest_route=%2Fwp%2Fv2%2Fmedia&parent=4967"}],"curies":[{"name":"wp","href":"https:\/\/api.w.org\/{rel}","templated":true}]}}