{"id":4656,"date":"2020-02-24T19:10:13","date_gmt":"2020-02-24T18:10:13","guid":{"rendered":"https:\/\/asoc-fulbright.es\/?page_id=4656"},"modified":"2022-05-18T18:38:02","modified_gmt":"2022-05-18T17:38:02","slug":"lista-20-mayores-contribuidores-2005-2019","status":"publish","type":"page","link":"https:\/\/asoc-fulbright.es\/?page_id=4656","title":{"rendered":"Lista 20 mayores contribuidores 2005-2021"},"content":{"rendered":"\n<p><\/p>\n\n\n\n<div class=\"wp-block-group\"><div class=\"wp-block-group__inner-container is-layout-flow wp-block-group-is-layout-flow\">\n<div class=\"wp-block-columns are-vertically-aligned-center is-layout-flex wp-container-core-columns-is-layout-9d6595d7 wp-block-columns-is-layout-flex\">\n<div class=\"wp-block-column is-vertically-aligned-center is-layout-flow wp-block-column-is-layout-flow\" style=\"flex-basis:100%\">\n<div class=\"wp-block-columns is-layout-flex wp-container-core-columns-is-layout-9d6595d7 wp-block-columns-is-layout-flex\">\n<div class=\"wp-block-column is-layout-flow wp-block-column-is-layout-flow\" style=\"flex-basis:100%\">\n<figure class=\"wp-block-table is-style-stripes\"><table><tbody><tr><td>1<\/td><td>JUAN MANUEL<\/td><td>DELGADO MOREIRA<\/td><\/tr><tr><td>2<\/td><td>\u00c1NGEL y ELIZABETH<\/td><td>CABRERA<\/td><\/tr><tr><td>3<\/td><td>MANUEL<\/td><td>ANGUITA L\u00d3PEZ<\/td><\/tr><tr><td>4<\/td><td>LUIS<\/td><td>RODR\u00cdGUEZ-OVEJERO<\/td><\/tr><tr><td>5<\/td><td><\/td><td>Fundaci\u00f3n INNAXIS<\/td><\/tr><tr><td>6<\/td><td>ANTONIO<\/td><td>FERN\u00c1NDEZ ANTA<\/td><\/tr><tr><td>7<\/td><td>ANTONIO<\/td><td>GIR\u00d3N ARES<\/td><\/tr><tr><td>8<\/td><td>JUAN<\/td><td>D\u00cdAZ-ANDREU GARC\u00cdA<\/td><\/tr><tr><td>9<\/td><td><\/td><td>US TAX CONSULTANTS<\/td><\/tr><tr><td>10<\/td><td>NICOL\u00c1S<\/td><td>VILL\u00c9N JIM\u00c9NEZ<\/td><\/tr><tr><td>11<\/td><td>ALBERTO<\/td><td>L\u00d3PEZ SAN MIGUEL<\/td><\/tr><tr><td>12<\/td><td>\u00c1NGEL<\/td><td>GAVIEIRO BESTEIRO<\/td><\/tr><tr><td>13<\/td><td>F\u00c9LIX<\/td><td>GUARDIA PEINADO<\/td><\/tr><tr><td>14<\/td><td>GLORIA<\/td><td>del CAMPO<\/td><\/tr><tr><td>15<\/td><td>JOS\u00c9<\/td><td>L\u00d3PEZ-BARNEO<\/td><\/tr><tr><td>16<\/td><td>MIGUEL<\/td><td>BELTR\u00c1N DE FELIPE<\/td><\/tr><tr><td>17<\/td><td>JOS\u00c9 JAVIER<\/td><td>RODR\u00cdGUEZ ALCAIDE<\/td><\/tr><tr><td>18<\/td><td>MAR\u00cdA ELENA<\/td><td>FERN\u00c1NDEZ DE OCHOA (FAMILIA FOSTER)<\/td><\/tr><tr><td>19<\/td><td>JOS\u00c9 LUIS<\/td><td>CORTINA MUGURUZA<\/td><\/tr><tr><td>20<\/td><td>\u00c1NGEL<\/td><td>\u00c1LVAREZ RODR\u00cdGUEZ<\/td><\/tr><tr><td>20<\/td><td>JOS\u00c9 MANUEL<\/td><td>PARDO MU\u00d1OZ<\/td><\/tr><\/tbody><\/table><\/figure>\n<\/div>\n<\/div>\n<\/div>\n<\/div>\n<\/div><\/div>\n\n\n\n<p><\/p>\n","protected":false},"excerpt":{"rendered":"<p>1 JUAN MANUEL DELGADO MOREIRA 2 \u00c1NGEL y ELIZABETH CABRERA 3 MANUEL ANGUITA L\u00d3PEZ 4 LUIS RODR\u00cdGUEZ-OVEJERO 5 Fundaci\u00f3n INNAXIS 6 ANTONIO FERN\u00c1NDEZ ANTA 7 ANTONIO GIR\u00d3N ARES 8 JUAN D\u00cdAZ-ANDREU GARC\u00cdA 9 US TAX CONSULTANTS 10 NICOL\u00c1S VILL\u00c9N JIM\u00c9NEZ 11 ALBERTO L\u00d3PEZ SAN MIGUEL 12 \u00c1NGEL GAVIEIRO BESTEIRO 13 F\u00c9LIX GUARDIA PEINADO 14 GLORIA [&hellip;]<\/p>\n","protected":false},"author":9,"featured_media":0,"parent":316,"menu_order":1,"comment_status":"closed","ping_status":"closed","template":"","meta":{"ngg_post_thumbnail":0,"footnotes":""},"class_list":["post-4656","page","type-page","status-publish","hentry"],"_links":{"self":[{"href":"https:\/\/asoc-fulbright.es\/index.php?rest_route=\/wp\/v2\/pages\/4656","targetHints":{"allow":["GET"]}}],"collection":[{"href":"https:\/\/asoc-fulbright.es\/index.php?rest_route=\/wp\/v2\/pages"}],"about":[{"href":"https:\/\/asoc-fulbright.es\/index.php?rest_route=\/wp\/v2\/types\/page"}],"author":[{"embeddable":true,"href":"https:\/\/asoc-fulbright.es\/index.php?rest_route=\/wp\/v2\/users\/9"}],"replies":[{"embeddable":true,"href":"https:\/\/asoc-fulbright.es\/index.php?rest_route=%2Fwp%2Fv2%2Fcomments&post=4656"}],"version-history":[{"count":31,"href":"https:\/\/asoc-fulbright.es\/index.php?rest_route=\/wp\/v2\/pages\/4656\/revisions"}],"predecessor-version":[{"id":5220,"href":"https:\/\/asoc-fulbright.es\/index.php?rest_route=\/wp\/v2\/pages\/4656\/revisions\/5220"}],"up":[{"embeddable":true,"href":"https:\/\/asoc-fulbright.es\/index.php?rest_route=\/wp\/v2\/pages\/316"}],"wp:attachment":[{"href":"https:\/\/asoc-fulbright.es\/index.php?rest_route=%2Fwp%2Fv2%2Fmedia&parent=4656"}],"curies":[{"name":"wp","href":"https:\/\/api.w.org\/{rel}","templated":true}]}}