{"id":4625,"date":"2020-02-24T17:16:15","date_gmt":"2020-02-24T16:16:15","guid":{"rendered":"https:\/\/asoc-fulbright.es\/?page_id=4625"},"modified":"2022-03-07T09:12:58","modified_gmt":"2022-03-07T08:12:58","slug":"patrocinadores-de-la-beca-en-2019","status":"publish","type":"page","link":"https:\/\/asoc-fulbright.es\/?page_id=4625","title":{"rendered":"Patrocinadores de la Beca en 2019"},"content":{"rendered":"\n<h3 class=\"wp-block-heading\">INSTITUCIONAL<\/h3>\n\n\n\n<figure class=\"wp-block-table\"><table><tbody><tr><td>Angel y Elizabeth<\/td><td>Cabrera<\/td><\/tr><tr><td>Juan Manuel<\/td><td>Delgado Moreira<\/td><\/tr><\/tbody><\/table><\/figure>\n\n\n\n<h3 class=\"wp-block-heading\">ORO<\/h3>\n\n\n\n<figure class=\"wp-block-table is-style-regular\"><table class=\"\"><tbody><tr><td>Jos\u00e9 Luis<\/td><td>Cortina Muguruza<\/td><\/tr>\n<tr><td>Mar\u00eda Teresa<\/td><td>Bajo Molina<\/td><\/tr>\n<tr><td>Miguel<\/td><td>Beltr\u00e1n de Felipe<\/td><\/tr><tr><td>Leandro<\/td><td>Ca\u00f1ibano Calvo<\/td><\/tr><tr><td>Pilar<\/td><td>Del Castillo Vera<\/td><\/tr<\/tr><tr><td>Rafael<\/td><td>Del Rey Salgado<\/td><\/tr><tr><td>Juan<\/td><td>D\u00edaz-Andreu<\/td><\/tr>><tr><td>Antonio<\/td><td>Fern\u00e1ndez Anta<\/td><\/tr><tr><td>Mar\u00eda Elena<\/td><td>Fern\u00e1ndez de Ochoa (Familia Foster)<\/td><\/tr><tr><td>Leopoldo<\/td><td>Fern\u00e1ndez Herce<\/td><\/tr><tr><td>\u00c1ngel<\/td><td>Gavieiro Besteiro<\/td><\/tr><tr><td>Antonio<\/td><td>Gir\u00f3n Ares<\/td><\/tr><tr><td>Alberto<\/td><td>L\u00f3pez San Miguel<\/td><\/tr><tr><td>Jos\u00e9 <\/td><td>L\u00f3pez-Barneo<\/td><\/tr<\/tr><tr><td>Jos\u00e9 Javier<\/td><td>Rodr\u00edguez Alcaide<\/td><\/tr><tr><td>Luis<\/td><td>Rodr\u00edguez-Ovejero<\/td><\/tr><tr><td>Pedro<\/td><td>Su\u00e1rez Fern\u00e1ndez<\/td><\/tr><tr><td>Nicol\u00e1s<\/td><td>Vill\u00e9n Jim\u00e9nez<\/td><\/tr><\/tbody><\/table><\/figure>\n\n\n\n<h3 class=\"wp-block-heading\">PLATA<\/h3>\n\n\n\n<figure class=\"wp-block-table\"><table><tbody><tr><td>Rafael<\/td><td>Alonso Sol\u00eds<\/td><\/tr><tr><td>\u00c1ngel<\/td><td>\u00c1lvarez Rodr\u00edguez<\/td><\/tr><tr><td>P\u00eelar<\/td><td>Bar\u00f3n Allue<\/td><\/tr><tr><td>Pedro<\/td><td>Cordero<\/td><\/tr><tr><td>Bernardo<\/td><td>Del Rosal Blasco<\/td><\/tr><tr><td>Mar\u00eda Jes\u00fas<\/td><td>Fuente P\u00e9rez<\/td><\/tr><tr><td>Guillermo<\/td><td>Gallego Bonet<\/td><\/tr><tr><td>Arturo<\/td><td>Gonz\u00e1lez Escribano<\/td><\/tr><tr><td> Miguel \u00c1ngel <\/td><td> Hern\u00e1n G\u00f3mez <\/td><\/tr><tr><td>Eva<\/td><td>Hern\u00e1nez Castells<\/td><\/tr><tr><td> Pilar <\/td><td> Manzano  Garc\u00eda<\/td><\/tr><tr><td> Alicia <\/td><td> Mart\u00edn L\u00f3pez <\/td><\/tr><tr><td>Jos\u00e9 Miguel<\/td><td>Mart\u00edn Mart\u00edn<\/td><\/tr><tr><td>Jaime<\/td><td>Moreno Garc\u00eda<\/td><\/tr><tr><td>Pedro \u00c4ngel<\/td><td>Navarro Mart\u00ednez<\/td><\/tr><tr><td> Jos\u00e9 Manuel <\/td><td> Pardo Mu\u00f1oz <\/td><\/tr><tr><td> Miguel \u00c1ngel <\/td><td> Perch\u00edn de Torres <\/td><\/tr><tr><td> Eduardo <\/td><td> P\u00e9rez P\u00e9rez<\/td><\/tr><tr><td> Bel\u00e9n <\/td><td> Pueyo-Ib\u00e1\u00f1ez <\/td><\/tr><tr><td> &#8211;<\/td><td> &#8211;<\/td><\/tr><tr><td>Jos\u00e9 Luis <\/td><td> Romero Mart\u00edn <\/td><\/tr><tr><td>Mario <\/td><td> Tafalla Garc\u00eda <\/td><\/tr><tr><td>Joaqu\u00edn<\/td><td>Timoneda Timoneda<\/td><\/tr><tr><td>Eleuterio<\/td><td>Vallelado<\/td><\/tr><\/tbody><\/table><\/figure>\n\n\n\n<h3 class=\"wp-block-heading\">BRONCE<\/h3>\n\n\n\n<figure class=\"wp-block-table\"><table><tbody><tr><td>Jos\u00e9 Miguel<\/td><td>Caba\u00f1as Bravo<\/td><\/tr><tr><td>Francisco<\/td><td>Castrill\u00f3n Quintana<\/td><\/tr><tr><td>Mar\u00eda Luisa<\/td><td>Pareja Krauel<\/td><\/tr><tr><td>Rub\u00e9n<\/td><td>San Segundo<\/td><\/tr><tr><td>Luisa Mar\u00eda<\/td><td>Sandalio<\/td><\/tr><\/tbody><\/table><\/figure>\n\n\n\n<h3 class=\"wp-block-heading\">CONCIERTOS EN BENEFICIO DE LA BECA<\/h3>\n\n\n\n<p><\/p>\n\n\n\n<ul class=\"wp-block-list\"><li> Concierto de Alejandro G\u00f3mez y Rosal\u00eda Pareja, 4  de Abril de 2019 <\/li><li><\/li><li> Concierto de Lluis Capdevila, 11 de Junio de 2019 <\/li><\/ul>\n\n\n\n<p><\/p>\n","protected":false},"excerpt":{"rendered":"<p>INSTITUCIONAL Angel y Elizabeth Cabrera Juan Manuel Delgado Moreira ORO Jos\u00e9 Luis Cortina Muguruza Mar\u00eda Teresa Bajo Molina Miguel Beltr\u00e1n de Felipe Leandro Ca\u00f1ibano Calvo Pilar Del Castillo Vera Antonio Fern\u00e1ndez Anta Mar\u00eda Elena Fern\u00e1ndez de Ochoa (Familia Foster) Leopoldo Fern\u00e1ndez Herce \u00c1ngel Gavieiro Besteiro Antonio Gir\u00f3n Ares Alberto L\u00f3pez San Miguel Jos\u00e9 L\u00f3pez-Barneo<\/p>\n","protected":false},"author":9,"featured_media":0,"parent":316,"menu_order":1,"comment_status":"closed","ping_status":"closed","template":"","meta":{"ngg_post_thumbnail":0,"footnotes":""},"class_list":["post-4625","page","type-page","status-publish","hentry"],"_links":{"self":[{"href":"https:\/\/asoc-fulbright.es\/index.php?rest_route=\/wp\/v2\/pages\/4625","targetHints":{"allow":["GET"]}}],"collection":[{"href":"https:\/\/asoc-fulbright.es\/index.php?rest_route=\/wp\/v2\/pages"}],"about":[{"href":"https:\/\/asoc-fulbright.es\/index.php?rest_route=\/wp\/v2\/types\/page"}],"author":[{"embeddable":true,"href":"https:\/\/asoc-fulbright.es\/index.php?rest_route=\/wp\/v2\/users\/9"}],"replies":[{"embeddable":true,"href":"https:\/\/asoc-fulbright.es\/index.php?rest_route=%2Fwp%2Fv2%2Fcomments&post=4625"}],"version-history":[{"count":18,"href":"https:\/\/asoc-fulbright.es\/index.php?rest_route=\/wp\/v2\/pages\/4625\/revisions"}],"predecessor-version":[{"id":5072,"href":"https:\/\/asoc-fulbright.es\/index.php?rest_route=\/wp\/v2\/pages\/4625\/revisions\/5072"}],"up":[{"embeddable":true,"href":"https:\/\/asoc-fulbright.es\/index.php?rest_route=\/wp\/v2\/pages\/316"}],"wp:attachment":[{"href":"https:\/\/asoc-fulbright.es\/index.php?rest_route=%2Fwp%2Fv2%2Fmedia&parent=4625"}],"curies":[{"name":"wp","href":"https:\/\/api.w.org\/{rel}","templated":true}]}}