{"id":460,"date":"2009-03-06T19:55:08","date_gmt":"2009-03-06T18:55:08","guid":{"rendered":"http:\/\/beta.asoc-fulbright.es\/actividades\/fulcro\/fulcro-9-ano-1994\/"},"modified":"2020-10-19T18:26:12","modified_gmt":"2020-10-19T17:26:12","slug":"fulcro-9-ano-1994","status":"publish","type":"page","link":"https:\/\/asoc-fulbright.es\/?page_id=460","title":{"rendered":"Fulcro 9 A\u00f1o 1994"},"content":{"rendered":"<p><strong>N\u00famero 9 de la Revista Fulcro, publicada en el a\u00f1o 1994.<\/strong><\/p>\n<p><a href=\"\/wp-content\/uploads\/2009\/03\/fulcro-9.pdf\">Desc\u00e1rgate en formato PDF el N\u00famero 9 de la revista Fulcro<\/a><strong><a href=\"\/wp-content\/uploads\/2009\/03\/fulcro-9.pdf\">.<\/a><br \/>\n<\/strong><\/p>\n","protected":false},"excerpt":{"rendered":"<p>N\u00famero 9 de la Revista Fulcro, publicada en el a\u00f1o 1994. Desc\u00e1rgate en formato PDF el N\u00famero 9 de la revista Fulcro.<\/p>\n","protected":false},"author":1,"featured_media":0,"parent":431,"menu_order":0,"comment_status":"open","ping_status":"open","template":"","meta":{"ngg_post_thumbnail":0,"footnotes":""},"class_list":["post-460","page","type-page","status-publish","hentry"],"_links":{"self":[{"href":"https:\/\/asoc-fulbright.es\/index.php?rest_route=\/wp\/v2\/pages\/460","targetHints":{"allow":["GET"]}}],"collection":[{"href":"https:\/\/asoc-fulbright.es\/index.php?rest_route=\/wp\/v2\/pages"}],"about":[{"href":"https:\/\/asoc-fulbright.es\/index.php?rest_route=\/wp\/v2\/types\/page"}],"author":[{"embeddable":true,"href":"https:\/\/asoc-fulbright.es\/index.php?rest_route=\/wp\/v2\/users\/1"}],"replies":[{"embeddable":true,"href":"https:\/\/asoc-fulbright.es\/index.php?rest_route=%2Fwp%2Fv2%2Fcomments&post=460"}],"version-history":[{"count":5,"href":"https:\/\/asoc-fulbright.es\/index.php?rest_route=\/wp\/v2\/pages\/460\/revisions"}],"predecessor-version":[{"id":4857,"href":"https:\/\/asoc-fulbright.es\/index.php?rest_route=\/wp\/v2\/pages\/460\/revisions\/4857"}],"up":[{"embeddable":true,"href":"https:\/\/asoc-fulbright.es\/index.php?rest_route=\/wp\/v2\/pages\/431"}],"wp:attachment":[{"href":"https:\/\/asoc-fulbright.es\/index.php?rest_route=%2Fwp%2Fv2%2Fmedia&parent=460"}],"curies":[{"name":"wp","href":"https:\/\/api.w.org\/{rel}","templated":true}]}}