{"id":457,"date":"2009-03-06T19:52:23","date_gmt":"2009-03-06T18:52:23","guid":{"rendered":"http:\/\/beta.asoc-fulbright.es\/actividades\/fulcro\/fulcro-1011-ano-1995\/"},"modified":"2020-10-19T18:25:42","modified_gmt":"2020-10-19T17:25:42","slug":"fulcro-1011-ano-1995","status":"publish","type":"page","link":"https:\/\/asoc-fulbright.es\/?page_id=457","title":{"rendered":"Fulcro 10\/11 (A\u00f1o 1995)"},"content":{"rendered":"<p><strong>Fulcro 10\/11 (A\u00f1o 1995)<\/strong><\/p>\n<p><a href=\"https:\/\/asoc-fulbright.es\/wp-content\/uploads\/2009\/03\/fulcro-10-11.pdf\">Desc\u00e1rgate en formato PDF el N\u00famero 10\/11 de la Revista Fulcro<\/a><\/p>\n","protected":false},"excerpt":{"rendered":"<p>Fulcro 10\/11 (A\u00f1o 1995) Desc\u00e1rgate en formato PDF el N\u00famero 10\/11 de la Revista Fulcro<\/p>\n","protected":false},"author":1,"featured_media":0,"parent":431,"menu_order":0,"comment_status":"open","ping_status":"open","template":"","meta":{"ngg_post_thumbnail":0,"footnotes":""},"class_list":["post-457","page","type-page","status-publish","hentry"],"_links":{"self":[{"href":"https:\/\/asoc-fulbright.es\/index.php?rest_route=\/wp\/v2\/pages\/457","targetHints":{"allow":["GET"]}}],"collection":[{"href":"https:\/\/asoc-fulbright.es\/index.php?rest_route=\/wp\/v2\/pages"}],"about":[{"href":"https:\/\/asoc-fulbright.es\/index.php?rest_route=\/wp\/v2\/types\/page"}],"author":[{"embeddable":true,"href":"https:\/\/asoc-fulbright.es\/index.php?rest_route=\/wp\/v2\/users\/1"}],"replies":[{"embeddable":true,"href":"https:\/\/asoc-fulbright.es\/index.php?rest_route=%2Fwp%2Fv2%2Fcomments&post=457"}],"version-history":[{"count":4,"href":"https:\/\/asoc-fulbright.es\/index.php?rest_route=\/wp\/v2\/pages\/457\/revisions"}],"predecessor-version":[{"id":4856,"href":"https:\/\/asoc-fulbright.es\/index.php?rest_route=\/wp\/v2\/pages\/457\/revisions\/4856"}],"up":[{"embeddable":true,"href":"https:\/\/asoc-fulbright.es\/index.php?rest_route=\/wp\/v2\/pages\/431"}],"wp:attachment":[{"href":"https:\/\/asoc-fulbright.es\/index.php?rest_route=%2Fwp%2Fv2%2Fmedia&parent=457"}],"curies":[{"name":"wp","href":"https:\/\/api.w.org\/{rel}","templated":true}]}}