{"id":452,"date":"2009-03-06T19:49:41","date_gmt":"2009-03-06T18:49:41","guid":{"rendered":"http:\/\/beta.asoc-fulbright.es\/?page_id=452"},"modified":"2020-10-19T18:24:40","modified_gmt":"2020-10-19T17:24:40","slug":"fulcro-13-ano-1997","status":"publish","type":"page","link":"https:\/\/asoc-fulbright.es\/?page_id=452","title":{"rendered":"Fulcro 13 (A\u00f1o 1997)"},"content":{"rendered":"<p><strong>N\u00famero 13 de la Revista Fulcro, editada en el a\u00f1o 1997.<\/strong><\/p>\n<p><a href=\"\/wp-content\/uploads\/2009\/03\/fulcro-13.pdf\">Desc\u00e1rgate en formato PDF el N\u00famero 13 de la Revista Fulcro.<\/a><strong><br \/>\n<\/strong><\/p>\n","protected":false},"excerpt":{"rendered":"<p>N\u00famero 13 de la Revista Fulcro, editada en el a\u00f1o 1997. Desc\u00e1rgate en formato PDF el N\u00famero 13 de la Revista Fulcro.<\/p>\n","protected":false},"author":1,"featured_media":0,"parent":431,"menu_order":0,"comment_status":"open","ping_status":"open","template":"","meta":{"ngg_post_thumbnail":0,"footnotes":""},"class_list":["post-452","page","type-page","status-publish","hentry"],"_links":{"self":[{"href":"https:\/\/asoc-fulbright.es\/index.php?rest_route=\/wp\/v2\/pages\/452","targetHints":{"allow":["GET"]}}],"collection":[{"href":"https:\/\/asoc-fulbright.es\/index.php?rest_route=\/wp\/v2\/pages"}],"about":[{"href":"https:\/\/asoc-fulbright.es\/index.php?rest_route=\/wp\/v2\/types\/page"}],"author":[{"embeddable":true,"href":"https:\/\/asoc-fulbright.es\/index.php?rest_route=\/wp\/v2\/users\/1"}],"replies":[{"embeddable":true,"href":"https:\/\/asoc-fulbright.es\/index.php?rest_route=%2Fwp%2Fv2%2Fcomments&post=452"}],"version-history":[{"count":7,"href":"https:\/\/asoc-fulbright.es\/index.php?rest_route=\/wp\/v2\/pages\/452\/revisions"}],"predecessor-version":[{"id":4854,"href":"https:\/\/asoc-fulbright.es\/index.php?rest_route=\/wp\/v2\/pages\/452\/revisions\/4854"}],"up":[{"embeddable":true,"href":"https:\/\/asoc-fulbright.es\/index.php?rest_route=\/wp\/v2\/pages\/431"}],"wp:attachment":[{"href":"https:\/\/asoc-fulbright.es\/index.php?rest_route=%2Fwp%2Fv2%2Fmedia&parent=452"}],"curies":[{"name":"wp","href":"https:\/\/api.w.org\/{rel}","templated":true}]}}