{"id":441,"date":"2009-03-06T19:42:51","date_gmt":"2009-03-06T18:42:51","guid":{"rendered":"http:\/\/beta.asoc-fulbright.es\/actividades\/fulcro\/fulcro-x-aniversario-ano-1991-2001\/"},"modified":"2020-10-19T18:24:18","modified_gmt":"2020-10-19T17:24:18","slug":"fulcro-x-aniversario-ano-1991-2001","status":"publish","type":"page","link":"https:\/\/asoc-fulbright.es\/?page_id=441","title":{"rendered":"Fulcro X Aniversario (A\u00f1o 1991-2001)"},"content":{"rendered":"<p><strong>Fulcro X Aniversario (A\u00f1o 1991-2001)<\/strong><\/p>\n<p><a href=\"\/wp-content\/uploads\/2009\/03\/fulcro-xani.pdf\">Desc\u00e1rgate el N\u00famero especial de la Revista Fulcro (X Aniversario) en formato PDF.<\/a><strong><br \/>\n<\/strong><\/p>\n","protected":false},"excerpt":{"rendered":"<p>Fulcro X Aniversario (A\u00f1o 1991-2001) Desc\u00e1rgate el N\u00famero especial de la Revista Fulcro (X Aniversario) en formato PDF.<\/p>\n","protected":false},"author":1,"featured_media":0,"parent":431,"menu_order":0,"comment_status":"open","ping_status":"open","template":"","meta":{"ngg_post_thumbnail":0,"footnotes":""},"class_list":["post-441","page","type-page","status-publish","hentry"],"_links":{"self":[{"href":"https:\/\/asoc-fulbright.es\/index.php?rest_route=\/wp\/v2\/pages\/441","targetHints":{"allow":["GET"]}}],"collection":[{"href":"https:\/\/asoc-fulbright.es\/index.php?rest_route=\/wp\/v2\/pages"}],"about":[{"href":"https:\/\/asoc-fulbright.es\/index.php?rest_route=\/wp\/v2\/types\/page"}],"author":[{"embeddable":true,"href":"https:\/\/asoc-fulbright.es\/index.php?rest_route=\/wp\/v2\/users\/1"}],"replies":[{"embeddable":true,"href":"https:\/\/asoc-fulbright.es\/index.php?rest_route=%2Fwp%2Fv2%2Fcomments&post=441"}],"version-history":[{"count":6,"href":"https:\/\/asoc-fulbright.es\/index.php?rest_route=\/wp\/v2\/pages\/441\/revisions"}],"predecessor-version":[{"id":4853,"href":"https:\/\/asoc-fulbright.es\/index.php?rest_route=\/wp\/v2\/pages\/441\/revisions\/4853"}],"up":[{"embeddable":true,"href":"https:\/\/asoc-fulbright.es\/index.php?rest_route=\/wp\/v2\/pages\/431"}],"wp:attachment":[{"href":"https:\/\/asoc-fulbright.es\/index.php?rest_route=%2Fwp%2Fv2%2Fmedia&parent=441"}],"curies":[{"name":"wp","href":"https:\/\/api.w.org\/{rel}","templated":true}]}}