{"id":438,"date":"2009-03-06T19:41:34","date_gmt":"2009-03-06T18:41:34","guid":{"rendered":"http:\/\/beta.asoc-fulbright.es\/?page_id=438"},"modified":"2020-10-19T18:23:54","modified_gmt":"2020-10-19T17:23:54","slug":"fulcro-18-ano-2002","status":"publish","type":"page","link":"https:\/\/asoc-fulbright.es\/?page_id=438","title":{"rendered":"Fulcro 18 &#8211; A\u00f1o 2002"},"content":{"rendered":"<p><strong>N\u00famero 18 de la Revista Fulcro, editada en el a\u00f1o 2002.<\/strong><\/p>\n<p><strong>En el N\u00famero 18 de la Revista Fulcro:<\/strong><\/p>\n<ul>\n<li>Encuentros Nacionales en Andaluc\u00eda y Sep\u00falveda<\/li>\n<li>Fulbright Internacional, From Berlin to Washington<\/li>\n<li>Tertulias Fools &amp; Brights<\/li>\n<\/ul>\n<p><a href=\"\/wp-content\/uploads\/2009\/03\/fulcro-18.pdf\">Descarga en formato PDF el N\u00famero 18 de la Revista Fulcro<\/a><\/p>\n","protected":false},"excerpt":{"rendered":"<p>N\u00famero 18 de la Revista Fulcro, editada en el a\u00f1o 2002. En el N\u00famero 18 de la Revista Fulcro: Encuentros Nacionales en Andaluc\u00eda y Sep\u00falveda Fulbright Internacional, From Berlin to Washington Tertulias Fools &amp; Brights Descarga en formato PDF el N\u00famero 18 de la Revista Fulcro<\/p>\n","protected":false},"author":1,"featured_media":0,"parent":431,"menu_order":0,"comment_status":"open","ping_status":"open","template":"","meta":{"ngg_post_thumbnail":0,"footnotes":""},"class_list":["post-438","page","type-page","status-publish","hentry"],"_links":{"self":[{"href":"https:\/\/asoc-fulbright.es\/index.php?rest_route=\/wp\/v2\/pages\/438","targetHints":{"allow":["GET"]}}],"collection":[{"href":"https:\/\/asoc-fulbright.es\/index.php?rest_route=\/wp\/v2\/pages"}],"about":[{"href":"https:\/\/asoc-fulbright.es\/index.php?rest_route=\/wp\/v2\/types\/page"}],"author":[{"embeddable":true,"href":"https:\/\/asoc-fulbright.es\/index.php?rest_route=\/wp\/v2\/users\/1"}],"replies":[{"embeddable":true,"href":"https:\/\/asoc-fulbright.es\/index.php?rest_route=%2Fwp%2Fv2%2Fcomments&post=438"}],"version-history":[{"count":7,"href":"https:\/\/asoc-fulbright.es\/index.php?rest_route=\/wp\/v2\/pages\/438\/revisions"}],"predecessor-version":[{"id":4851,"href":"https:\/\/asoc-fulbright.es\/index.php?rest_route=\/wp\/v2\/pages\/438\/revisions\/4851"}],"up":[{"embeddable":true,"href":"https:\/\/asoc-fulbright.es\/index.php?rest_route=\/wp\/v2\/pages\/431"}],"wp:attachment":[{"href":"https:\/\/asoc-fulbright.es\/index.php?rest_route=%2Fwp%2Fv2%2Fmedia&parent=438"}],"curies":[{"name":"wp","href":"https:\/\/api.w.org\/{rel}","templated":true}]}}