{"id":435,"date":"2009-03-06T19:39:46","date_gmt":"2009-03-06T18:39:46","guid":{"rendered":"http:\/\/beta.asoc-fulbright.es\/?page_id=435"},"modified":"2020-10-19T18:22:20","modified_gmt":"2020-10-19T17:22:20","slug":"fulcro-19-ano-2003","status":"publish","type":"page","link":"https:\/\/asoc-fulbright.es\/?page_id=435","title":{"rendered":"Fulcro 19 &#8211; A\u00f1o 2003"},"content":{"rendered":"<p><strong>N\u00famero 19 de la Revista Fulcro, publicada en el a\u00f1o 2003.<\/strong><\/p>\n<p>En el N\u00famero 19 de la revista Fulcro:<\/p>\n<ul>\n<li>Ryder Club: Cena con el embajador de USA<\/li>\n<li>Encuentro Internacional en T\u00e1nger<\/li>\n<li>Un a\u00f1o de Tertulias Fulbright<\/li>\n<\/ul>\n<p><a href=\"\/wp-content\/uploads\/2009\/03\/fulcro-19.pdf\">Descarga en formato PDF el N\u00famero 19 de la Revista Fulcro<\/a><\/p>\n","protected":false},"excerpt":{"rendered":"<p>N\u00famero 19 de la Revista Fulcro, publicada en el a\u00f1o 2003. En el N\u00famero 19 de la revista Fulcro: Ryder Club: Cena con el embajador de USA Encuentro Internacional en T\u00e1nger Un a\u00f1o de Tertulias Fulbright Descarga en formato PDF el N\u00famero 19 de la Revista Fulcro<\/p>\n","protected":false},"author":1,"featured_media":0,"parent":431,"menu_order":0,"comment_status":"open","ping_status":"open","template":"","meta":{"ngg_post_thumbnail":0,"footnotes":""},"class_list":["post-435","page","type-page","status-publish","hentry"],"_links":{"self":[{"href":"https:\/\/asoc-fulbright.es\/index.php?rest_route=\/wp\/v2\/pages\/435","targetHints":{"allow":["GET"]}}],"collection":[{"href":"https:\/\/asoc-fulbright.es\/index.php?rest_route=\/wp\/v2\/pages"}],"about":[{"href":"https:\/\/asoc-fulbright.es\/index.php?rest_route=\/wp\/v2\/types\/page"}],"author":[{"embeddable":true,"href":"https:\/\/asoc-fulbright.es\/index.php?rest_route=\/wp\/v2\/users\/1"}],"replies":[{"embeddable":true,"href":"https:\/\/asoc-fulbright.es\/index.php?rest_route=%2Fwp%2Fv2%2Fcomments&post=435"}],"version-history":[{"count":16,"href":"https:\/\/asoc-fulbright.es\/index.php?rest_route=\/wp\/v2\/pages\/435\/revisions"}],"predecessor-version":[{"id":4849,"href":"https:\/\/asoc-fulbright.es\/index.php?rest_route=\/wp\/v2\/pages\/435\/revisions\/4849"}],"up":[{"embeddable":true,"href":"https:\/\/asoc-fulbright.es\/index.php?rest_route=\/wp\/v2\/pages\/431"}],"wp:attachment":[{"href":"https:\/\/asoc-fulbright.es\/index.php?rest_route=%2Fwp%2Fv2%2Fmedia&parent=435"}],"curies":[{"name":"wp","href":"https:\/\/api.w.org\/{rel}","templated":true}]}}