{"id":431,"date":"2009-03-06T18:47:27","date_gmt":"2009-03-06T17:47:27","guid":{"rendered":"http:\/\/beta.asoc-fulbright.es\/?page_id=431"},"modified":"2020-10-19T18:18:23","modified_gmt":"2020-10-19T17:18:23","slug":"revista-fulcro","status":"publish","type":"page","link":"https:\/\/asoc-fulbright.es\/?page_id=431","title":{"rendered":"Fulcro"},"content":{"rendered":"<p>Fulcro es la revista de la Asociaci\u00f3n, que recoge 20 a\u00f1os de historia. Consulta sus n\u00fameros para conocer de primera mano en im\u00e1genes y textos qu\u00e9 ha sido y qu\u00e9 es hoy la Asociaci\u00f3n de ex-becarios W. Fulbright. Con ocasi\u00f3n del 20 aniversario de la Asociaci\u00f3n publicamos en diciembre de 2010 el <a href=\"http:\/\/issuu.com\/asoc-fulbright\/docs\/libro-fulbright-20-aniversario\">Libro 20 a\u00f1os Asociaci\u00f3n J.William Fulbright (1990-2010)<\/a>.<\/p>\n<ul>\n<li><a href=\"http:\/\/issuu.com\/asoc-fulbright\/docs\/libro-fulbright-20-aniversario\">Libro 20 aniversario (1991-2011)<\/a><\/li>\n<li><a href=\"https:\/\/asoc-fulbright.es\/?page_id=498\">Fulcro 20<\/a><\/li>\n<li><a href=\"https:\/\/asoc-fulbright.es\/?page_id=435\">Fulcro 19<\/a><\/li>\n<li><a href=\"https:\/\/asoc-fulbright.es\/?page_id=438\">Fulcro 18<br \/>\n<\/a><\/li>\n<li><a href=\"https:\/\/asoc-fulbright.es\/?page_id=442\">Fulcro 17<\/a><\/li>\n<li><a href=\"https:\/\/asoc-fulbright.es\/?page_id=441\">Fulcro X Aniversario (A\u00f1o 1991-2001)<\/a><\/li>\n<li><a href=\"https:\/\/asoc-fulbright.es\/?page_id=445\">Fulcro 16<\/a><\/li>\n<li><a href=\"https:\/\/asoc-fulbright.es\/?page_id=1677\">Fulcro 15<\/a><\/li>\n<li><a href=\"https:\/\/asoc-fulbright.es\/?page_id=1675\">Fulcro 14<\/a><\/li>\n<li><a href=\"https:\/\/asoc-fulbright.es\/?page_id=452\">Fulcro 13<\/a><\/li>\n<li><a href=\"https:\/\/asoc-fulbright.es\/?page_id=455\">Fulcro 12<\/a><\/li>\n<li><a href=\"https:\/\/asoc-fulbright.es\/?page_id=457\">Fulcro 10\/11<\/a><\/li>\n<li><a href=\"https:\/\/asoc-fulbright.es\/?page_id=460\">Fulcro 9<\/a><\/li>\n<li><a href=\"https:\/\/asoc-fulbright.es\/?page_id=545\">Fulcro 7\/8<\/a><\/li>\n<li><a href=\"https:\/\/asoc-fulbright.es\/?page_id=539\">Fulcro 6<\/a><\/li>\n<li><a href=\"https:\/\/asoc-fulbright.es\/?page_id=535\">Fulcro 5<\/a><\/li>\n<li><a href=\"https:\/\/asoc-fulbright.es\/?page_id=531\">Fulcro 4<\/a><\/li>\n<li><a href=\"https:\/\/asoc-fulbright.es\/?page_id=527\">Fulcro 3<\/a><\/li>\n<li><a href=\"https:\/\/asoc-fulbright.es\/?page_id=522\">Fulcro 2<\/a><\/li>\n<li><a href=\"https:\/\/asoc-fulbright.es\/?page_id=517\">Fulcro 1<\/a><\/li>\n<\/ul>\n","protected":false},"excerpt":{"rendered":"<p>Fulcro es la revista de la Asociaci\u00f3n, que recoge 20 a\u00f1os de historia. Consulta sus n\u00fameros para conocer de primera mano en im\u00e1genes y textos qu\u00e9 ha sido y qu\u00e9 es hoy la Asociaci\u00f3n de ex-becarios W. Fulbright. Con ocasi\u00f3n del 20 aniversario de la Asociaci\u00f3n publicamos en diciembre de 2010 el Libro 20 a\u00f1os [&hellip;]<\/p>\n","protected":false},"author":1,"featured_media":0,"parent":0,"menu_order":7,"comment_status":"open","ping_status":"closed","template":"","meta":{"ngg_post_thumbnail":0,"footnotes":""},"class_list":["post-431","page","type-page","status-publish","hentry"],"_links":{"self":[{"href":"https:\/\/asoc-fulbright.es\/index.php?rest_route=\/wp\/v2\/pages\/431","targetHints":{"allow":["GET"]}}],"collection":[{"href":"https:\/\/asoc-fulbright.es\/index.php?rest_route=\/wp\/v2\/pages"}],"about":[{"href":"https:\/\/asoc-fulbright.es\/index.php?rest_route=\/wp\/v2\/types\/page"}],"author":[{"embeddable":true,"href":"https:\/\/asoc-fulbright.es\/index.php?rest_route=\/wp\/v2\/users\/1"}],"replies":[{"embeddable":true,"href":"https:\/\/asoc-fulbright.es\/index.php?rest_route=%2Fwp%2Fv2%2Fcomments&post=431"}],"version-history":[{"count":33,"href":"https:\/\/asoc-fulbright.es\/index.php?rest_route=\/wp\/v2\/pages\/431\/revisions"}],"predecessor-version":[{"id":4845,"href":"https:\/\/asoc-fulbright.es\/index.php?rest_route=\/wp\/v2\/pages\/431\/revisions\/4845"}],"wp:attachment":[{"href":"https:\/\/asoc-fulbright.es\/index.php?rest_route=%2Fwp%2Fv2%2Fmedia&parent=431"}],"curies":[{"name":"wp","href":"https:\/\/api.w.org\/{rel}","templated":true}]}}