{"id":4259,"date":"2019-03-25T17:18:45","date_gmt":"2019-03-25T16:18:45","guid":{"rendered":"https:\/\/asoc-fulbright.es\/?page_id=4259"},"modified":"2022-03-07T09:14:54","modified_gmt":"2022-03-07T08:14:54","slug":"patrocinadores-de-la-beca-en-2018","status":"publish","type":"page","link":"https:\/\/asoc-fulbright.es\/?page_id=4259","title":{"rendered":"Patrocinadores de la Beca en 2018"},"content":{"rendered":"<h3>INSTITUCIONAL<\/h3>\n<table style=\"height: 54px;\" width=\"313\">\n<tbody>\n<tr>\n<td>Angel y Elizabeth<\/td>\n<td>Cabrera<\/td>\n<\/tr>\n<tr>\n<td>Juan Manuel<\/td>\n<td>Delgado Moreira<\/td>\n<\/tr>\n<\/tbody>\n<\/table>\n<h3>ORO<\/h3>\n<table style=\"height: 24px;\" width=\"440\">\n<tbody>\n<tr>\n<td width=\"80\">Miguel<\/td>\n<td width=\"80\">Beltr\u00e1n de Felipe<\/td>\n<\/tr>\n<tr>\n<td>Leandro<\/td>\n<td>Ca\u00f1ibano Calvo<\/td>\n<\/tr>\n<tr>\n<td>Rafael<\/td>\n<td>Del Rey Salgado<\/td>\n<\/tr>\n<tr>\n<td>Juan<\/td>\n<td>D\u00edaz-Andreu<\/td>\n<\/tr>\n<tr>\n<td>Mar\u00eda Soledad<\/td>\n<td>Fern\u00e1ndez Alfonso<\/td>\n<\/tr>\n<tr>\n<td>Antonio<\/td>\n<td>Fern\u00e1ndez Anta<\/td>\n<\/tr>\n<tr>\n<td>Mar\u00eda Elena<\/td>\n<td>Fern\u00e1ndez de Ochoa (Familia Foster)<\/td>\n<\/tr>\n<tr>\n<td>\u00c1ngel<\/td>\n<td>Gavieiro Besteiro<\/td>\n<\/tr>\n<tr>\n<td>Antonio<\/td>\n<td>Gir\u00f3n Ares<\/td>\n<\/tr>\n<tr>\n<td>Mar\u00e1i Bel\u00e9n<\/td>\n<td>Llera Cerme\u00f1o<\/td>\n<\/tr>\n<tr>\n<td>Alberto<\/td>\n<td>L\u00f3pez San Miguel<\/td>\n<\/tr>\n<tr>\n<td>Jos\u00e9 Javier<\/td>\n<td>Rodr\u00edguez Alcaide<\/td>\n<\/tr>\n<tr>\n<td>Luis<\/td>\n<td>Rodr\u00edguez-Ovejero<\/td>\n<\/tr>\n<tr>\n<td>Pedro<\/td>\n<td>Su\u00e1rez Fern\u00e1ndez<\/td>\n<\/tr>\n<tr>\n<td>Nicol\u00e1s<\/td>\n<td>Vill\u00e9n Jim\u00e9nez<\/td>\n<\/tr>\n<\/tbody>\n<\/table>\n<h3>PLATA<\/h3>\n<table style=\"height: 24px;\" width=\"434\">\n<tbody>\n<tr>\n<td width=\"80\">\u00c1ngel<\/td>\n<td width=\"80\">\u00c1lvarez Rodr\u00edguez<\/td>\n<\/tr>\n<tr>\n<td>Mar\u00eda Dolores<\/td>\n<td>Casta\u00f1o Linares<\/td>\n<\/tr>\n<tr>\n<td>Pedro<\/td>\n<td>Cordero<\/td>\n<\/tr>\n<tr>\n<td>Mar\u00eda Jes\u00fas<\/td>\n<td>Fuente P\u00e9rez<\/td>\n<\/tr>\n<tr>\n<td>Miguel \u00c1ngel<\/td>\n<td>Hern\u00e1n G\u00f3mez<\/td>\n<\/tr>\n<tr>\n<td>Pilar<\/td>\n<td>Manzano<\/td>\n<\/tr>\n<tr>\n<td>Jos\u00e9 Miguel<\/td>\n<td>Mart\u00edn \u00c1lvarez<\/td>\n<\/tr>\n<tr>\n<td>Alicia<\/td>\n<td>Mart\u00edn L\u00f3pez<\/td>\n<\/tr>\n<tr>\n<td>Jos\u00e9 Manuel<\/td>\n<td>Pardo Mu\u00f1oz<\/td>\n<\/tr>\n<tr>\n<td>Miguel \u00c1ngel<\/td>\n<td>Perch\u00edn de Torres<\/td>\n<\/tr>\n<tr>\n<td>Eduardo<\/td>\n<td>P\u00e9rez<\/td>\n<\/tr>\n<tr>\n<td>Bel\u00e9n<\/td>\n<td>Pueyo-Ib\u00e1\u00f1ez<\/td>\n<\/tr>\n<tr>\n<td>&#8211;<\/td>\n<td>&#8211;<\/td>\n<\/tr>\n<tr>\n<td>Jos\u00e9 Luis<\/td>\n<td>Romero Mart\u00edn<\/td>\n<\/tr>\n<tr>\n<td>Jos\u00e9 Mar\u00eda<\/td>\n<td>Sierra \u00c1lvarez<\/td>\n<\/tr>\n<tr>\n<td>Mario<\/td>\n<td>Tafalla Garc\u00eda<\/td>\n<\/tr>\n<tr>\n<td>Joaqu\u00edn<\/td>\n<td>Timoneda<\/td>\n<\/tr>\n<\/tbody>\n<\/table>\n<h3>BRONCE<\/h3>\n<table style=\"border-collapse: collapse; width: 428px; height: 37px;\" border=\"0\" width=\"160\" cellspacing=\"0\" cellpadding=\"0\">\n<colgroup>\n<col style=\"width: 60pt;\" span=\"2\" width=\"80\" \/> <\/colgroup>\n<tbody>\n<tr style=\"height: 12.75pt;\">\n<td class=\"xl67\" style=\"height: 12.75pt; width: 60pt;\" width=\"80\" height=\"17\">Estrella<\/td>\n<td class=\"xl66\" style=\"border-left: none; width: 60pt;\" width=\"80\">Rausell Tamayo<\/td>\n<\/tr>\n<tr style=\"height: 12.75pt;\">\n<td class=\"xl67\" style=\"height: 12.75pt; border-top: none;\" height=\"17\">Luisa Mar\u00eda<\/td>\n<td class=\"xl66\" style=\"border-top: none; border-left: none;\">Sandalio<\/td>\n<\/tr>\n<\/tbody>\n<\/table>\n","protected":false},"excerpt":{"rendered":"<p>INSTITUCIONAL Angel y Elizabeth Cabrera Juan Manuel Delgado Moreira ORO Miguel Beltr\u00e1n de Felipe Leandro Ca\u00f1ibano Calvo Rafael Del Rey Salgado Juan D\u00edaz-Andreu Mar\u00eda Soledad Fern\u00e1ndez Alfonso Antonio Fern\u00e1ndez Anta Mar\u00eda Elena Fern\u00e1ndez de Ochoa (Familia Foster) \u00c1ngel Gavieiro Besteiro Antonio Gir\u00f3n Ares Mar\u00e1i Bel\u00e9n Llera Cerme\u00f1o Alberto L\u00f3pez San Miguel Jos\u00e9 Javier Rodr\u00edguez Alcaide [&hellip;]<\/p>\n","protected":false},"author":9,"featured_media":0,"parent":316,"menu_order":0,"comment_status":"closed","ping_status":"closed","template":"","meta":{"ngg_post_thumbnail":0,"footnotes":""},"class_list":["post-4259","page","type-page","status-publish","hentry"],"_links":{"self":[{"href":"https:\/\/asoc-fulbright.es\/index.php?rest_route=\/wp\/v2\/pages\/4259","targetHints":{"allow":["GET"]}}],"collection":[{"href":"https:\/\/asoc-fulbright.es\/index.php?rest_route=\/wp\/v2\/pages"}],"about":[{"href":"https:\/\/asoc-fulbright.es\/index.php?rest_route=\/wp\/v2\/types\/page"}],"author":[{"embeddable":true,"href":"https:\/\/asoc-fulbright.es\/index.php?rest_route=\/wp\/v2\/users\/9"}],"replies":[{"embeddable":true,"href":"https:\/\/asoc-fulbright.es\/index.php?rest_route=%2Fwp%2Fv2%2Fcomments&post=4259"}],"version-history":[{"count":7,"href":"https:\/\/asoc-fulbright.es\/index.php?rest_route=\/wp\/v2\/pages\/4259\/revisions"}],"predecessor-version":[{"id":5073,"href":"https:\/\/asoc-fulbright.es\/index.php?rest_route=\/wp\/v2\/pages\/4259\/revisions\/5073"}],"up":[{"embeddable":true,"href":"https:\/\/asoc-fulbright.es\/index.php?rest_route=\/wp\/v2\/pages\/316"}],"wp:attachment":[{"href":"https:\/\/asoc-fulbright.es\/index.php?rest_route=%2Fwp%2Fv2%2Fmedia&parent=4259"}],"curies":[{"name":"wp","href":"https:\/\/api.w.org\/{rel}","templated":true}]}}