{"id":4188,"date":"2018-07-05T14:06:23","date_gmt":"2018-07-05T13:06:23","guid":{"rendered":"http:\/\/asoc-fulbright.es\/?page_id=4188"},"modified":"2018-07-05T14:06:23","modified_gmt":"2018-07-05T13:06:23","slug":"cv-y-proyecto-de-trabajo-de-paloma-lantero","status":"publish","type":"page","link":"https:\/\/asoc-fulbright.es\/?page_id=4188","title":{"rendered":"CV y proyecto de trabajo de Paloma Lantero"},"content":{"rendered":"<p>Desde Septiembre de 2015 soy asociada en la oficina de Bruselas del despacho de abogados J&amp;A Garrigues en la pr\u00e1ctica de Derecho Europeo y de la Competencia. Mis \u00e1reas de especializaci\u00f3n son el Derecho de la competencia europeo y espa\u00f1ol, las ayudas de Estado, el mercado interior de la UE y el comercio internacional. A lo largo de estos tres a\u00f1os de experiencia he representado a empresas e instituciones p\u00fablicas tanto en procedimientos administrativos ante la Comisi\u00f3n Europea y la Comisi\u00f3n Nacional de los Mercados y de la Competencia como en procedimientos judiciales ante los Tribunales europeos y nacionales. Con anterioridad, obtuve una Licenciatura de Derecho en la Universidad de Oviedo (2009-2014) y a continuaci\u00f3n realic\u00e9 un M\u00e1ster en Derecho de la Uni\u00f3n Europea en el Colegio de Europa (Brujas, B\u00e9lgica, 2014-2015).<\/p>\n<p>Durante el curso acad\u00e9mico 2018-2019 completar\u00e9 mi formaci\u00f3n con un LL.M. (<em>Masters of Laws<\/em>) en la Universidad de Nueva York como becaria Fulbright\/Asociaci\u00f3n J. William Fulbright. Mi objetivo es obtener una perspectiva comparada de mis \u00e1reas de pr\u00e1ctica y profundizar en aspectos relacionados con el derecho\u00a0<em>antitrust<\/em>\u00a0americano, los desaf\u00edos legales que plantean las nuevas tecnolog\u00edas y el comercio internacional. Asimismo, me gustar\u00eda aprovechar estos estudios para ampliar mi conocimiento acerca del sistema federal y la cultura jur\u00eddica estadounidense, benefici\u00e1ndome del prestigio de los profesores de la facultad de derecho de NYU y su excelente m\u00e9todo docente.<\/p>\n<p>Una vez finalizados mis estudios en Estados Unidos, mi intenci\u00f3n es seguir desarrollando mi carrera profesional en Bruselas y Madrid. Adem\u00e1s, en el futuro, me gustar\u00eda combinar la pr\u00e1ctica del Derecho con el mundo acad\u00e9mico para contribuir al estudio y desarrollo del Derecho europeo y comparado.\u00a0 Estoy convencida de que mi estancia en Nueva York ser\u00e1 una experiencia \u00fanica para mi crecimiento personal e intelectual y estoy muy agradecida a la Comisi\u00f3n Fulbright y a la Asociaci\u00f3n de ExBecarios J.W. Fulbright Espa\u00f1a por esta gran oportunidad.<\/p>\n<p>&nbsp;<\/p>\n","protected":false},"excerpt":{"rendered":"<p>Desde Septiembre de 2015 soy asociada en la oficina de Bruselas del despacho de abogados J&amp;A Garrigues en la pr\u00e1ctica de Derecho Europeo y de la Competencia. Mis \u00e1reas de especializaci\u00f3n son el Derecho de la competencia europeo y espa\u00f1ol, las ayudas de Estado, el mercado interior de la UE y el comercio internacional. A [&hellip;]<\/p>\n","protected":false},"author":9,"featured_media":0,"parent":316,"menu_order":0,"comment_status":"closed","ping_status":"closed","template":"","meta":{"ngg_post_thumbnail":0,"footnotes":""},"class_list":["post-4188","page","type-page","status-publish","hentry"],"_links":{"self":[{"href":"https:\/\/asoc-fulbright.es\/index.php?rest_route=\/wp\/v2\/pages\/4188","targetHints":{"allow":["GET"]}}],"collection":[{"href":"https:\/\/asoc-fulbright.es\/index.php?rest_route=\/wp\/v2\/pages"}],"about":[{"href":"https:\/\/asoc-fulbright.es\/index.php?rest_route=\/wp\/v2\/types\/page"}],"author":[{"embeddable":true,"href":"https:\/\/asoc-fulbright.es\/index.php?rest_route=\/wp\/v2\/users\/9"}],"replies":[{"embeddable":true,"href":"https:\/\/asoc-fulbright.es\/index.php?rest_route=%2Fwp%2Fv2%2Fcomments&post=4188"}],"version-history":[{"count":1,"href":"https:\/\/asoc-fulbright.es\/index.php?rest_route=\/wp\/v2\/pages\/4188\/revisions"}],"predecessor-version":[{"id":4189,"href":"https:\/\/asoc-fulbright.es\/index.php?rest_route=\/wp\/v2\/pages\/4188\/revisions\/4189"}],"up":[{"embeddable":true,"href":"https:\/\/asoc-fulbright.es\/index.php?rest_route=\/wp\/v2\/pages\/316"}],"wp:attachment":[{"href":"https:\/\/asoc-fulbright.es\/index.php?rest_route=%2Fwp%2Fv2%2Fmedia&parent=4188"}],"curies":[{"name":"wp","href":"https:\/\/api.w.org\/{rel}","templated":true}]}}