{"id":4133,"date":"2018-04-27T14:11:34","date_gmt":"2018-04-27T13:11:34","guid":{"rendered":"http:\/\/asoc-fulbright.es\/?page_id=4133"},"modified":"2022-03-07T09:15:25","modified_gmt":"2022-03-07T08:15:25","slug":"patrocinadores-de-la-beca-en-2017","status":"publish","type":"page","link":"https:\/\/asoc-fulbright.es\/?page_id=4133","title":{"rendered":"Patrocinadores de la Beca en 2017"},"content":{"rendered":"<h3>INSTITUCIONAL<\/h3>\n<table style=\"height: 40px;\" width=\"460\">\n<tbody>\n<tr>\n<td width=\"80\">Angel y Elizabeth<\/td>\n<td width=\"198\">\u00a0\u00a0\u00a0\u00a0\u00a0\u00a0\u00a0\u00a0\u00a0\u00a0\u00a0 Cabrera<\/td>\n<\/tr>\n<tr>\n<td>Juan Manuel<\/td>\n<td style=\"text-align: left;\">\u00a0\u00a0\u00a0\u00a0\u00a0\u00a0\u00a0\u00a0\u00a0\u00a0 Delgado Moreira<\/td>\n<\/tr>\n<\/tbody>\n<\/table>\n<h3>ORO<\/h3>\n<table style=\"height: 350px;\" width=\"469\">\n<tbody>\n<tr>\n<td width=\"80\">David<\/td>\n<td width=\"166\">Alandete Ballester<\/td>\n<\/tr>\n<tr>\n<td>Rafael<\/td>\n<td>Alonso Sol\u00eds<\/td>\n<\/tr>\n<tr>\n<td>Miguel<\/td>\n<td>Arpa Villalonga<\/td>\n<\/tr>\n<tr>\n<td>Ricardo<\/td>\n<td>De Gracia Moreno<\/td>\n<\/tr>\n<tr>\n<td>Pilar<\/td>\n<td>Del Castillo<\/td>\n<\/tr>\n<tr>\n<td>Juan<\/td>\n<td>D\u00edaz-Andreu<\/td>\n<\/tr>\n<tr>\n<td>Antonio<\/td>\n<td>Fern\u00e1ndez Anta<\/td>\n<\/tr>\n<tr>\n<td>Mar\u00eda Elena P\u00eda<\/td>\n<td>Fern\u00e1ndez de Ochoa (Familia Foster)<\/td>\n<\/tr>\n<tr>\n<td>Tom\u00e1s<\/td>\n<td>Garc\u00eda<\/td>\n<\/tr>\n<tr>\n<td>Angel<\/td>\n<td>Gavieiro Besteiro<\/td>\n<\/tr>\n<tr>\n<td>F\u00e9lix<\/td>\n<td>Guardia<\/td>\n<\/tr>\n<tr>\n<td>Bel\u00e9n<\/td>\n<td>Llera Cerme\u00f1o<\/td>\n<\/tr>\n<tr>\n<td>Alberto<\/td>\n<td>L\u00f3pez San Miguel<\/td>\n<\/tr>\n<tr>\n<td>Jos\u00e9<\/td>\n<td>L\u00f3pez-Barneo<\/td>\n<\/tr>\n<tr>\n<td>Jos\u00e9 Javier<\/td>\n<td>Rodr\u00edguez Alcaide<\/td>\n<\/tr>\n<tr>\n<td>Luis<\/td>\n<td>Rodr\u00edguez Ovejero<\/td>\n<\/tr>\n<tr>\n<td>Sonsoles<\/td>\n<td>Valdivia<\/td>\n<\/tr>\n<tr>\n<td>Nicol\u00e1s<\/td>\n<td>Vill\u00e9n Jim\u00e9nez<\/td>\n<\/tr>\n<\/tbody>\n<\/table>\n<h3>PLATA<\/h3>\n<table style=\"height: 400px;\" width=\"313\">\n<tbody>\n<tr>\n<td width=\"80\">Angel<\/td>\n<td width=\"80\">\u00c1lvarez Rodr\u00edguez<\/td>\n<\/tr>\n<tr>\n<td>Mar\u00eda Antonia<\/td>\n<td>Ballesteros Sola<\/td>\n<\/tr>\n<tr>\n<td>Miguel<\/td>\n<td>Beltr\u00e1n de Felipe<\/td>\n<\/tr>\n<tr>\n<td>Mar\u00eda Dolores<\/td>\n<td>Casta\u00f1o Linares<\/td>\n<\/tr>\n<tr>\n<td>Pedro<\/td>\n<td>Cordero P\u00e9rez<\/td>\n<\/tr>\n<tr>\n<td>\u00d3scar<\/td>\n<td>Dieste Tubio<\/td>\n<\/tr>\n<tr>\n<td>Mar\u00eda Jes\u00fas<\/td>\n<td>Fuente P\u00e9rez<\/td>\n<\/tr>\n<tr>\n<td>Miguel A<\/td>\n<td>Hern\u00e1n<\/td>\n<\/tr>\n<tr>\n<td>Pilar<\/td>\n<td>Manzano Garc\u00eda<\/td>\n<\/tr>\n<tr>\n<td>Carmen<\/td>\n<td>Mart\u00edn Domingo<\/td>\n<\/tr>\n<tr>\n<td>Alicia<\/td>\n<td>Mart\u00edn L\u00f3pez<\/td>\n<\/tr>\n<tr>\n<td>Adolfo<\/td>\n<td>N\u00fa\u00f1ez P\u00e9rez<\/td>\n<\/tr>\n<tr>\n<td>Jos\u00e9 Manuel<\/td>\n<td>Pardo Mu\u00f1oz<\/td>\n<\/tr>\n<tr>\n<td>Eduardo<\/td>\n<td>P\u00e9rez P\u00e9rez<\/td>\n<\/tr>\n<tr>\n<td>Bel\u00e9n<\/td>\n<td>Pueyo-Ib\u00e1\u00f1ez<\/td>\n<\/tr>\n<tr>\n<td>&#8211;<\/td>\n<td>&#8211;<\/td>\n<\/tr>\n<tr>\n<td>Jos\u00e9 Luis<\/td>\n<td>Romero Mart\u00edn<\/td>\n<\/tr>\n<tr>\n<td>Mario<\/td>\n<td>Tafalla Garc\u00eda<\/td>\n<\/tr>\n<tr>\n<td>Eleuterio<\/td>\n<td>Vallelado<\/td>\n<\/tr>\n<\/tbody>\n<\/table>\n<h3>BRONCE<\/h3>\n<table style=\"border-collapse: collapse; width: 323px; height: 31px;\" border=\"0\" width=\"160\" cellspacing=\"0\" cellpadding=\"0\">\n<colgroup>\n<col style=\"width: 60pt;\" span=\"2\" width=\"80\" \/> <\/colgroup>\n<tbody>\n<tr style=\"height: 15.0pt;\">\n<td class=\"xl68\" style=\"height: 15.0pt; width: 60pt;\" width=\"80\" height=\"20\">Ram\u00f3n Francisco<\/td>\n<td class=\"xl68\" style=\"width: 60pt;\" width=\"80\">Blanco Duelo<\/td>\n<\/tr>\n<tr style=\"height: 15.0pt;\">\n<td class=\"xl68\" style=\"height: 15.0pt;\" height=\"20\">Miguel<\/td>\n<td class=\"xl68\">Caba\u00f1as<\/td>\n<\/tr>\n<\/tbody>\n<\/table>\n<h3>CONCIERTO EN BENEFICIO DE LA BECA<\/h3>\n<p>Aurora Arteaga y Lluis Capdevila<\/p>\n","protected":false},"excerpt":{"rendered":"<p>INSTITUCIONAL Angel y Elizabeth \u00a0\u00a0\u00a0\u00a0\u00a0\u00a0\u00a0\u00a0\u00a0\u00a0\u00a0 Cabrera Juan Manuel \u00a0\u00a0\u00a0\u00a0\u00a0\u00a0\u00a0\u00a0\u00a0\u00a0 Delgado Moreira ORO David Alandete Ballester Rafael Alonso Sol\u00eds Miguel Arpa Villalonga Ricardo De Gracia Moreno Pilar Del Castillo Juan D\u00edaz-Andreu Antonio Fern\u00e1ndez Anta Mar\u00eda Elena P\u00eda Fern\u00e1ndez de Ochoa (Familia Foster) Tom\u00e1s Garc\u00eda Angel Gavieiro Besteiro F\u00e9lix Guardia Bel\u00e9n Llera Cerme\u00f1o Alberto L\u00f3pez San Miguel [&hellip;]<\/p>\n","protected":false},"author":9,"featured_media":0,"parent":316,"menu_order":0,"comment_status":"closed","ping_status":"closed","template":"","meta":{"ngg_post_thumbnail":0,"footnotes":""},"class_list":["post-4133","page","type-page","status-publish","hentry"],"_links":{"self":[{"href":"https:\/\/asoc-fulbright.es\/index.php?rest_route=\/wp\/v2\/pages\/4133","targetHints":{"allow":["GET"]}}],"collection":[{"href":"https:\/\/asoc-fulbright.es\/index.php?rest_route=\/wp\/v2\/pages"}],"about":[{"href":"https:\/\/asoc-fulbright.es\/index.php?rest_route=\/wp\/v2\/types\/page"}],"author":[{"embeddable":true,"href":"https:\/\/asoc-fulbright.es\/index.php?rest_route=\/wp\/v2\/users\/9"}],"replies":[{"embeddable":true,"href":"https:\/\/asoc-fulbright.es\/index.php?rest_route=%2Fwp%2Fv2%2Fcomments&post=4133"}],"version-history":[{"count":17,"href":"https:\/\/asoc-fulbright.es\/index.php?rest_route=\/wp\/v2\/pages\/4133\/revisions"}],"predecessor-version":[{"id":5074,"href":"https:\/\/asoc-fulbright.es\/index.php?rest_route=\/wp\/v2\/pages\/4133\/revisions\/5074"}],"up":[{"embeddable":true,"href":"https:\/\/asoc-fulbright.es\/index.php?rest_route=\/wp\/v2\/pages\/316"}],"wp:attachment":[{"href":"https:\/\/asoc-fulbright.es\/index.php?rest_route=%2Fwp%2Fv2%2Fmedia&parent=4133"}],"curies":[{"name":"wp","href":"https:\/\/api.w.org\/{rel}","templated":true}]}}