{"id":40,"date":"2009-01-13T17:01:19","date_gmt":"2009-01-13T16:01:19","guid":{"rendered":"http:\/\/beta.asoc-fulbright.es\/?page_id=40"},"modified":"2020-10-19T18:02:28","modified_gmt":"2020-10-19T17:02:28","slug":"encuentros-2","status":"publish","type":"page","link":"https:\/\/asoc-fulbright.es\/?page_id=40","title":{"rendered":"Encuentros"},"content":{"rendered":"<p>Los encuentros nacionales e internacionales facilitan que los socios exploren juntos la geograf\u00eda espa\u00f1ola y extranjera. Permiten conocer los valores aut\u00f3ctonos, la proyecci\u00f3n futura y fortalecer lazos con la comunidad internacional e interprovincial Fulbright. En estos encuentros se promueve el contacto directo con entidades locales, p\u00fablicas o privadas, relacionadas con la empresa, la ciencia o la cultura (universidades, empresarios, periodistas, artistas, m\u00fasicos, pensadores, Fulbrighters). Andaluc\u00eda, Castilla-Le\u00f3n, Catalu\u00f1a, Canarias, Extremadura, Valencia, Marruecos y China han estado entre nuestros destinos.<\/p>\n<div class=\"plain\">\n<h2>Encuentros Nacionales<\/h2>\n<ul>\n<li><a href=\"https:\/\/asoc-fulbright.es\/?page_id=390\">Encuentro en Sahagun &#8211; Mayo 2008<\/a><\/li>\n<li><a href=\"\/?page_id=74\">Encuentro en Girona &#8211; Octubre 2004<\/a><\/li>\n<li><a href=\"\/?page_id=76\">Encuentro en Tenerife &#8211; Abril 2003<\/a><\/li>\n<li><a href=\"\/?page_id=86\">Encuentro en Sepulveda, Hoces del Duraton &#8211; Junio 2002<\/a><\/li>\n<li><a href=\"\/?page_id=90\">Encuentro en Palencia, X Aniversario &#8211; 2002<\/a><\/li>\n<li><a href=\"\/?page_id=94\">Encuentro en Andalucia, Carrera de Indias &#8211; Noviembre 2001<\/a><\/li>\n<li><a href=\"\/?page_id=98\">Encuentro en Albarracin &#8211; 1999<\/a><\/li>\n<\/ul>\n<h2>Encuentros Internacionales<\/h2>\n<ul>\n<li>Moroccan Fulbright Alumni Association Conference on \u201cHow to make the brain drain a brain gain for Morocco\u201d<\/li>\n<li><a href=\"\/?page_id=64\">Encuentro en Pek\u00edn 2005<\/a><\/li>\n<li><a href=\"\/?page_id=66\">Encuentro en Tangier 2003<\/a><\/li>\n<li><a href=\"\/?page_id=68\">Encuentro en Toledo 2000<\/a><\/li>\n<\/ul>\n<\/div>\n","protected":false},"excerpt":{"rendered":"<p>Los encuentros nacionales e internacionales facilitan que los socios exploren juntos la geograf\u00eda espa\u00f1ola y extranjera. Permiten conocer los valores aut\u00f3ctonos, la proyecci\u00f3n futura y fortalecer lazos con la comunidad internacional e interprovincial Fulbright. En estos encuentros se promueve el contacto directo con entidades locales, p\u00fablicas o privadas, relacionadas con la empresa, la ciencia o [&hellip;]<\/p>\n","protected":false},"author":1,"featured_media":0,"parent":330,"menu_order":0,"comment_status":"open","ping_status":"open","template":"","meta":{"ngg_post_thumbnail":0,"footnotes":""},"class_list":["post-40","page","type-page","status-publish","hentry"],"_links":{"self":[{"href":"https:\/\/asoc-fulbright.es\/index.php?rest_route=\/wp\/v2\/pages\/40","targetHints":{"allow":["GET"]}}],"collection":[{"href":"https:\/\/asoc-fulbright.es\/index.php?rest_route=\/wp\/v2\/pages"}],"about":[{"href":"https:\/\/asoc-fulbright.es\/index.php?rest_route=\/wp\/v2\/types\/page"}],"author":[{"embeddable":true,"href":"https:\/\/asoc-fulbright.es\/index.php?rest_route=\/wp\/v2\/users\/1"}],"replies":[{"embeddable":true,"href":"https:\/\/asoc-fulbright.es\/index.php?rest_route=%2Fwp%2Fv2%2Fcomments&post=40"}],"version-history":[{"count":19,"href":"https:\/\/asoc-fulbright.es\/index.php?rest_route=\/wp\/v2\/pages\/40\/revisions"}],"predecessor-version":[{"id":4834,"href":"https:\/\/asoc-fulbright.es\/index.php?rest_route=\/wp\/v2\/pages\/40\/revisions\/4834"}],"up":[{"embeddable":true,"href":"https:\/\/asoc-fulbright.es\/index.php?rest_route=\/wp\/v2\/pages\/330"}],"wp:attachment":[{"href":"https:\/\/asoc-fulbright.es\/index.php?rest_route=%2Fwp%2Fv2%2Fmedia&parent=40"}],"curies":[{"name":"wp","href":"https:\/\/api.w.org\/{rel}","templated":true}]}}