{"id":3985,"date":"2017-06-06T18:54:12","date_gmt":"2017-06-06T17:54:12","guid":{"rendered":"http:\/\/asoc-fulbright.es\/?page_id=3985"},"modified":"2022-03-07T09:15:56","modified_gmt":"2022-03-07T08:15:56","slug":"patrocinadores-de-la-beca-en-2016","status":"publish","type":"page","link":"https:\/\/asoc-fulbright.es\/?page_id=3985","title":{"rendered":"Patrocinadores de la Beca en 2016"},"content":{"rendered":"<table width=\"300\">\n<tbody>\n<tr>\n<td colspan=\"2\" width=\"150\">\n<h3>INSTITUCIONAL<\/h3>\n<\/td>\n<\/tr>\n<tr>\n<td>Angel y Elizabeth<\/td>\n<td>Cabrera<\/td>\n<\/tr>\n<tr>\n<td><\/td>\n<td><\/td>\n<\/tr>\n<tr>\n<td>\n<h3>ORO<\/h3>\n<\/td>\n<td><\/td>\n<\/tr>\n<tr>\n<td>Mar\u00eda Antonia<\/td>\n<td>Ballesteros<\/td>\n<\/tr>\n<tr>\n<td>Juan<\/td>\n<td>D\u00edaz-Andreu<\/td>\n<\/tr>\n<tr>\n<td>Antonio<\/td>\n<td>\u00a0Fern\u00e1ndez Anta<\/td>\n<\/tr>\n<tr>\n<td>Elena<\/td>\n<td>Foster<\/td>\n<\/tr>\n<tr>\n<td>Angel<\/td>\n<td>Gavieiro<\/td>\n<\/tr>\n<tr>\n<td>F\u00e9lix<\/td>\n<td>Guardia<\/td>\n<\/tr>\n<tr>\n<td>Francisco Jos\u00e9<\/td>\n<td>Guill\u00e9n<\/td>\n<\/tr>\n<tr>\n<td>Fernando<\/td>\n<td>Igart\u00faa<\/td>\n<\/tr>\n<tr>\n<td>Bel\u00e9n<\/td>\n<td>\u00a0Llera<\/td>\n<\/tr>\n<tr>\n<td>Alberto<\/td>\n<td>L\u00f3pez San Miguel<\/td>\n<\/tr>\n<tr>\n<td>Beatriz<\/td>\n<td>\u00a0Puente<\/td>\n<\/tr>\n<tr>\n<td>Jos\u00e9 Javier<\/td>\n<td>Rodr\u00edguez Alcaide<\/td>\n<\/tr>\n<tr>\n<td>Luis<\/td>\n<td>Rodr\u00edguez Ovejero<\/td>\n<\/tr>\n<tr>\n<td>Pedro<\/td>\n<td>Su\u00e1rez<\/td>\n<\/tr>\n<tr>\n<td>Fernando<\/td>\n<td>Tom\u00e9<\/td>\n<\/tr>\n<tr>\n<td>Anonimo 797<\/td>\n<td><\/td>\n<\/tr>\n<tr>\n<td>Ignacio<\/td>\n<td>Umbert<\/td>\n<\/tr>\n<tr>\n<td>Nicol\u00e1s<\/td>\n<td>Vill\u00e9n<\/td>\n<\/tr>\n<tr>\n<td><\/td>\n<td><\/td>\n<\/tr>\n<tr>\n<td><\/td>\n<td><\/td>\n<\/tr>\n<tr>\n<td>\n<h3>PLATA<\/h3>\n<\/td>\n<td><\/td>\n<\/tr>\n<tr>\n<td>Rafael<\/td>\n<td>Alonso<\/td>\n<\/tr>\n<tr>\n<td>Angel<\/td>\n<td>\u00c1lvarez<\/td>\n<\/tr>\n<tr>\n<td>Teresa<\/td>\n<td>Bajo Molina<\/td>\n<\/tr>\n<tr>\n<td>Miguel<\/td>\n<td>Beltr\u00e1n<\/td>\n<\/tr>\n<tr>\n<td>Ram\u00f3n<\/td>\n<td>Blanco<\/td>\n<\/tr>\n<tr>\n<td>Pedro<\/td>\n<td>Cordero<\/td>\n<\/tr>\n<tr>\n<td>Alexandre<\/td>\n<td>Esteban<\/td>\n<\/tr>\n<tr>\n<td>Mar\u00eda Jes\u00fas<\/td>\n<td>Fuente<\/td>\n<\/tr>\n<tr>\n<td>Guillermo<\/td>\n<td>Gallego<\/td>\n<\/tr>\n<tr>\n<td>Miguel A<\/td>\n<td>Hern\u00e1n<\/td>\n<\/tr>\n<tr>\n<td>Pilar<\/td>\n<td>Manzano<\/td>\n<\/tr>\n<tr>\n<td>An\u00f3nimo<\/td>\n<td><\/td>\n<\/tr>\n<tr>\n<td>Mar\u00eda Cristina<\/td>\n<td>Mazon<\/td>\n<\/tr>\n<tr>\n<td>Olalla<\/td>\n<td>Novoa<\/td>\n<\/tr>\n<tr>\n<td>Jos\u00e9 Manuel<\/td>\n<td>Pardo<\/td>\n<\/tr>\n<tr>\n<td>Eduardo<\/td>\n<td>\u00a0P\u00e9rez<\/td>\n<\/tr>\n<tr>\n<td>Bel\u00e9n<\/td>\n<td>Pueyo-Ib\u00e1\u00f1ez<\/td>\n<\/tr>\n<tr>\n<td>Joan<\/td>\n<td>Ricart<\/td>\n<\/tr>\n<tr>\n<td>&#8211;<\/td>\n<td>&#8211;<\/td>\n<\/tr>\n<tr>\n<td>Mario<\/td>\n<td>Tafalla<\/td>\n<\/tr>\n<tr>\n<td><\/td>\n<td><\/td>\n<\/tr>\n<tr>\n<td>\n<h3>BRONCE<\/h3>\n<\/td>\n<td><\/td>\n<\/tr>\n<tr>\n<td>Teresa<\/td>\n<td>Cantero<\/td>\n<\/tr>\n<tr>\n<td>Eleuterio<\/td>\n<td>Vallelado<\/td>\n<\/tr>\n<tr>\n<td>\n<h3>Total patrocinadores<\/h3>\n<\/td>\n<td>\n<h3>41<\/h3>\n<\/td>\n<\/tr>\n<\/tbody>\n<\/table>\n","protected":false},"excerpt":{"rendered":"<p>INSTITUCIONAL Angel y Elizabeth Cabrera ORO Mar\u00eda Antonia Ballesteros Juan D\u00edaz-Andreu Antonio \u00a0Fern\u00e1ndez Anta Elena Foster Angel Gavieiro F\u00e9lix Guardia Francisco Jos\u00e9 Guill\u00e9n Fernando Igart\u00faa Bel\u00e9n \u00a0Llera Alberto L\u00f3pez San Miguel Beatriz \u00a0Puente Jos\u00e9 Javier Rodr\u00edguez Alcaide Luis Rodr\u00edguez Ovejero Pedro Su\u00e1rez Fernando Tom\u00e9 Anonimo 797 Ignacio Umbert Nicol\u00e1s Vill\u00e9n PLATA Rafael Alonso Angel \u00c1lvarez [&hellip;]<\/p>\n","protected":false},"author":9,"featured_media":0,"parent":316,"menu_order":0,"comment_status":"closed","ping_status":"closed","template":"","meta":{"ngg_post_thumbnail":0,"footnotes":""},"class_list":["post-3985","page","type-page","status-publish","hentry"],"_links":{"self":[{"href":"https:\/\/asoc-fulbright.es\/index.php?rest_route=\/wp\/v2\/pages\/3985","targetHints":{"allow":["GET"]}}],"collection":[{"href":"https:\/\/asoc-fulbright.es\/index.php?rest_route=\/wp\/v2\/pages"}],"about":[{"href":"https:\/\/asoc-fulbright.es\/index.php?rest_route=\/wp\/v2\/types\/page"}],"author":[{"embeddable":true,"href":"https:\/\/asoc-fulbright.es\/index.php?rest_route=\/wp\/v2\/users\/9"}],"replies":[{"embeddable":true,"href":"https:\/\/asoc-fulbright.es\/index.php?rest_route=%2Fwp%2Fv2%2Fcomments&post=3985"}],"version-history":[{"count":14,"href":"https:\/\/asoc-fulbright.es\/index.php?rest_route=\/wp\/v2\/pages\/3985\/revisions"}],"predecessor-version":[{"id":5075,"href":"https:\/\/asoc-fulbright.es\/index.php?rest_route=\/wp\/v2\/pages\/3985\/revisions\/5075"}],"up":[{"embeddable":true,"href":"https:\/\/asoc-fulbright.es\/index.php?rest_route=\/wp\/v2\/pages\/316"}],"wp:attachment":[{"href":"https:\/\/asoc-fulbright.es\/index.php?rest_route=%2Fwp%2Fv2%2Fmedia&parent=3985"}],"curies":[{"name":"wp","href":"https:\/\/api.w.org\/{rel}","templated":true}]}}