{"id":369,"date":"2009-03-05T16:33:43","date_gmt":"2009-03-05T15:33:43","guid":{"rendered":"http:\/\/beta.asoc-fulbright.es\/?page_id=369"},"modified":"2025-05-10T11:25:05","modified_gmt":"2025-05-10T10:25:05","slug":"cenas-de-la-asociacion","status":"publish","type":"page","link":"https:\/\/asoc-fulbright.es\/?page_id=369","title":{"rendered":"Cenas de la Asociaci\u00f3n"},"content":{"rendered":"<div class=\"plain\">\n<p>Todos los a\u00f1os la Asociaci\u00f3n realiza varias cenas que sirven para reunir a todos los socios y en la que se realizan diferentes actividades, como presentaci\u00f3n de becarios fulbright espa\u00f1oles reci\u00e9n regresados a Espa\u00f1a o becarios fulbright americanos que est\u00e1n realizando estudios en Espa\u00f1a. Normalmente se realiza una cena en Verano y otra en Navidad. Pincha <a href=\"https:\/\/asoc-fulbright.es\/?cat=90\">AQU\u00cd<\/a> para encontrar informaci\u00f3n sobre estas cenas que se realizan regularmente.<\/p>\n<\/div>\n","protected":false},"excerpt":{"rendered":"<p>Todos los a\u00f1os la Asociaci\u00f3n realiza varias cenas que sirven para reunir a todos los socios y en la que se realizan diferentes actividades, como presentaci\u00f3n de becarios fulbright espa\u00f1oles reci\u00e9n regresados a Espa\u00f1a o becarios fulbright americanos que est\u00e1n realizando estudios en Espa\u00f1a. Normalmente se realiza una cena en Verano y otra en Navidad. [&hellip;]<\/p>\n","protected":false},"author":1,"featured_media":0,"parent":330,"menu_order":0,"comment_status":"open","ping_status":"open","template":"","meta":{"ngg_post_thumbnail":0,"footnotes":""},"class_list":["post-369","page","type-page","status-publish","hentry"],"_links":{"self":[{"href":"https:\/\/asoc-fulbright.es\/index.php?rest_route=\/wp\/v2\/pages\/369","targetHints":{"allow":["GET"]}}],"collection":[{"href":"https:\/\/asoc-fulbright.es\/index.php?rest_route=\/wp\/v2\/pages"}],"about":[{"href":"https:\/\/asoc-fulbright.es\/index.php?rest_route=\/wp\/v2\/types\/page"}],"author":[{"embeddable":true,"href":"https:\/\/asoc-fulbright.es\/index.php?rest_route=\/wp\/v2\/users\/1"}],"replies":[{"embeddable":true,"href":"https:\/\/asoc-fulbright.es\/index.php?rest_route=%2Fwp%2Fv2%2Fcomments&post=369"}],"version-history":[{"count":12,"href":"https:\/\/asoc-fulbright.es\/index.php?rest_route=\/wp\/v2\/pages\/369\/revisions"}],"predecessor-version":[{"id":5635,"href":"https:\/\/asoc-fulbright.es\/index.php?rest_route=\/wp\/v2\/pages\/369\/revisions\/5635"}],"up":[{"embeddable":true,"href":"https:\/\/asoc-fulbright.es\/index.php?rest_route=\/wp\/v2\/pages\/330"}],"wp:attachment":[{"href":"https:\/\/asoc-fulbright.es\/index.php?rest_route=%2Fwp%2Fv2%2Fmedia&parent=369"}],"curies":[{"name":"wp","href":"https:\/\/api.w.org\/{rel}","templated":true}]}}