{"id":3674,"date":"2015-07-01T17:40:41","date_gmt":"2015-07-01T16:40:41","guid":{"rendered":"http:\/\/asoc-fulbright.es\/?page_id=3674"},"modified":"2015-07-01T18:13:07","modified_gmt":"2015-07-01T17:13:07","slug":"patrocinadores-de-la-beca-en-2014","status":"publish","type":"page","link":"https:\/\/asoc-fulbright.es\/?page_id=3674","title":{"rendered":"Patrocinadores de la Beca en 2014"},"content":{"rendered":"<h3>Patrocinadores Institucionales<\/h3>\n<p>Angel y Elizabeth Cabrera<\/p>\n<h3>Patrocinadores Oro<\/h3>\n<p>Juan D\u00edaz-Andreu<br \/>\nAntonio Fern\u00e1ndez Anta<br \/>\nAngel Gavieiro<br \/>\nFundaci\u00f3n INNAXIS<br \/>\nAlberto L\u00f3pez San Miguel<br \/>\nLorenzo Rodr\u00edguez Dur\u00e1ntez<br \/>\nLuis Rodr\u00edguez Ovejero<br \/>\nIgnacio Umbert<br \/>\nNicol\u00e1s Vill\u00e9n<\/p>\n<h3>Patrocinadores Plata<\/h3>\n<p>Angel \u00c1lvarez<br \/>\nMiguel Angel Hern\u00e1n<br \/>\nEva Hern\u00e1ndez<br \/>\nMar\u00eda Jes\u00fas Ledesma<br \/>\nPilar Manzano<br \/>\nJose Antonio Mart\u00edn<br \/>\nJos\u00e9 Manuel Pardo<br \/>\nEduardo P\u00e9rez<br \/>\nPedro Prieto Folgueira<br \/>\nMario Tafalla<\/p>\n<h3>Patrocinadores Bronce<\/h3>\n<p>Carmen L\u00f3pez Escribano<\/p>\n<h3>Otros Patrocinios<\/h3>\n<p>Venta de Cava Asociaci\u00f3n<br \/>\nVenta de Vino Asociaci\u00f3n<\/p>\n","protected":false},"excerpt":{"rendered":"<p>Patrocinadores Institucionales Angel y Elizabeth Cabrera Patrocinadores Oro Juan D\u00edaz-Andreu Antonio Fern\u00e1ndez Anta Angel Gavieiro Fundaci\u00f3n INNAXIS Alberto L\u00f3pez San Miguel Lorenzo Rodr\u00edguez Dur\u00e1ntez Luis Rodr\u00edguez Ovejero Ignacio Umbert Nicol\u00e1s Vill\u00e9n Patrocinadores Plata Angel \u00c1lvarez Miguel Angel Hern\u00e1n Eva Hern\u00e1ndez Mar\u00eda Jes\u00fas Ledesma Pilar Manzano Jose Antonio Mart\u00edn Jos\u00e9 Manuel Pardo Eduardo P\u00e9rez Pedro Prieto [&hellip;]<\/p>\n","protected":false},"author":9,"featured_media":0,"parent":113,"menu_order":0,"comment_status":"open","ping_status":"open","template":"","meta":{"ngg_post_thumbnail":0,"footnotes":""},"class_list":["post-3674","page","type-page","status-publish","hentry"],"_links":{"self":[{"href":"https:\/\/asoc-fulbright.es\/index.php?rest_route=\/wp\/v2\/pages\/3674","targetHints":{"allow":["GET"]}}],"collection":[{"href":"https:\/\/asoc-fulbright.es\/index.php?rest_route=\/wp\/v2\/pages"}],"about":[{"href":"https:\/\/asoc-fulbright.es\/index.php?rest_route=\/wp\/v2\/types\/page"}],"author":[{"embeddable":true,"href":"https:\/\/asoc-fulbright.es\/index.php?rest_route=\/wp\/v2\/users\/9"}],"replies":[{"embeddable":true,"href":"https:\/\/asoc-fulbright.es\/index.php?rest_route=%2Fwp%2Fv2%2Fcomments&post=3674"}],"version-history":[{"count":2,"href":"https:\/\/asoc-fulbright.es\/index.php?rest_route=\/wp\/v2\/pages\/3674\/revisions"}],"predecessor-version":[{"id":3677,"href":"https:\/\/asoc-fulbright.es\/index.php?rest_route=\/wp\/v2\/pages\/3674\/revisions\/3677"}],"up":[{"embeddable":true,"href":"https:\/\/asoc-fulbright.es\/index.php?rest_route=\/wp\/v2\/pages\/113"}],"wp:attachment":[{"href":"https:\/\/asoc-fulbright.es\/index.php?rest_route=%2Fwp%2Fv2%2Fmedia&parent=3674"}],"curies":[{"name":"wp","href":"https:\/\/api.w.org\/{rel}","templated":true}]}}