{"id":347,"date":"2009-03-05T12:54:29","date_gmt":"2009-03-05T11:54:29","guid":{"rendered":"http:\/\/beta.asoc-fulbright.es\/?page_id=347"},"modified":"2009-03-11T18:30:58","modified_gmt":"2009-03-11T17:30:58","slug":"fotos","status":"publish","type":"page","link":"https:\/\/asoc-fulbright.es\/?page_id=347","title":{"rendered":"Fotos"},"content":{"rendered":"<p>En esta p\u00e1gina podr\u00e1s encontrar las galer\u00edas de fotos de los siguientes encuentros, ordenados cronol\u00f3gicamente:<\/p>\n<ul>\n<li><a href=\"\/?page_id=399\">Encuentro en Sahag\u00fan 2008<\/a><\/li>\n<li>Encuentro en Valencia 2005<\/li>\n<li>Beijing 2005<\/li>\n<li>Encuentro en Tangier 2003<\/li>\n<li><a href=\"\/?page_id=84\">Encuentro en Tenerife 2003<\/a><\/li>\n<li><a href=\"\/?page_id=88\">Encuentro en Sepulveda 2002<\/a><\/li>\n<li><a href=\"\/?page_id=92\">Encuentro en Palencia 2002<\/a><\/li>\n<li><a href=\"\/?page_id=96\">Encuentro en Andaluc\u00eda 2001<\/a><\/li>\n<li>Visita a la sede del Tribunal Supremo<\/li>\n<\/ul>\n","protected":false},"excerpt":{"rendered":"<p>En esta p\u00e1gina podr\u00e1s encontrar las galer\u00edas de fotos de los siguientes encuentros, ordenados cronol\u00f3gicamente: Encuentro en Sahag\u00fan 2008 Encuentro en Valencia 2005 Beijing 2005 Encuentro en Tangier 2003 Encuentro en Tenerife 2003 Encuentro en Sepulveda 2002 Encuentro en Palencia 2002 Encuentro en Andaluc\u00eda 2001 Visita a la sede del Tribunal Supremo<\/p>\n","protected":false},"author":1,"featured_media":0,"parent":330,"menu_order":0,"comment_status":"open","ping_status":"open","template":"","meta":{"ngg_post_thumbnail":0,"footnotes":""},"class_list":["post-347","page","type-page","status-publish","hentry"],"_links":{"self":[{"href":"https:\/\/asoc-fulbright.es\/index.php?rest_route=\/wp\/v2\/pages\/347","targetHints":{"allow":["GET"]}}],"collection":[{"href":"https:\/\/asoc-fulbright.es\/index.php?rest_route=\/wp\/v2\/pages"}],"about":[{"href":"https:\/\/asoc-fulbright.es\/index.php?rest_route=\/wp\/v2\/types\/page"}],"author":[{"embeddable":true,"href":"https:\/\/asoc-fulbright.es\/index.php?rest_route=\/wp\/v2\/users\/1"}],"replies":[{"embeddable":true,"href":"https:\/\/asoc-fulbright.es\/index.php?rest_route=%2Fwp%2Fv2%2Fcomments&post=347"}],"version-history":[{"count":4,"href":"https:\/\/asoc-fulbright.es\/index.php?rest_route=\/wp\/v2\/pages\/347\/revisions"}],"predecessor-version":[{"id":396,"href":"https:\/\/asoc-fulbright.es\/index.php?rest_route=\/wp\/v2\/pages\/347\/revisions\/396"}],"up":[{"embeddable":true,"href":"https:\/\/asoc-fulbright.es\/index.php?rest_route=\/wp\/v2\/pages\/330"}],"wp:attachment":[{"href":"https:\/\/asoc-fulbright.es\/index.php?rest_route=%2Fwp%2Fv2%2Fmedia&parent=347"}],"curies":[{"name":"wp","href":"https:\/\/api.w.org\/{rel}","templated":true}]}}