{"id":3360,"date":"2014-06-10T17:23:25","date_gmt":"2014-06-10T16:23:25","guid":{"rendered":"http:\/\/asoc-fulbright.es\/?page_id=3360"},"modified":"2014-06-10T17:23:25","modified_gmt":"2014-06-10T16:23:25","slug":"patrocinadores-de-la-beca-en-2013","status":"publish","type":"page","link":"https:\/\/asoc-fulbright.es\/?page_id=3360","title":{"rendered":"Patrocinadores de la Beca en 2013"},"content":{"rendered":"<h3>Patrocinadores Institucionales<\/h3>\n<p>Angel y Elizabeth Cabrera<\/p>\n<h3>Patrocinadores Oro<\/h3>\n<p>Juan D\u00edaz-Andreu<br \/>\nAngel Gavieiro<br \/>\nFundaci\u00f3n INNAXIS<br \/>\nAlberto L\u00f3pez San Miguel<br \/>\nLuis Rodr\u00edguez Ovejero<br \/>\nArjan Sundardas<br \/>\nNicol\u00e1s Vill\u00e9n<\/p>\n<h3>Patrocinadores Plata<\/h3>\n<p>Angel \u00c1lvarez<br \/>\nAntonio Fern\u00e1ndez Anta<br \/>\nMiguel Angel Hern\u00e1n<br \/>\nMiguel L\u00f3pez Quesada<br \/>\nPilar Manzano<br \/>\nJose Antonio Mart\u00edn<br \/>\nTrino Mayans<br \/>\nJos\u00e9 Manuel Pardo<br \/>\nEduardo P\u00e9rez<br \/>\nPedro Prieto Folgueira<br \/>\nMario Tafalla<br \/>\nFran Valma\u00f1a<\/p>\n<h3>Otros Patrocinios<\/h3>\n<p>Venta de Cava Asociaci\u00f3n<br \/>\nVenta de Vino Asociaci\u00f3n<\/p>\n","protected":false},"excerpt":{"rendered":"<p>Patrocinadores Institucionales Angel y Elizabeth Cabrera Patrocinadores Oro Juan D\u00edaz-Andreu Angel Gavieiro Fundaci\u00f3n INNAXIS Alberto L\u00f3pez San Miguel Luis Rodr\u00edguez Ovejero Arjan Sundardas Nicol\u00e1s Vill\u00e9n Patrocinadores Plata Angel \u00c1lvarez Antonio Fern\u00e1ndez Anta Miguel Angel Hern\u00e1n Miguel L\u00f3pez Quesada Pilar Manzano Jose Antonio Mart\u00edn Trino Mayans Jos\u00e9 Manuel Pardo Eduardo P\u00e9rez Pedro Prieto Folgueira Mario Tafalla [&hellip;]<\/p>\n","protected":false},"author":9,"featured_media":0,"parent":316,"menu_order":0,"comment_status":"open","ping_status":"open","template":"","meta":{"ngg_post_thumbnail":0,"footnotes":""},"class_list":["post-3360","page","type-page","status-publish","hentry"],"_links":{"self":[{"href":"https:\/\/asoc-fulbright.es\/index.php?rest_route=\/wp\/v2\/pages\/3360","targetHints":{"allow":["GET"]}}],"collection":[{"href":"https:\/\/asoc-fulbright.es\/index.php?rest_route=\/wp\/v2\/pages"}],"about":[{"href":"https:\/\/asoc-fulbright.es\/index.php?rest_route=\/wp\/v2\/types\/page"}],"author":[{"embeddable":true,"href":"https:\/\/asoc-fulbright.es\/index.php?rest_route=\/wp\/v2\/users\/9"}],"replies":[{"embeddable":true,"href":"https:\/\/asoc-fulbright.es\/index.php?rest_route=%2Fwp%2Fv2%2Fcomments&post=3360"}],"version-history":[{"count":1,"href":"https:\/\/asoc-fulbright.es\/index.php?rest_route=\/wp\/v2\/pages\/3360\/revisions"}],"predecessor-version":[{"id":3361,"href":"https:\/\/asoc-fulbright.es\/index.php?rest_route=\/wp\/v2\/pages\/3360\/revisions\/3361"}],"up":[{"embeddable":true,"href":"https:\/\/asoc-fulbright.es\/index.php?rest_route=\/wp\/v2\/pages\/316"}],"wp:attachment":[{"href":"https:\/\/asoc-fulbright.es\/index.php?rest_route=%2Fwp%2Fv2%2Fmedia&parent=3360"}],"curies":[{"name":"wp","href":"https:\/\/api.w.org\/{rel}","templated":true}]}}