{"id":316,"date":"2009-03-05T11:45:25","date_gmt":"2009-03-05T10:45:25","guid":{"rendered":"http:\/\/beta.asoc-fulbright.es\/?page_id=316"},"modified":"2025-12-05T17:48:35","modified_gmt":"2025-12-05T16:48:35","slug":"beca-asociacion","status":"publish","type":"page","link":"https:\/\/asoc-fulbright.es\/?page_id=316","title":{"rendered":"Beca"},"content":{"rendered":"\n<p>La Asociaci\u00f3n Fulbright es muy sensible a la promoci\u00f3n del talento y del desarrollo de oportunidades personales que proporciona el Programa de Becas Fulbright. Por todo ello, quiere agradecer y devolver a la Sociedad Fulbright el privilegio de haber obtenido una beca de este tipo. Consecuentemente, recauda anualmente dinero de todos los que son sensibles a esta iniciativa, ex-becarios y amigos, para aportar fondos para financiar una beca Fulbright. Adem\u00e1s de la venta de Vino Fulbright, Cava Fulbright y Aceite de Oliva Virgen Extra Fulbright, la Asociaci\u00f3n ha creado el&nbsp; Programa: \u00abPatrocinio Fulbright\u00bb. Los Patrocinadores Fulbright son m\u00e1s que socios de n\u00famero, pueden ser considerados \u00abSupersocios\u00bb o \u00abSocios de Honor\u00bb.<\/p>\n\n\n\n<h1 class=\"wp-block-heading\">Patrocinio Fulbright<\/h1>\n\n\n\n<p>Una importante forma de contribuir a los fondos de la Beca es la donaci\u00f3n individual de sus miembros y amigos. La lista de donantes se publica anualmente tanto en la WEB de la Asociaci\u00f3n (m\u00e1s abajo) como en la revista de la Asociaci\u00f3n: FULCRO. An\u00edmate a patrocinar las Becas de la Asociaci\u00f3n y contribuye as\u00ed a que otros puedan disfrutar de los beneficios de una estancia de ampliacion de estudios en EEUU. Efect\u00faa una transferencia a nombre de Asociaci\u00f3n J.William Fulbright, c\u00f3digo de Cuenta 3025 0003 92 1433245207, CAJA DE INGENIEROS, C\/ Mar\u00eda de Molina, 64, 28006 Madrid,&nbsp;Concepto de transferencia: Patrocinio Beca Asociaci\u00f3n y&nbsp; env\u00eda por favor este <a href=\"https:\/\/asoc-fulbright.es\/wp-content\/uploads\/2022\/12\/Inscripcion-para-patrocinadores-v11.pdf\">impreso<\/a> relleno a la direcci\u00f3n que aparece en el mismo. Si quieres domiciliaci\u00f3n, rellena y envia este otro <a href=\"https:\/\/asoc-fulbright.es\/wp-content\/uploads\/2022\/06\/Documento-domiciliacion-patrocinios-v5.pdf\">impreso<\/a><a href=\"https:\/\/asoc-fulbright.es\/?attachment_id=5250\">.<\/a><\/p>\n\n\n\n<p><\/p>\n\n\n\n<ul class=\"wp-block-list\">\n<li><a href=\"https:\/\/asoc-fulbright.es\/?page_id=5662\">Patrocinadores de la Beca en 2024<\/a><\/li>\n\n\n\n<li><a href=\"https:\/\/asoc-fulbright.es\/?page_id=5670\">Lista 20 mayores contribuidores a la beca 2005-2024<\/a><\/li>\n\n\n\n<li><a href=\"https:\/\/asoc-fulbright.es\/?page_id=5542\">Lista 20 mayores contribuidores a la beca 2005-2023<\/a><\/li>\n\n\n\n<li><a href=\"https:\/\/asoc-fulbright.es\/?page_id=5419\">Lista 20 mayores contribuidores a la beca 2005-2022<\/a><\/li>\n\n\n\n<li><a href=\"https:\/\/asoc-fulbright.es\/?page_id=4656\">Lista 20 mayores contribuidores a la beca 2005-2021<\/a><\/li>\n\n\n\n<li><a href=\"https:\/\/asoc-fulbright.es\/?page_id=5201\">Lista 20 mayores contribuidores a la beca 2005-2019<\/a><\/li>\n<\/ul>\n\n\n\n<div class=\"wp-block-group\"><div class=\"wp-block-group__inner-container is-layout-flow wp-block-group-is-layout-flow\">\n<figure class=\"wp-block-table is-style-stripes\"><table><tbody><tr><td><strong><span class=\"has-inline-color has-black-color\">Patrocinadores <\/span>de la Beca en<\/strong><\/td><td><\/td><td><\/td><td><\/td><td><\/td><td><\/td><td><\/td><td><\/td><td><\/td><td><\/td><td><\/td><\/tr><tr><td><strong>A\u00f1o<\/strong><\/td><td><a href=\"https:\/\/asoc-fulbright.es\/?page_id=4967\">2020<\/a><\/td><td><a href=\"https:\/\/asoc-fulbright.es\/?page_id=5146\">2021<\/a><\/td><td><a href=\"http:\/\/asoc-fulbright.es\/?page_id=5407(abre en una nueva pesta\u00f1a)\">2022<\/a><\/td><td><a href=\"https:\/\/asoc-fulbright.es\/?page_id=5532\">2023<\/a><\/td><td><\/td><td><\/td><td><\/td><td><\/td><td><\/td><td><\/td><\/tr><tr><td><strong>A\u00f1o<\/strong><\/td><td><a href=\"https:\/\/asoc-fulbright.es\/?page_id=4625\">2019<\/a><\/td><td><a href=\"https:\/\/asoc-fulbright.es\/?page_id=4259\">2018<\/a><\/td><td><a href=\"https:\/\/asoc-fulbright.es\/?page_id=4133\">2017<\/a><\/td><td><a href=\"https:\/\/asoc-fulbright.es\/?page_id=3985\">2016<\/a><\/td><td><a href=\"https:\/\/asoc-fulbright.es\/?page_id=3851\">2015<\/a><\/td><td><a href=\"https:\/\/asoc-fulbright.es\/?page_id=3674\">2014<\/a><\/td><td><a href=\"https:\/\/asoc-fulbright.es\/?page_id=3360\">2013<\/a><\/td><td><a href=\"https:\/\/asoc-fulbright.es\/?page_id=2962\">2012<\/a><\/td><td><a href=\"https:\/\/asoc-fulbright.es\/?page_id=2340\">2011<\/a><\/td><td><a href=\"https:\/\/asoc-fulbright.es\/?page_id=2177\">2010<\/a><\/td><\/tr><tr><td><strong>A\u00f1o<\/strong><\/td><td><a href=\"https:\/\/asoc-fulbright.es\/?page_id=1599\">2009<\/a><\/td><td><a href=\"\/?page_id=943\">2008<\/a><\/td><td><a href=\"http:\/\/asoc-fulbright.es\/?page_id=1298\">2007<\/a><\/td><td><a href=\"http:\/\/asoc-fulbright.es\/?page_id=1309\">2006<\/a><\/td><td><a href=\"http:\/\/asoc-fulbright.es\/?page_id=1317\">2005<\/a><\/td><td><\/td><td><\/td><td><\/td><td><\/td><td><\/td><\/tr><\/tbody><\/table><\/figure>\n\n\n\n<p><\/p>\n\n\n\n<p><br \/><a href=\"..\/?page_id=1313\">Patrocinadores de la Beca anteriores a&nbsp; 2005<\/a><\/p>\n\n\n\n<p><\/p>\n\n\n\n<h1 class=\"wp-block-heading\">Beca en 2025<\/h1>\n\n\n\n<p><\/p>\n\n\n\n<p>En el a\u00f1o 2025, la Beca Fulbright copatrocinada por la Asociaci\u00f3n ha sido concedida a Lola Molina Marzolini. <\/p>\n\n\n\n<p>Lola (<a href=\"https:\/\/asoc-fulbright.es\/wp-content\/uploads\/2025\/05\/foto-lola-marzolini.jpeg\">ver foto aqu\u00ed<\/a>) es Graduada en Bellas Artes y especializada en animaci\u00f3n (<a href=\"https:\/\/asoc-fulbright.es\/wp-content\/uploads\/2025\/05\/Cv-Lola-Molina-Marzolini-2024.pdf\">ver aqu\u00ed su curriculum<\/a>) y realizar\u00e1 estudios avanzados de animaci\u00f3n en alguna de las siguientes universidades seleccionadas son:<\/p>\n\n\n\n<ul class=\"wp-block-list\">\n<li>MA en Computer arts con concentraci\u00f3n en animaci\u00f3n en la Escuela de Artes Visuales de Nueva York<\/li>\n\n\n\n<li>Master of Fine Arts en el John C. Hench division of Animation and digital arts de la Universidad del Sur de California<\/li>\n\n\n\n<li>MA en Animation en la Savannah College of Art and design en Georgia<\/li>\n\n\n\n<li>MDesign con especializaci\u00f3n en animaci\u00f3n en la San Jos\u00e9 State University<\/li>\n<\/ul>\n\n\n\n<p>Pod\u00e9is ver el proyecto de trabajo de Lola <a href=\"https:\/\/asoc-fulbright.es\/wp-content\/uploads\/2025\/05\/Breve-descripcion-del-proyecto-Lola-Marzolini.pdf\">aqu\u00ed<\/a>.<\/p>\n\n\n\n<p>La Asociaci\u00f3n contribuye a la beca de Lola Molina con la cantidad de 25.184,9 euros recaudados en el a\u00f1o 2024.<\/p>\n\n\n\n<h1 class=\"wp-block-heading\">Beca en 2024<\/h1>\n\n\n\n<p>En el a\u00f1o 2024, la Beca Fulbright copatrocinada por la Asociaci\u00f3n ha sido concedida a H\u00e9ctor Ferrando G\u00f3mez. H\u00e9ctor desarrollar\u00e1 estudios de inmunolog\u00eda en la Universidad de Harvard.<\/p>\n\n\n\n<p>La Asociaci\u00f3n contribuye a la beca de H\u00e9ctor Ferrando con la cantidad de 27496,54 recaudados en el a\u00f1o 2023.<\/p>\n\n\n\n<p>Ver  una <a href=\"https:\/\/asoc-fulbright.es\/wp-content\/uploads\/2024\/06\/Foto-reciente.jpeg\">foto reciente de H\u00e9ctor<\/a>,  su curriculum vitae <a href=\"https:\/\/asoc-fulbright.es\/wp-content\/uploads\/2024\/06\/CV-Hector-Ferrando.pdf\" data-type=\"URL\">aqu\u00ed<\/a> as\u00ed como su <a href=\"https:\/\/asoc-fulbright.es\/wp-content\/uploads\/2024\/06\/Proyecto-Hector-Ferrando.pdf\">proyecto de estudios.<\/a><\/p>\n\n\n\n<p><\/p>\n\n\n\n<h1 class=\"wp-block-heading\">Beca en 2023<\/h1>\n\n\n\n<p>En el a\u00f1o 2023, la Beca Fulbright copatrocinada por la Asociaci\u00f3n ha sido concedida a Sara Selva Ortiz Medrano <a href=\"https:\/\/asoc-fulbright.es\/?attachment_id=5425\">(ver foto)<\/a>. Sara ha estudiado Derecho y Periodismo  en  la Universidad CEU San Pablo y  Media y Comunicaciones en Goldsmiths University London. Ver su <a href=\"https:\/\/asoc-fulbright.es\/wp-content\/uploads\/2023\/04\/Sara-Selva-CV-August-2022-3.pdf\">curriculum aqu\u00ed<\/a>.<\/p>\n\n\n\n<p>Estudiar\u00e1 en una de estas universidades : Columbia University-New York City,&nbsp;New York University o &nbsp;CUNY City College. Ver<a href=\"https:\/\/asoc-fulbright.es\/wp-content\/uploads\/2023\/04\/Proyecto-de-Investigacion-de-Sara-Selva.pdf\"> aqu\u00ed su proyecto<\/a> de estudio.<\/p>\n\n\n\n<p>La Asociaci\u00f3n ha contribu\u00eddo a la beca de Sara Selva con una cantidad de 13971 euros , recaudados en el a\u00f1o 2022.<\/p>\n\n\n\n<h1 class=\"wp-block-heading\">Beca en 2022<\/h1>\n\n\n\n<p>En el a\u00f1o 2022, la Beca Fulbright copatrocinada por la Asociaci\u00f3n ha sido concedida a Julia Gimbernat Mayol <a href=\"https:\/\/asoc-fulbright.es\/wp-content\/uploads\/2022\/05\/IMG_6806.jpg\">(ver foto)<\/a>.&nbsp; Julia ha cursado sus estudios universitarios en Bioingenier\u00eda Computacional en la universidad Imperial College de Londres, Inglaterra y va a formarse con un MBA en Bioinfomatics de MIT Sloan School y con el profesor Dimitris Bertsimas. Ver m\u00e1s informaci\u00f3n sobre su biograf\u00eda y curriculuen  en <a href=\"https:\/\/asoc-fulbright.es\/wp-content\/uploads\/2022\/05\/curriculum_vitae.pdf\">CV<\/a> y su proyecto <a href=\"https:\/\/asoc-fulbright.es\/wp-content\/uploads\/2022\/05\/proyecto.pdf\">de trabajo aqu\u00ed.<\/a> <\/p>\n\n\n\n<p>La Asociaci\u00f3n ha contribu\u00eddo a la beca de Julia Gimbernat con la cantidad de 18133 euros, recaudados en el a\u00f1o 2021.<\/p>\n\n\n\n<p>Podeis ver reciente <a href=\"https:\/\/asoc-fulbright.es\/?page_id=5226\">correspondencia recibida<\/a> de Julia Gimbernat<\/p>\n\n\n\n<p>Julia actualmente (Mayo 2022)  trabaja en Illumina, la empresa de gen\u00e9tica que ha llevado a cabo la secuenciaci\u00f3n del ADN, no solo humana, sino tambi\u00e9n del COVID y todas sus variantes durante el tiempo de la pandemia. Adem\u00e1s, este a\u00f1o ha podido contribuir al mundo de la gen\u00e9tica a trav\u00e9s de un estudio, en colaboraci\u00f3n con Stanford, que se publicar\u00e1 en Junio 2022 en Plos Computational Biology, (ver preprint en <a href=\"https:\/\/www.biorxiv.org\/content\/10.1101\/2021.11.28.470296v1\">https:\/\/www.biorxiv.org\/content\/10.1101\/2021.11.28.470296v1<\/a> ) El estudio detalla un nuevo m\u00e9todo para identificar la etnicidad gen\u00e9tica mixta humana y canina.<\/p>\n\n\n\n<p>Julia realiza tambi\u00e9n tareas de emprendimiento y junto con su equipo en Imperial College presentaron un proyecto y ganaron el primer premio de innovaci\u00f3n en inteligencia artificial y rob\u00f3tica (<a href=\"https:\/\/youtu.be\/1i9g2OgJpPs\">https:\/\/youtu.be\/1i9g2OgJpPs<\/a> <a href=\"https:\/\/youtu.be\/1i9g2OgJpPs\">&lt;https:\/\/youtu.be\/1i9g2OgJpPs<\/a>   ver presentaci\u00f3n a partir del minuto 28:30<\/p>\n<\/div><\/div>\n\n\n\n<h1 class=\"wp-block-heading\">Beca en 2021<\/h1>\n\n\n\n<p>En el a\u00f1o 2021, la Beca Fulbright copatrocinada por la Asociaci\u00f3n ha sido concedida a Rafael S\u00e1nchez Romero<a href=\"https:\/\/asoc-fulbright.es\/wp-content\/uploads\/2021\/01\/Rafael-Sanchez-scaled.jpg\"> (ver foto)<\/a>.&nbsp; Rafael va a formarse en el \u00e1rea de la Inteligencia Artificial (IA), concretamente el an\u00e1lisis de im\u00e1genes biom\u00e9dicas mediante t\u00e9cnicas de IA como las redes neuronales en alguna de estas Universidades: <span style=\"color: #0b5394; font-family: verdana, sans-serif;\">University of California, Los Angeles; University of Central Florida; University of Maryland, College Park; University of Southern California; y Stanford University. Uno de los problemas que pretende resolver el proyecto es la detecci\u00f3n temprana de Alzheimer.<\/span>&nbsp; Ver m\u00e1s informaci\u00f3n sobre su proyecto en <a href=\"https:\/\/asoc-fulbright.es\/wp-content\/uploads\/2021\/01\/Rafael-Sanchez-CV.pdf\">CV<\/a> y su proyecto de trabajo <a href=\"https:\/\/asoc-fulbright.es\/wp-content\/uploads\/2021\/01\/Rafael-Sanchez-Proyecto.pdf\">aqu\u00ed<\/a>.<\/p>\n\n\n\n<p>La Asociaci\u00f3n ha contribuido a la beca de Rafael S\u00e1nchez con la cantidad de 17693 euros recaudados en 2020.<\/p>\n\n\n\n<p>Tambi\u00e9n podeis ver reciente <a href=\"https:\/\/asoc-fulbright.es\/?page_id=5055\" target=\"_blank\" rel=\"noreferrer noopener\">correspondencia recibida<\/a> de Rafael S\u00e1nchez.<\/p>\n\n\n\n<h1 class=\"wp-block-heading\">Beca en 2020<\/h1>\n\n\n\n<p>En el a\u00f1o 2020, la Beca Fulbright copatrocinada por la Asociaci\u00f3n ha sido concedida a Pau Ruiz Guix <a href=\"https:\/\/asoc-fulbright.es\/wp-content\/uploads\/2020\/02\/Foto_Pau_Ruiz-scaled.jpg\">(ver foto)<\/a>.&nbsp; Pau va a formarse en Estudios Asi\u00e1ticos en Georgetown University, George Washington University o Columbia University complementando sus estudios de pol\u00edtica, derecho, econom\u00eda y cultura desde una perspectiva global como herramienta para comprender eventos transnacionales. Ver m\u00e1s informaci\u00f3n sobre su proyecto en&nbsp;<a href=\"https:\/\/asoc-fulbright.es\/wp-content\/uploads\/2020\/02\/CV-Pau-Ruiz-Guix.pdf\">CV<\/a> y su proyecto de trabajo <a href=\"https:\/\/asoc-fulbright.es\/wp-content\/uploads\/2020\/02\/Proyecto-Pau-Ruiz-Guix.pdf\">aqu\u00ed<\/a>.<\/p>\n\n\n\n<h1 class=\"wp-block-heading\">Beca en 2019<\/h1>\n\n\n\n<p>En el a\u00f1o 2019, la Beca Fulbright copatrocinada por la Asociaci\u00f3n ha sido concedida a Do\u00f1a Olivia Prior Palomares <a href=\"https:\/\/asoc-fulbright.es\/wp-content\/uploads\/2019\/07\/PriorOlivia_Foto.jpg\">(ver foto)<\/a>.&nbsp; Olivia va a hacer un M\u00e1ster de medicina traslacional en la Universidad de California en Berkeley y la Universidad de California en San Francisco. Ver m\u00e1s informaci\u00f3n sobre su <a href=\"https:\/\/asoc-fulbright.es\/wp-content\/uploads\/2020\/02\/PriorOlivia_CV_-version_2.pdf\">CV<\/a> y su proyecto de trabajo <a href=\"https:\/\/asoc-fulbright.es\/wp-content\/uploads\/2019\/07\/Resumen-Proyecto-USA.pdf\">aqu\u00ed<\/a>. Ver tambi\u00e9n una intervenci\u00f3n suya en v\u00eddeo <a href=\"https:\/\/youtu.be\/HoE0ZaWYVYI\">aqu\u00ed.<\/a><\/p>\n\n\n\n<h1 class=\"wp-block-heading\">Beca en 2018<\/h1>\n\n\n\n<p>En el a\u00f1o 2018, la Beca Fulbright copatrocinada por la Asociaci\u00f3n ha sido concedida a <a href=\"http:\/\/asoc-fulbright.es\/wp-content\/uploads\/2018\/07\/Foto-PalomaLantero.jpg\">Do\u00f1a Paloma Lantero (ver foto)<\/a>.&nbsp; Paloma trabaja en la pr\u00e1ctica de Derecho Europeo y de la Competencia. Es licenciada en Derecho por la Universidad de Oviedo y Master en Derecho de la Uni\u00f3n Europea por el Colegio de Brujas. Ver m\u00e1s informaci\u00f3n sobre su CV y su proyecto de trabajo<a href=\"http:\/\/asoc-fulbright.es\/?page_id=4188&amp;preview=true\"> aqu\u00ed<\/a>.<\/p>\n\n\n\n<h1 class=\"wp-block-heading\">Beca en 2016<\/h1>\n\n\n\n<p>En el a\u00f1o 2016, la Beca Fulbright copatrocinada por la Asociaci\u00f3n ha sido concedida a <a href=\"http:\/\/asoc-fulbright.es\/wp-content\/uploads\/2009\/03\/Foto-el-19-4-17-a-las-15.07-4.jpg\">Do\u00f1a Susana Constenla Villoslada (ver foto)<\/a>. Susana es una&nbsp; joven Ingeniera Agr\u00edcola que se ha hecho a s\u00ed misma y va a estudiar un Master en Econom\u00eda y Empresa aplicadas al sector agrario con el objetivo final es crear proyectos agr\u00edcolas innovadores en nuestro pa\u00eds . Vea el curriculum vitae de la becaria y su proyecto <a href=\"http:\/\/asoc-fulbright.es\/wp-content\/uploads\/2017\/03\/CVSusanaConstenla-Motivation-letter1.pdf\">aqu\u00ed.<\/a><\/p>\n\n\n\n<h1 class=\"wp-block-heading\">Beca en 2015<\/h1>\n\n\n\n<p>En el a\u00f1o 2015, la Beca Fulbright copatrocinada por&nbsp;a Asociaci\u00f3n ha sido concedida a D.F\u00e9lix Ardanaz Gonz\u00e1lez. F\u00e9lix Ardanaz es un joven pianista y director de orquesta superdotado. Vea el curriculum vitae del becario&nbsp; y su proyecto <a href=\"http:\/\/asoc-fulbright.es\/wp-content\/uploads\/2017\/09\/Biography-Felix-Ardanaz-conductor.pdf\">aqu\u00ed<\/a>.<\/p>\n\n\n\n<h1 class=\"wp-block-heading\">Beca en 2014<\/h1>\n\n\n\n<p>En el a\u00f1o 2014, la Beca Fulbright-Asociaci\u00f3n ha sido concedida a D. Alberto Alonso Arroyo. Vea el curriculum vitae del becario&nbsp; y su proyecto <a href=\"http:\/\/asoc-fulbright.es\/wp-content\/uploads\/2017\/09\/Alberto-Alonso-Arroyo-CV.pdf\">aqu<\/a>i.<\/p>\n\n\n\n<h1 class=\"wp-block-heading\">Beca en 2013<\/h1>\n\n\n\n<p>A partir de Marzo de 2013, la Beca de la Asociaci\u00f3n pasa a estar integrada en el Programa General de las<strong> Becas Fulbright<\/strong> (ver la <a href=\"http:\/\/fulbright.es\/convocatorias\/ver\/1390\/ampliacion-de-estudios\/2014-2015\">convocatoria<\/a> )La beca correspondiente al a\u00f1o 2013 ha sido adjudicada a D. Jaime Gonz\u00e1lez-Capitel Martorell. El curriculum vitae del becario se encuentra <a href=\"http:\/\/asoc-fulbright.es\/wp-content\/uploads\/2017\/09\/Jaime-Gonzalez-Capitel.pdf\">adjunto.<\/a><\/p>\n\n\n\n<h1 class=\"wp-block-heading\">Becas anteriores a 2013<\/h1>\n\n\n\n<p class=\"has-text-align-left\">Beca de la Asociaci\u00f3n J. William Fulbright para ampliaci\u00f3n de estudios de postgrado en los Estados Unidos a espa\u00f1oles.<\/p>\n\n\n\n<p class=\"has-text-align-left\">La Asociaci\u00f3n J. William Fulbright, cumpliendo con sus fines estatutarios y para favorecer el estudio, investigaci\u00f3n e intercambio cultural con EEUU (experiencia que todos sus miembros han experimentado), ofrece anualmente una ayuda a Doctores en unas \u00e1reas y Licenciados Superiores en otras para la ampliaci\u00f3n de estudios en centros de reconocido prestigio en los Estados Unidos. El nivel de estudios a realizar ser\u00e1 de iniciaci\u00f3n post-doctoral para los Doctores en Humanidades, Ciencias Sociales, Ciencias Biol\u00f3gicas y M\u00e9dicas, Ciencias Exactas y Ciencias Tecnol\u00f3gicas; y de especializaci\u00f3n no doctoral para los Licenciados Superiores en Bellas Artes, M\u00fasica, Danza, Arte Dram\u00e1tico y Conservaci\u00f3n y Restauraci\u00f3n de Bienes Culturales.<\/p>\n\n\n\n<p class=\"has-text-align-left\">La ayuda cubre hasta 12 meses de estancia y es compatible con otro tipo de ayudas.<\/p>\n\n\n\n<h1 class=\"wp-block-heading\"><strong>Convocatoria de beca a\u00f1o 2008<\/strong><\/h1>\n\n\n\n<p><a href=\"\/wp-content\/uploads\/2009\/03\/convocatoria08.pdf\">Bases de la Convocatoria<\/a><br \/><a href=\"http:\/\/asoc-fulbright.es\/?page_id=1231\">La beca ha sido adjudicada a Rodrigo Mart\u00ednez Monedero<\/a><br \/><a href=\"http:\/\/asoc-fulbright.es\/beca-de-la-asociacion\/proyecto-a-realizar-por-rodrigo\/\">Proyecto a realizar<\/a><br \/><a href=\"http:\/\/asoc-fulbright.es\/beca-asociacion\/cv-de-rodrigo-martinez-monedero\/\">CV de Rodrigo&nbsp; Mart\u00ednez Monedero<\/a><br \/><a href=\"http:\/\/asoc-fulbright.es\/beca-asociacion\/informe-final-del-trabajo-realizado-por-rodrigo-martinez-monedero\/\">Informe del trabajo final realizado<\/a><\/p>\n\n\n\n<h1 class=\"wp-block-heading\"><strong>Convocatoria de beca a\u00f1o 2006<\/strong><\/h1>\n\n\n\n<p><a href=\"\/wp-content\/uploads\/2009\/03\/convocatoria06.pdf\">Bases de la Convocatoria<\/a><br \/><a href=\"\/?page_id=1006\">La beca ha sido adjudicada a la Dra Sonsoles Valdivia Salas<\/a><\/p>\n\n\n\n<h1 class=\"wp-block-heading\"><strong>Convocatoria de beca a\u00f1o 2005<\/strong><\/h1>\n\n\n\n<p class=\"has-text-align-left\"><a href=\"\/wp-content\/uploads\/2009\/03\/convocatoria05.pdf\">Bases de la Convocatoria<\/a><br \/><a href=\"\/?page_id=1012\">La beca ha sido adjudicada a Dr. Sergi Elizalde<\/a><br \/><a href=\"http:\/\/asoc-fulbright.es\/wp-content\/uploads\/2009\/03\/informe_intermedio05.pdf\">Informe intermedio de progreso de la investigacion<\/a><br \/><a href=\"http:\/\/asoc-fulbright.es\/wp-content\/uploads\/2009\/03\/publicacion05.pdf\">Articulo aceptado para publicacion y realizado durante la estancia<\/a><br \/><a href=\"http:\/\/asoc-fulbright.es\/wp-content\/uploads\/2009\/03\/carta_aceptacion_articulo05.pdf\">Carta de aceptacion del articulo<\/a><br \/><a href=\"http:\/\/asoc-fulbright.es\/wp-content\/uploads\/2009\/03\/informe_final05.pdf\">Informe final del trabajo realizado<\/a><\/p>\n\n\n\n<h1 class=\"wp-block-heading\"><strong>Convocatoria de beca a\u00f1o 2004<\/strong><\/h1>\n\n\n\n<p class=\"has-text-align-left\"><a href=\"\/wp-content\/uploads\/2009\/03\/convocatoria04.pdf\">Bases de la Convocatoria<\/a><\/p>\n\n\n\n<p class=\"has-text-align-left\">La Asociaci\u00f3n, despu\u00e9s de examinar y evaluar las solicitudes presentadas en la Convocatoria de 2004 ha decidido dejar la convocatoria desierta.<\/p>\n\n\n\n<h1 class=\"wp-block-heading\"><strong>Convocatoria de beca a\u00f1o 2003<\/strong><\/h1>\n\n\n\n<p class=\"has-text-align-left\"><a href=\"\/wp-content\/uploads\/2009\/03\/convocatoria03.pdf\">Bases de la Convocatoria<\/a><br \/><a href=\"\/?page_id=1023\">La beca ha sido adjudicada a D. Antonio Jimeno Largo<\/a><br \/><a href=\"http:\/\/asoc-fulbright.es\/wp-content\/uploads\/2009\/03\/publicaciones_estancia_03.pdf\">Publicaciones realizadas durante la estancia<\/a><br \/><a href=\"http:\/\/asoc-fulbright.es\/wp-content\/uploads\/2009\/03\/informe_final03.pdf\">Informe Final<\/a><br \/><a href=\"\/?page_id=1029\">Situacion profesional actual de Antonio Jimeno<\/a><\/p>\n","protected":false},"excerpt":{"rendered":"<p>La Asociaci\u00f3n Fulbright es muy sensible a la promoci\u00f3n del talento y del desarrollo de oportunidades personales que proporciona el Programa de Becas Fulbright. Por todo ello, quiere agradecer y devolver a la Sociedad Fulbright el privilegio de haber obtenido una beca de este tipo. Consecuentemente, recauda anualmente dinero de todos los que son sensibles [&hellip;]<\/p>\n","protected":false},"author":9,"featured_media":0,"parent":0,"menu_order":6,"comment_status":"open","ping_status":"closed","template":"","meta":{"ngg_post_thumbnail":0,"footnotes":""},"class_list":["post-316","page","type-page","status-publish","hentry"],"_links":{"self":[{"href":"https:\/\/asoc-fulbright.es\/index.php?rest_route=\/wp\/v2\/pages\/316","targetHints":{"allow":["GET"]}}],"collection":[{"href":"https:\/\/asoc-fulbright.es\/index.php?rest_route=\/wp\/v2\/pages"}],"about":[{"href":"https:\/\/asoc-fulbright.es\/index.php?rest_route=\/wp\/v2\/types\/page"}],"author":[{"embeddable":true,"href":"https:\/\/asoc-fulbright.es\/index.php?rest_route=\/wp\/v2\/users\/9"}],"replies":[{"embeddable":true,"href":"https:\/\/asoc-fulbright.es\/index.php?rest_route=%2Fwp%2Fv2%2Fcomments&post=316"}],"version-history":[{"count":265,"href":"https:\/\/asoc-fulbright.es\/index.php?rest_route=\/wp\/v2\/pages\/316\/revisions"}],"predecessor-version":[{"id":5802,"href":"https:\/\/asoc-fulbright.es\/index.php?rest_route=\/wp\/v2\/pages\/316\/revisions\/5802"}],"wp:attachment":[{"href":"https:\/\/asoc-fulbright.es\/index.php?rest_route=%2Fwp%2Fv2%2Fmedia&parent=316"}],"curies":[{"name":"wp","href":"https:\/\/api.w.org\/{rel}","templated":true}]}}