{"id":309,"date":"2009-02-09T10:19:43","date_gmt":"2009-02-09T09:19:43","guid":{"rendered":"http:\/\/beta.asoc-fulbright.es\/?page_id=309"},"modified":"2010-02-01T11:51:20","modified_gmt":"2010-02-01T10:51:20","slug":"tertulia-fulbright-interpretacion-de-los-mapas-del-tiempo-o-por-que-nunca-entendemos-bien-lo-que-nos-cuentan-en-la-tele","status":"publish","type":"page","link":"https:\/\/asoc-fulbright.es\/?page_id=309","title":{"rendered":"Tertulia Fulbright: Interpretaci\u00f3n de los mapas del tiempo (o \u00abPor qu\u00e9 nunca entendemos bien lo que nos cuentan en la tele\u00bb )"},"content":{"rendered":"<p>Jos\u00e9 Ardao,<br \/>\nMeteor\u00f3logo. Instituto Nacional de Meteorolog\u00eda<br \/>\nmartes 4 de febrero de 1997<br \/>\nResumen por Angel Alvarez<\/p>\n<p>En su charla de ayer, Josechu Ardao abri\u00f3 con un gr\u00e1fico mostrando los frentes frio y c\u00e1lido asociados a una borrasca y qu\u00e9 informaci\u00f3n nos est\u00e1 proporcionando el mapa previsto que aparece en televisi\u00f3n: la precipitaci\u00f3n mansa y continua asociada a los frentes c\u00e1lidos (trazados en rojo y con semic\u00edrculos), sus d\u00edas grises y plomizos. C\u00f3mo tras su paso veremos subir las temperaturas y volveremos a ver el sol. Esto hasta que nos alcance el frente fr\u00edo (azul y con triangulitos), que vendr\u00e1 con precipitaciones intermitentes y en forma de chubascos, luego se abrir\u00e1 un claro y al rato volver\u00e1 la lluvia. Progresivamente estas sucesivas oleadas de nubes dejar\u00e1n de producir precipitaci\u00f3n y ser\u00e1n m\u00e1s altas seg\u00fan se aleja el frente. Tras su paso veremos despejar el cielo, bajar las temperaturas y mejorar considerablemente la visibilidad. Con frecuencia veremos los frentes acompa\u00f1ados de vientos fuertes, que adem\u00e1s cambiar\u00e1n de direcci\u00f3n con el paso del frente.<\/p>\n<p>A lo largo de hora y media, los alrededor de 20 asistentes a la tertulia pudimos aprender cosas tan variadas y \u00fatiles como que la lluvia en nuestras latitudes es siempre nieve derretida (y por eso cae siempre fr\u00eda), que el granizo no es m\u00e1s que hielo que ha querido bajar varias veces y se ha visto empujado de nuevo hacia arriba por el aire, construy\u00e9ndose as\u00ed una bola de capas superpuestas de hielo, que las nubes no tienen s\u00f3lo vapor de agua, sino adem\u00e1s microsc\u00f3picos cristalitos de hielo o gotitas de agua (\u00a1las gotas de lluvia son como un mill\u00f3n de veces mayores que \u00e9stas!), que la lluvia artificial est\u00e1 resuelta t\u00e9cnicamente pero se ha dejado de utilizar porque puede producir problemas mayores que los que resuelve (granizo, por ejemplo), etc.<\/p>\n<p>En las m\u00faltiples preguntas de los asistentes, se habl\u00f3 del calentamiento global, la capa de ozono, la poluci\u00f3n t\u00e9rmica y nuclear, las herramientas inform\u00e1ticas y modelos matem\u00e1ticos usados para la predicci\u00f3n del tiempo, y de multitud de otros asuntos relacionados y del m\u00e1ximo inter\u00e9s cient\u00edfico y social.<\/p>\n<p>Tanto si estuvisteis en la tertulia como si no estuvisteis, podeis utilizar la lista de distribuci\u00f3n para seguir \u00abconversando\u00bb sobre estos asuntos, en la seguridad de que Josechu, que tambi\u00e9n est\u00e1 en ella, \u00abmeter\u00e1 baza\u00bb si se le da la oportunidad \ud83d\ude42<\/p>\n","protected":false},"excerpt":{"rendered":"<p>Jos\u00e9 Ardao, Meteor\u00f3logo. Instituto Nacional de Meteorolog\u00eda martes 4 de febrero de 1997 Resumen por Angel Alvarez En su charla de ayer, Josechu Ardao abri\u00f3 con un gr\u00e1fico mostrando los frentes frio y c\u00e1lido asociados a una borrasca y qu\u00e9 informaci\u00f3n nos est\u00e1 proporcionando el mapa previsto que aparece en televisi\u00f3n: la precipitaci\u00f3n mansa y [&hellip;]<\/p>\n","protected":false},"author":1,"featured_media":0,"parent":715,"menu_order":0,"comment_status":"open","ping_status":"open","template":"","meta":{"ngg_post_thumbnail":0,"footnotes":""},"class_list":["post-309","page","type-page","status-publish","hentry"],"_links":{"self":[{"href":"https:\/\/asoc-fulbright.es\/index.php?rest_route=\/wp\/v2\/pages\/309","targetHints":{"allow":["GET"]}}],"collection":[{"href":"https:\/\/asoc-fulbright.es\/index.php?rest_route=\/wp\/v2\/pages"}],"about":[{"href":"https:\/\/asoc-fulbright.es\/index.php?rest_route=\/wp\/v2\/types\/page"}],"author":[{"embeddable":true,"href":"https:\/\/asoc-fulbright.es\/index.php?rest_route=\/wp\/v2\/users\/1"}],"replies":[{"embeddable":true,"href":"https:\/\/asoc-fulbright.es\/index.php?rest_route=%2Fwp%2Fv2%2Fcomments&post=309"}],"version-history":[{"count":2,"href":"https:\/\/asoc-fulbright.es\/index.php?rest_route=\/wp\/v2\/pages\/309\/revisions"}],"predecessor-version":[{"id":1579,"href":"https:\/\/asoc-fulbright.es\/index.php?rest_route=\/wp\/v2\/pages\/309\/revisions\/1579"}],"up":[{"embeddable":true,"href":"https:\/\/asoc-fulbright.es\/index.php?rest_route=\/wp\/v2\/pages\/715"}],"wp:attachment":[{"href":"https:\/\/asoc-fulbright.es\/index.php?rest_route=%2Fwp%2Fv2%2Fmedia&parent=309"}],"curies":[{"name":"wp","href":"https:\/\/api.w.org\/{rel}","templated":true}]}}