{"id":304,"date":"2009-02-09T10:18:34","date_gmt":"2009-02-09T09:18:34","guid":{"rendered":"http:\/\/beta.asoc-fulbright.es\/?page_id=304"},"modified":"2010-02-01T11:50:10","modified_gmt":"2010-02-01T10:50:10","slug":"tertulia-fulbright-la-perspectiva-nacional-e-internacional-en-investigacion-y-desarrollo","status":"publish","type":"page","link":"https:\/\/asoc-fulbright.es\/?page_id=304","title":{"rendered":"Tertulia Fulbright: La perspectiva Nacional e Internacional en Investigaci\u00f3n y Desarrollo"},"content":{"rendered":"<p>D. Gonzalo Le\u00f3n Serrano,<br \/>\nVicesecretario del Plan Nacional de Investigaci\u00f3n y Desarrollo<br \/>\nmartes 6 de Mayo de 1997<br \/>\nResumen por Angel Alvarez<\/p>\n<p>Ante una concurrida audiencia &#8212; unas 30 personas; no en vano la comunidad Fulbright tiene una gran presencia cient\u00edfica &#8212; el Sr. Le\u00f3n present\u00f3 una serie de cuadros, gr\u00e1ficos y cifras que explicaban en detalle la situaci\u00f3n macroecon\u00f3mica de la investigaci\u00f3n y desarrollo, tanto en nuestro pa\u00eds, como en Europa.<\/p>\n<p>Espa\u00f1a invierte anualmente en I+D del orden del 0,9 por ciento de su PIB, es decir, del orden de medio bill\u00f3n de pta, mientras que los pa\u00edses industriales europeos gastan m\u00e1s del 2 por ciento, y algunos se acercan al 3 (caso de Alemania, por ejemplo), o incluso lo esperan superar en los pr\u00f3ximos a\u00f1os (caso de Finlandia).<\/p>\n<p>Del medio bill\u00f3n de pta que invertimos anualmente en I+D, algo menos de la mitad corresponde al sector privado y el resto al sector p\u00fablico. Esta es una relaci\u00f3n inversa de la que se d\u00e1 en el contexto internacional, que se ha acentuado en Espa\u00f1a recientemente. Esto es, como hubo ocasi\u00f3n de comprobar con otras cifras adicionales, simplemente una de las muestras de la debilidad de nuestro tejido industrial.<\/p>\n<p>Dentro de la inversi\u00f3n p\u00edblica en I+D, los tres ministerios que m\u00e1s invierten son, y en ese orden, Industria (del orden de un tercio del total), Defensa (del orden de un cuarto del total) y Educaci\u00f3n. El Plan Nacional de Investigaci\u00f3n, del que el contertulio de honor es Vicesecretario, s\u00f3lo gestiona el 8,8 por ciento de los recursos p\u00fablicos, es decir, del orden de 20 millardos de pta anuales. Frente a esas cifras, el retorno anual del cuarto programa marco europeo de investigaci\u00f3n es actualmente tambi\u00e9n del orden de 20 millardos anuales, y los programas europeos de fondos estructurales (FEDER y FSE) suponen cifras a\u00fan mayores. Estos fondos estructurales son tambi\u00e9n gestionados por el Plan Nacional y van dirigidos a lo que en el argot comunitario se denominan \u00abregiones objetivos 1 y 2\u00bb.<\/p>\n<p>Actualmente se est\u00e1 definiendo el quinto programa marco europeo de investigaci\u00f3n, con un presupuesto cuatrienal de unos dos billones de pta. Se espera que nuestro pa\u00eds tenga un retorno de algo m\u00e1s del 6 por ciento en ese plan, y muy cercano a la cantidad que aportamos a Bruselas, lo que supone una cifra anual de unos 30 millardos de pta, es decir, del orden de un 50 por ciento m\u00e1s que el presupuesto del Plan Nacional. Ahora bien, hay que tener en cuenta que de esos fondos comunitarios la cantidad m\u00e1s importante va destinada a las empresas, lo que no es el caso del Plan Nacional. En cualquier caso, el quinto programa marco europeo concentrar\u00e1 sus esfuerzos en un n\u00famero de \u00e1reas a\u00fan m\u00e1s peque\u00f1o que los anteriores. Concretamente, en tres: Ecosistemas y organismos vivos, Sociedad de la Informaci\u00f3n y Crecimiento competitivo y sostenible.<\/p>\n<p>Como novedad de inter\u00e9s para nuestra comunidad hispanoestadounidense, el Sr. Le\u00f3n nos anunci\u00f3 que en el pr\u00f3ximo mes de Octubre se har\u00e1 la convocatoria de un peque\u00f1o programa nacional (unos 500 millones de pta para tres a\u00f1os en total) de ayudas para comunicaci\u00f3n y coordinacion de proyectos de investigaci\u00f3n espa\u00f1oles (que ya est\u00e9n en curso, muy importante esto) y estadounidenses.<\/p>\n","protected":false},"excerpt":{"rendered":"<p>D. Gonzalo Le\u00f3n Serrano, Vicesecretario del Plan Nacional de Investigaci\u00f3n y Desarrollo martes 6 de Mayo de 1997 Resumen por Angel Alvarez Ante una concurrida audiencia &#8212; unas 30 personas; no en vano la comunidad Fulbright tiene una gran presencia cient\u00edfica &#8212; el Sr. Le\u00f3n present\u00f3 una serie de cuadros, gr\u00e1ficos y cifras que explicaban [&hellip;]<\/p>\n","protected":false},"author":1,"featured_media":0,"parent":715,"menu_order":0,"comment_status":"open","ping_status":"open","template":"","meta":{"ngg_post_thumbnail":0,"footnotes":""},"class_list":["post-304","page","type-page","status-publish","hentry"],"_links":{"self":[{"href":"https:\/\/asoc-fulbright.es\/index.php?rest_route=\/wp\/v2\/pages\/304","targetHints":{"allow":["GET"]}}],"collection":[{"href":"https:\/\/asoc-fulbright.es\/index.php?rest_route=\/wp\/v2\/pages"}],"about":[{"href":"https:\/\/asoc-fulbright.es\/index.php?rest_route=\/wp\/v2\/types\/page"}],"author":[{"embeddable":true,"href":"https:\/\/asoc-fulbright.es\/index.php?rest_route=\/wp\/v2\/users\/1"}],"replies":[{"embeddable":true,"href":"https:\/\/asoc-fulbright.es\/index.php?rest_route=%2Fwp%2Fv2%2Fcomments&post=304"}],"version-history":[{"count":3,"href":"https:\/\/asoc-fulbright.es\/index.php?rest_route=\/wp\/v2\/pages\/304\/revisions"}],"predecessor-version":[{"id":1577,"href":"https:\/\/asoc-fulbright.es\/index.php?rest_route=\/wp\/v2\/pages\/304\/revisions\/1577"}],"up":[{"embeddable":true,"href":"https:\/\/asoc-fulbright.es\/index.php?rest_route=\/wp\/v2\/pages\/715"}],"wp:attachment":[{"href":"https:\/\/asoc-fulbright.es\/index.php?rest_route=%2Fwp%2Fv2%2Fmedia&parent=304"}],"curies":[{"name":"wp","href":"https:\/\/api.w.org\/{rel}","templated":true}]}}