{"id":302,"date":"2009-02-09T10:17:45","date_gmt":"2009-02-09T09:17:45","guid":{"rendered":"http:\/\/beta.asoc-fulbright.es\/?page_id=302"},"modified":"2010-02-01T11:49:32","modified_gmt":"2010-02-01T10:49:32","slug":"tertulia-fulbright-los-manuscritos-del-mar-muerto","status":"publish","type":"page","link":"https:\/\/asoc-fulbright.es\/?page_id=302","title":{"rendered":"Tertulia Fulbright: Los Manuscritos del Mar Muerto"},"content":{"rendered":"<p>D. Florentino Garc\u00eda Mart\u00ednez,<br \/>\nDirector del Qumran Instituut,<br \/>\nUniversidad de Groningen (Holanda)<br \/>\nMartes, 2 de septiembre de 1997<br \/>\nResumen por Mariano G\u00f3mez<\/p>\n<p>Como sacada de una novela de aventuras es la historia de los descubrimientos de los Manuscritos del Mar Muerto, una historia en la que participan anticuarios, obispos sirios, arque\u00f3logos y beduinos, cada uno queriendo sacar provecho del que se considera el descubrimiento m\u00e1s importante de manuscritos de todos los tiempos.<\/p>\n<p>Entre 1947 y 1956, en las cuevas de la zona pr\u00f3xima al Mar Muerto llamada Qumr\u00e1n, fueron encontrados unos 850 manuscritos, la mayor parte de ellos en fragmentos (unos 40.000 aprox.).<\/p>\n<p>La fecha de composici\u00f3n de estos manuscritos abarca desde 300 a.C. hasta 68 d.C. y su contenido es el siguiente: textos del Antiguo Testamento, unos similares a los que nos han llegado en la Biblia hebrea, pero otros diferentes (30%); literatura jud\u00eda de estilo b\u00edblico que no entr\u00f3 a formar parte del canon jud\u00edo, incluidas las copias de libros que est\u00e1n en la Biblia cat\u00f3lica, pero no en la protestante ni en la jud\u00eda (25 %); oraciones y plegarias de car\u00e1cter po\u00e9tico (25%); y escritos propios del grupo sectario que viv\u00eda en Qumr\u00e1n y que reuni\u00f3 esta gran biblioteca (20%).<\/p>\n<p>En estos manuscritos los investigadores esperaban encontrar los or\u00edgenes del cristianismo y del juda\u00edsmo rab\u00ednico, incluso algunos han pensado que entre los fragmentos en griego de la cueva 7 hab\u00eda textos del evangelio de Marcos. No siempre se han podido confirmar las hip\u00f3tesis. Algunos de los textos encontrados demuestran que las ideas, expresiones y modelos literarios del Nuevo Testamento tienen una base jud\u00eda. Pero, sobre todo, los manuscritos de Qumr\u00e1n han confirmado la pluralidad de textos b\u00edblicos anterior a la fijaci\u00f3n del canon y la antig\u00fcedad del texto de la Biblia hebrea que hoy conocemos; tambi\u00e9n nos han dado a conocer c\u00f3mo era el modo de vida de los miembros del grupo que all\u00ed viv\u00eda, que se consideraban los \u00fanicos poseedores de la verdad y que pensaban que estaban viviendo el final de los tiempos.<\/p>\n<p>Hay textos que hablan sobre la pureza ritual de las mujeres, las relaciones sexuales y el matrimonio. En algunos de ellos se describe la sabidur\u00eda con connotaciones femeninas muy positivas.<\/p>\n<p>La autenticidad de los manuscritos se determina gracias a la cer\u00e1mica, el C-14, la paleograf\u00eda y las pruebas del ADN.<\/p>\n<p>Varios investigadores trabajan actualmente en diversos centros de investigaci\u00f3n en el mundo y entre ellos podemos encontrar a algunos espa\u00f1oles. <\/p>\n","protected":false},"excerpt":{"rendered":"<p>D. Florentino Garc\u00eda Mart\u00ednez, Director del Qumran Instituut, Universidad de Groningen (Holanda) Martes, 2 de septiembre de 1997 Resumen por Mariano G\u00f3mez Como sacada de una novela de aventuras es la historia de los descubrimientos de los Manuscritos del Mar Muerto, una historia en la que participan anticuarios, obispos sirios, arque\u00f3logos y beduinos, cada uno [&hellip;]<\/p>\n","protected":false},"author":1,"featured_media":0,"parent":715,"menu_order":0,"comment_status":"open","ping_status":"open","template":"","meta":{"ngg_post_thumbnail":0,"footnotes":""},"class_list":["post-302","page","type-page","status-publish","hentry"],"_links":{"self":[{"href":"https:\/\/asoc-fulbright.es\/index.php?rest_route=\/wp\/v2\/pages\/302","targetHints":{"allow":["GET"]}}],"collection":[{"href":"https:\/\/asoc-fulbright.es\/index.php?rest_route=\/wp\/v2\/pages"}],"about":[{"href":"https:\/\/asoc-fulbright.es\/index.php?rest_route=\/wp\/v2\/types\/page"}],"author":[{"embeddable":true,"href":"https:\/\/asoc-fulbright.es\/index.php?rest_route=\/wp\/v2\/users\/1"}],"replies":[{"embeddable":true,"href":"https:\/\/asoc-fulbright.es\/index.php?rest_route=%2Fwp%2Fv2%2Fcomments&post=302"}],"version-history":[{"count":2,"href":"https:\/\/asoc-fulbright.es\/index.php?rest_route=\/wp\/v2\/pages\/302\/revisions"}],"predecessor-version":[{"id":1576,"href":"https:\/\/asoc-fulbright.es\/index.php?rest_route=\/wp\/v2\/pages\/302\/revisions\/1576"}],"up":[{"embeddable":true,"href":"https:\/\/asoc-fulbright.es\/index.php?rest_route=\/wp\/v2\/pages\/715"}],"wp:attachment":[{"href":"https:\/\/asoc-fulbright.es\/index.php?rest_route=%2Fwp%2Fv2%2Fmedia&parent=302"}],"curies":[{"name":"wp","href":"https:\/\/api.w.org\/{rel}","templated":true}]}}