{"id":298,"date":"2009-02-09T10:16:11","date_gmt":"2009-02-09T09:16:11","guid":{"rendered":"http:\/\/beta.asoc-fulbright.es\/?page_id=298"},"modified":"2010-02-01T11:48:37","modified_gmt":"2010-02-01T10:48:37","slug":"tertulia-fulbright-cuentos-y-musica-un-idilio-permanente","status":"publish","type":"page","link":"https:\/\/asoc-fulbright.es\/?page_id=298","title":{"rendered":"Tertulia Fulbright: Cuentos y m\u00fasica: un idilio permanente"},"content":{"rendered":"<p>D. Fernando Palacios,<br \/>\nCompositor y pedagogo musical<br \/>\nmartes 5 de junio de 2001<br \/>\nResumen por Mariano G\u00f3mez Aranda<\/p>\n<p>Fernando Palacios, adem\u00e1s de ser compositor y pedagogo musical, es un excelente comunicador. En la tertulia del mes de junio nos habl\u00f3 del tema \u00abCuentos y m\u00fasica: un idilio permanente\u00bb. Igual que al compositor Prokofiev le encarg\u00f3 una profesora una obra musical para ni\u00f1os que luego ser\u00eda conocida como \u00abPedro y el lobo\u00bb, tambi\u00e9n a Fernando Palacios le encargaron una composici\u00f3n musical de similares caracter\u00edsticas. Naci\u00f3 as\u00ed hace unos diez a\u00f1os su obra \u00abLa mota de polvo\u00bb.<\/p>\n<p>Desde entonces, Fernando Palacios y la recientemente fallecida Carmen Santonja (de Vainica Doble) han compuesto una decena de unas aut\u00e9nticas obras de arte en las que se mezclan m\u00fasica cl\u00e1sica y cuentos. Pero no se trata de simples adaptaciones, sino de perfectas simbiosis entre m\u00fasica y narraci\u00f3n en las que las palabras suenan al mismo ritmo que las notas musicales y tienen la misma expresividad. El objetivo de este proyecto es atraer la atenci\u00f3n de los m\u00e1s peque\u00f1os por la m\u00fasica cl\u00e1sica.<\/p>\n<p>Este proyecto se inici\u00f3 con \u00abPeer Gynt\u00bb. Carmen Santonja convirti\u00f3 la obra de teatro de Ibsen en una narraci\u00f3n para adaptarla a la m\u00fasica que compuso Edvard Grieg. Tuvimos la oportunidad de escuchar algunos fragmentos en los que los trinos del oboe y la flauta se transforman en las risas de los p\u00e1jaros. Fascinante es la adaptaci\u00f3n de un acorde musical al texto con un juego de palabras enormemente sugerente para los ni\u00f1os: MI oreja SI est\u00e1 limpia como un SOL. Despu\u00e9s continuamos escuchando \u00abEl p\u00e1jaro de fuego\u00bb de Stravinsky, para el que Carmen Santonja escribi\u00f3 un cuento totalmente distinto del ballet que inspir\u00f3 al compositor ruso. En \u00e9l, el protagonista es asediado por \u00ablos malos\u00bb de la historia, como los defini\u00f3 Fernando, que aparecen reflejados en la m\u00fasica por los golpes de la orquesta. Otras obras similares son \u00abInsectos infectos\u00bb o \u00abEl sol borracho\u00bb, un cuento tradicional ruso.<\/p>\n<p>A continuaci\u00f3n nos habl\u00f3 Fernando de las dificultades para editar y distribuir estas obras, que se pueden conseguir a trav\u00e9s de Internet en la direcci\u00f3n http:\/\/www.agruparte.com\/agruparte\/conjagrup3.html . Tambi\u00e9n conversamos con \u00e9l sobre la pobre educaci\u00f3n musical que existe en nuestro pa\u00eds y las dificultades que tiene mucha gente para apreciar el valor de la m\u00fasica cl\u00e1sica.<\/p>\n","protected":false},"excerpt":{"rendered":"<p>D. Fernando Palacios, Compositor y pedagogo musical martes 5 de junio de 2001 Resumen por Mariano G\u00f3mez Aranda Fernando Palacios, adem\u00e1s de ser compositor y pedagogo musical, es un excelente comunicador. En la tertulia del mes de junio nos habl\u00f3 del tema \u00abCuentos y m\u00fasica: un idilio permanente\u00bb. Igual que al compositor Prokofiev le encarg\u00f3 [&hellip;]<\/p>\n","protected":false},"author":1,"featured_media":0,"parent":715,"menu_order":0,"comment_status":"open","ping_status":"open","template":"","meta":{"ngg_post_thumbnail":0,"footnotes":""},"class_list":["post-298","page","type-page","status-publish","hentry"],"_links":{"self":[{"href":"https:\/\/asoc-fulbright.es\/index.php?rest_route=\/wp\/v2\/pages\/298","targetHints":{"allow":["GET"]}}],"collection":[{"href":"https:\/\/asoc-fulbright.es\/index.php?rest_route=\/wp\/v2\/pages"}],"about":[{"href":"https:\/\/asoc-fulbright.es\/index.php?rest_route=\/wp\/v2\/types\/page"}],"author":[{"embeddable":true,"href":"https:\/\/asoc-fulbright.es\/index.php?rest_route=\/wp\/v2\/users\/1"}],"replies":[{"embeddable":true,"href":"https:\/\/asoc-fulbright.es\/index.php?rest_route=%2Fwp%2Fv2%2Fcomments&post=298"}],"version-history":[{"count":2,"href":"https:\/\/asoc-fulbright.es\/index.php?rest_route=\/wp\/v2\/pages\/298\/revisions"}],"predecessor-version":[{"id":1574,"href":"https:\/\/asoc-fulbright.es\/index.php?rest_route=\/wp\/v2\/pages\/298\/revisions\/1574"}],"up":[{"embeddable":true,"href":"https:\/\/asoc-fulbright.es\/index.php?rest_route=\/wp\/v2\/pages\/715"}],"wp:attachment":[{"href":"https:\/\/asoc-fulbright.es\/index.php?rest_route=%2Fwp%2Fv2%2Fmedia&parent=298"}],"curies":[{"name":"wp","href":"https:\/\/api.w.org\/{rel}","templated":true}]}}