{"id":2962,"date":"2013-03-15T18:24:57","date_gmt":"2013-03-15T17:24:57","guid":{"rendered":"http:\/\/asoc-fulbright.es\/?page_id=2962"},"modified":"2013-03-15T18:24:57","modified_gmt":"2013-03-15T17:24:57","slug":"patrocinadores-de-la-beca-en-2012","status":"publish","type":"page","link":"https:\/\/asoc-fulbright.es\/?page_id=2962","title":{"rendered":"Patrocinadores de la Beca en 2012"},"content":{"rendered":"<h3>Patrocinadores Oro<\/h3>\n<p>Gloria del Campo<br \/>\nJuan D\u00edaz-Andreu<br \/>\nAngel y Elizabeth Cabrera<br \/>\nFundaci\u00f3n INNAXIS<br \/>\nAlberto L\u00f3pez San Miguel<br \/>\nBeatriz Puente<br \/>\nLuis Rodr\u00edguez Ovejero<br \/>\nArjan Sundardas<\/p>\n<h3>Patrocinadores Plata<\/h3>\n<p>Angel \u00c1lvarez<br \/>\nAntonio Fern\u00e1ndez Anta<br \/>\nAngel Gavieiro<br \/>\nPilar G\u00f3mez Fabra<br \/>\nPilar Manzano<br \/>\nJose Antonio Mart\u00edn<br \/>\nJos\u00e9 Manuel Pardo<br \/>\nEduardo P\u00e9rez<br \/>\nPedro Prieto Folgueira<br \/>\nFran Valma\u00f1a<\/p>\n<h3>Patrocinadores Bronce<\/h3>\n<p>Olga Gil<br \/>\nLuis Andr\u00e9s Santos<\/p>\n<h3>Otros Patrocinios<\/h3>\n<p>Venta de Cava Asociaci\u00f3n<br \/>\nVenta de Vino Asociaci\u00f3n<\/p>\n","protected":false},"excerpt":{"rendered":"<p>Patrocinadores Oro Gloria del Campo Juan D\u00edaz-Andreu Angel y Elizabeth Cabrera Fundaci\u00f3n INNAXIS Alberto L\u00f3pez San Miguel Beatriz Puente Luis Rodr\u00edguez Ovejero Arjan Sundardas Patrocinadores Plata Angel \u00c1lvarez Antonio Fern\u00e1ndez Anta Angel Gavieiro Pilar G\u00f3mez Fabra Pilar Manzano Jose Antonio Mart\u00edn Jos\u00e9 Manuel Pardo Eduardo P\u00e9rez Pedro Prieto Folgueira Fran Valma\u00f1a Patrocinadores Bronce Olga Gil [&hellip;]<\/p>\n","protected":false},"author":9,"featured_media":0,"parent":316,"menu_order":0,"comment_status":"open","ping_status":"open","template":"","meta":{"ngg_post_thumbnail":0,"footnotes":""},"class_list":["post-2962","page","type-page","status-publish","hentry"],"_links":{"self":[{"href":"https:\/\/asoc-fulbright.es\/index.php?rest_route=\/wp\/v2\/pages\/2962","targetHints":{"allow":["GET"]}}],"collection":[{"href":"https:\/\/asoc-fulbright.es\/index.php?rest_route=\/wp\/v2\/pages"}],"about":[{"href":"https:\/\/asoc-fulbright.es\/index.php?rest_route=\/wp\/v2\/types\/page"}],"author":[{"embeddable":true,"href":"https:\/\/asoc-fulbright.es\/index.php?rest_route=\/wp\/v2\/users\/9"}],"replies":[{"embeddable":true,"href":"https:\/\/asoc-fulbright.es\/index.php?rest_route=%2Fwp%2Fv2%2Fcomments&post=2962"}],"version-history":[{"count":3,"href":"https:\/\/asoc-fulbright.es\/index.php?rest_route=\/wp\/v2\/pages\/2962\/revisions"}],"predecessor-version":[{"id":2965,"href":"https:\/\/asoc-fulbright.es\/index.php?rest_route=\/wp\/v2\/pages\/2962\/revisions\/2965"}],"up":[{"embeddable":true,"href":"https:\/\/asoc-fulbright.es\/index.php?rest_route=\/wp\/v2\/pages\/316"}],"wp:attachment":[{"href":"https:\/\/asoc-fulbright.es\/index.php?rest_route=%2Fwp%2Fv2%2Fmedia&parent=2962"}],"curies":[{"name":"wp","href":"https:\/\/api.w.org\/{rel}","templated":true}]}}