{"id":296,"date":"2009-02-09T10:15:28","date_gmt":"2009-02-09T09:15:28","guid":{"rendered":"http:\/\/beta.asoc-fulbright.es\/?page_id=296"},"modified":"2010-02-01T11:48:10","modified_gmt":"2010-02-01T10:48:10","slug":"tertulia-fulbright-el-islamismo-radical-desafio-y-respuestas","status":"publish","type":"page","link":"https:\/\/asoc-fulbright.es\/?page_id=296","title":{"rendered":"Tertulia Fulbright: El Islamismo radical: desaf\u00edo y respuestas"},"content":{"rendered":"<p>Carlos Echeverr\u00eda,<br \/>\nProfesor asociado de Relaciones Internacionales en la UNED<br \/>\nmartes 2 de octubre de 2001<br \/>\nResumen por Amparo Balaguer<\/p>\n<p>La lucha de Bin Laden no es por los palestinos, su objetivo va mucho m\u00e1s all\u00e1\u00bb, afirm\u00f3 Carlos Echeverr\u00eda.\u00bb Es eliminar Israel y Arafat, al que ve como un ap\u00f3stata\u00bb. Seg\u00fan Echevarr\u00eda, se trata de \u00abun mesianismo que escapa a miserias nacionales y regionales. Una guerra contra infieles y ap\u00f3statas\u00bb.<\/p>\n<p>Para este experto en temas de defensa, el choque de civilizaciones no se puede aplicar a la situaci\u00f3n actual y quienes, desde una posici\u00f3n c\u00f3moda, as\u00ed lo afirman, \u00abest\u00e1n haciendo mucho da\u00f1o\u00bb. \u00abLos comentarios acerca de si Occidente hubiera debido intervenir antes en la cuesti\u00f3n palestina, no son de recibo\u00bb, dijo. \u00abSon una forma de aberraci\u00f3n como otra y s\u00f3lo contribuyen a alimentar la maquinaria terrorista\u00bb.<\/p>\n<p>Echeverr\u00eda sostuvo que se han escrito muchas barbaridades. Las m\u00e1s dolorosas s\u00f3lo pretenden criticar y no comprenden la esencia \u00faltima de Bin Laden. \u00abLa actitud maniquea\u00bb, afirm\u00f3, \u00abes mala tanto por parte de Bin Laden como por la nuestra\u00bb. \u00abLo que hay que hacer es lograr que las sociedades maduren y el buen gobierno se haga realidad\u00bb.<\/p>\n<p>Tambi\u00e9n mantuvo que se trata de un terrorismo nuevo, cuyas ra\u00edces son complejas. Que, con el paso del tiempo, los movimientos isl\u00e1micos radicales han ido evolucionando hacia el internacionalismo y que su f\u00edn \u00faltimo no es otro que \u00abromper las fronteras impuestas por el occidentalismo y buscar el martirio, eliminando a falsos imp\u00edos y a quienes les rodean\u00bb. \u00abEs una visi\u00f3n que no ofrece alternativas, que no tiene nada que conseguir. Lo que hace el combate completamente distinto\u00bb, explic\u00f3.<\/p>\n<p>Respecto a la inmolaci\u00f3n, dijo que en la organizaci\u00f3n cl\u00e1sica no ha existido. \u00abEs un desaf\u00edo que ha sorprendido a quienes no quer\u00edan darse cuenta\u00bb, y ya tuvo precedentes en el atentado a las torres gemelas de 1993 o en diciembre de 1994, cuando una falange de la Matanza de Argel quiso estrellar un avi\u00f3n en el centro de Par\u00eds. \u00abLos \u00faltimos atentados\u00bb, afirm\u00f3, \u00absimbolizan el poder opresivo e infiel a eliminar. Las torres gemelas son el poder pol\u00edtico; el Pent\u00e1gono, el militar\u00bb.<\/p>\n<p>Como autor de diversos libros, Echeverr\u00eda se\u00f1al\u00f3 que el Islam y el orbe musulm\u00e1n abarcan hoy 1.200 millones de personas frente a los 220 millones del mundo \u00e1rabe, y que por las tendencias demogr\u00e1ficas actuales se trata de una religi\u00f3n en crecimiento. \u00abLa foto ser\u00e1 cada vez m\u00e1s asi\u00e1tica, en lugar de \u00e1rabe\u00bb, predijo. Y quiso destacar la importancia del mundo \u00e1rabe en ser elegido por el profeta para transmitir su religi\u00f3n, a la vez que faro iluminador cultural; de Egipto surgi\u00f3 el Movimiento Social de los Hermanos Musulmanes, copiado por otros.<\/p>\n<p>Tambi\u00e9n subray\u00f3 que, en su momento, el triunfo del Ayatollah Jomeini revolucion\u00f3 las relaciones internacionales y el mundo de los analistas. \u00c9sta fue la primera secta del Islam que consigui\u00f3 el poder pol\u00edtico en Ir\u00e1n y anim\u00f3 a otros movimientos de los a\u00f1os 80, \u00abque se sucedieron a velocidad de crucero\u00bb. \u00abPara quienes no les conocemos son la amenaza del siglo XXI\u00bb, dijo. \u00abVen\u00edan actuando desde tiempo atr\u00e1s en comunidades pol\u00edticas, haciendo mucho da\u00f1o. Y ahora han surgido a partir de una serie de procesos que han tomado derroteros distintos en cada estado\u00bb. E insisti\u00f3 en que \u00abjam\u00e1s hay que generalizar. Los acontecimientos requieren una explicaci\u00f3n profunda\u00bb.<\/p>\n<p>Finalmente, a\u00f1adi\u00f3 que la revoluci\u00f3n de Ir\u00e1n, la derrota de Afganist\u00e1n y el fin de la Guerra Fr\u00eda \u00abconfiguran un momento complejo y resbaladizo que permiti\u00f3 a estos grupos ser conscientes de su poder e influencia\u00bb. De Argelia, \u00abpa\u00eds laboratorio\u00bb, dijo que es quien m\u00e1s sangre ha puesto en manos de organizaciones radicales y donde mejor se estudia el fen\u00f3meno; de Libia destac\u00f3 haber sufrido el islamismo radical en gran medida, lo que constituy\u00f3 un problema muy serio a mediados de los 90. \u00abPero la gran contradicci\u00f3n de esta historia, tan triste, es que el islamismo radical haya sido alimentado por los mismos reg\u00edmenes que ahora lo est\u00e1n combatiendo\u00bb, dijo.<\/p>\n","protected":false},"excerpt":{"rendered":"<p>Carlos Echeverr\u00eda, Profesor asociado de Relaciones Internacionales en la UNED martes 2 de octubre de 2001 Resumen por Amparo Balaguer La lucha de Bin Laden no es por los palestinos, su objetivo va mucho m\u00e1s all\u00e1\u00bb, afirm\u00f3 Carlos Echeverr\u00eda.\u00bb Es eliminar Israel y Arafat, al que ve como un ap\u00f3stata\u00bb. Seg\u00fan Echevarr\u00eda, se trata de [&hellip;]<\/p>\n","protected":false},"author":1,"featured_media":0,"parent":715,"menu_order":0,"comment_status":"open","ping_status":"open","template":"","meta":{"ngg_post_thumbnail":0,"footnotes":""},"class_list":["post-296","page","type-page","status-publish","hentry"],"_links":{"self":[{"href":"https:\/\/asoc-fulbright.es\/index.php?rest_route=\/wp\/v2\/pages\/296","targetHints":{"allow":["GET"]}}],"collection":[{"href":"https:\/\/asoc-fulbright.es\/index.php?rest_route=\/wp\/v2\/pages"}],"about":[{"href":"https:\/\/asoc-fulbright.es\/index.php?rest_route=\/wp\/v2\/types\/page"}],"author":[{"embeddable":true,"href":"https:\/\/asoc-fulbright.es\/index.php?rest_route=\/wp\/v2\/users\/1"}],"replies":[{"embeddable":true,"href":"https:\/\/asoc-fulbright.es\/index.php?rest_route=%2Fwp%2Fv2%2Fcomments&post=296"}],"version-history":[{"count":2,"href":"https:\/\/asoc-fulbright.es\/index.php?rest_route=\/wp\/v2\/pages\/296\/revisions"}],"predecessor-version":[{"id":1573,"href":"https:\/\/asoc-fulbright.es\/index.php?rest_route=\/wp\/v2\/pages\/296\/revisions\/1573"}],"up":[{"embeddable":true,"href":"https:\/\/asoc-fulbright.es\/index.php?rest_route=\/wp\/v2\/pages\/715"}],"wp:attachment":[{"href":"https:\/\/asoc-fulbright.es\/index.php?rest_route=%2Fwp%2Fv2%2Fmedia&parent=296"}],"curies":[{"name":"wp","href":"https:\/\/api.w.org\/{rel}","templated":true}]}}