{"id":290,"date":"2009-02-09T10:13:23","date_gmt":"2009-02-09T09:13:23","guid":{"rendered":"http:\/\/beta.asoc-fulbright.es\/?page_id=290"},"modified":"2010-02-01T11:46:36","modified_gmt":"2010-02-01T10:46:36","slug":"tertulia-fulbright-genoma-humano-la-medicina-del-siglo-xxi","status":"publish","type":"page","link":"https:\/\/asoc-fulbright.es\/?page_id=290","title":{"rendered":"Tertulia Fulbright: Genoma Humano: La medicina del siglo XXI"},"content":{"rendered":"<p>Feliciano J. Ramos Fuentes,<br \/>\nProfesor Titular del Departamento de Pediatr\u00eda de la Facultad de Medicina en la Universidad de Zaragoza<br \/>\nmartes 5 de febrero de 2002<br \/>\nResumen por Amparo Balaguer<\/p>\n<p>El Genoma Humano contribuir\u00e1 a una vida m\u00e1s feliz y ser\u00e1 una ayuda a las familias para curar enfermedades, pero no hemos de hacer nada que vaya en contra de nuestra naturaleza como seres humanos\u00bb, afirm\u00f3 Feliciano J.Ramos.<\/p>\n<p>Ramos dijo que los problemas \u00e9ticos son una parte muy importante ya que \u00abimplican procesos, modificar leyes, dar salida a problemas que salen a la luz del d\u00eda y situaciones de la vida jur\u00eddica que tienen que ver con la gen\u00e9tica \u00ab, y calific\u00f3 el genoma de \u00abtodo un reto para los profesionales, al que se tienen que adaptar, y un descubrimiento de gran repercusi\u00f3n para la sociedad\u00bb.<\/p>\n<p>Investigador en gen\u00e9tica, Ramos defini\u00f3 el Genoma Humano como \u00abmaterial gen\u00e9tico organizado y empaquetado en los cromosomas de un individuo\u00bb y destac\u00f3 su relevancia en detectar mutaciones responsables de enfermedades y en realizar el diagn\u00f3stico prenatal. \u00abNo podremos hacer ni\u00f1os a la carta pero el ADN mover\u00e1 nuestras vidas, de forma significativa, en malformaciones y enfermedades ligadas al cromosoma X\u00bb, dijo. \u00abEl estudio y la aplicaci\u00f3n gen\u00e9tica resulta fundamental a la hora de conocer si se tiene una determinada enfermedad y en el asesoramiento gen\u00e9tico; ayudar a una familia en cuanto a la enfermedad. Los m\u00e9dicos hemos de saber trasladar los avances a un lenguaje de ayuda pero respetando sus creencias\u00bb, a\u00f1adi\u00f3.<\/p>\n<p>Este asesoramiento gen\u00e9tico, se\u00f1al\u00f3, basado en informaci\u00f3n completa y actual, ha de ser comprensible, respetuoso, no dirigido y abierto a preguntas.<\/p>\n<p>A lo largo de su exposici\u00f3n el profesor Ramos se refiri\u00f3, igualmente, al estudio de las variaciones que nos hacen susceptibles a las enfermedades as\u00ed como a la relaci\u00f3n de determinados tipos de c\u00e1ncer con la gen\u00e9tica. E hizo un exhaustivo repaso a otros avances como la terapia g\u00e9nica, la farmacog\u00e9nica, la predisposici\u00f3n gen\u00e9tica o el chip gen\u00e9tico, que permitir\u00e1 saber si se tienen mutaciones graves de m\u00faltiples enfermedades.<\/p>\n<p>Ramos tambi\u00e9n aport\u00f3 datos in\u00e9ditos como que el cromosoma 46 fue descubierto en Zaragoza o que dos investigadores catalanes participaron en la secuenciaci\u00f3n del Genoma Humano. Y otros de especial inter\u00e9s como que el ADN mide dos metros; que 3.000 millones letras dan lugar al c\u00f3digo gen\u00e9tico; que contamos con 32.000 genes, aproximadamente, o que el descubrimiento de las \u00abtijeras biol\u00f3gicas\u00bb, en 1979, inici\u00f3 el conocimiento del Genoma Humano. \u00abSaber cortarlo y el pegamento biol\u00f3gico han permitido manipular el ADN\u00bb, dijo. \u00abCorta, segmenta y obtiene el c\u00f3digo de barras caracter\u00edstico de cada persona\u00bb, dijo.<\/p>\n","protected":false},"excerpt":{"rendered":"<p>Feliciano J. Ramos Fuentes, Profesor Titular del Departamento de Pediatr\u00eda de la Facultad de Medicina en la Universidad de Zaragoza martes 5 de febrero de 2002 Resumen por Amparo Balaguer El Genoma Humano contribuir\u00e1 a una vida m\u00e1s feliz y ser\u00e1 una ayuda a las familias para curar enfermedades, pero no hemos de hacer nada [&hellip;]<\/p>\n","protected":false},"author":1,"featured_media":0,"parent":715,"menu_order":0,"comment_status":"open","ping_status":"open","template":"","meta":{"ngg_post_thumbnail":0,"footnotes":""},"class_list":["post-290","page","type-page","status-publish","hentry"],"_links":{"self":[{"href":"https:\/\/asoc-fulbright.es\/index.php?rest_route=\/wp\/v2\/pages\/290","targetHints":{"allow":["GET"]}}],"collection":[{"href":"https:\/\/asoc-fulbright.es\/index.php?rest_route=\/wp\/v2\/pages"}],"about":[{"href":"https:\/\/asoc-fulbright.es\/index.php?rest_route=\/wp\/v2\/types\/page"}],"author":[{"embeddable":true,"href":"https:\/\/asoc-fulbright.es\/index.php?rest_route=\/wp\/v2\/users\/1"}],"replies":[{"embeddable":true,"href":"https:\/\/asoc-fulbright.es\/index.php?rest_route=%2Fwp%2Fv2%2Fcomments&post=290"}],"version-history":[{"count":2,"href":"https:\/\/asoc-fulbright.es\/index.php?rest_route=\/wp\/v2\/pages\/290\/revisions"}],"predecessor-version":[{"id":1570,"href":"https:\/\/asoc-fulbright.es\/index.php?rest_route=\/wp\/v2\/pages\/290\/revisions\/1570"}],"up":[{"embeddable":true,"href":"https:\/\/asoc-fulbright.es\/index.php?rest_route=\/wp\/v2\/pages\/715"}],"wp:attachment":[{"href":"https:\/\/asoc-fulbright.es\/index.php?rest_route=%2Fwp%2Fv2%2Fmedia&parent=290"}],"curies":[{"name":"wp","href":"https:\/\/api.w.org\/{rel}","templated":true}]}}